{"id":22103,"date":"2025-07-22T19:49:06","date_gmt":"2025-07-22T17:49:06","guid":{"rendered":"https:\/\/uj.adatbank.ro\/lexikon\/termek\/szentkiralyi-miklos-erszentkiralyi\/"},"modified":"2025-07-22T19:49:06","modified_gmt":"2025-07-22T17:49:06","slug":"szentkiralyi-miklos-erszentkiralyi","status":"publish","type":"product","link":"https:\/\/uj.adatbank.ro\/lexikon\/termek\/szentkiralyi-miklos-erszentkiralyi\/","title":{"rendered":"SZENTKIR\u00c1LYI Mikl\u00f3s, \u00e9rszentkir\u00e1lyi"},"content":{"rendered":"<p>Kocsord, 1943. m\u00e1j. 11.: okl. fest\u0151-restaur\u00e1tor m\u0171v\u00e9sz. \u2013 Sz\u00fclei ~ Gyula (1912\u201386), Bethlen \u00c9va (1920\u2013). A sz\u00fclei Kocsordra k\u00f6lt\u00f6ztek (1940. aug. ut\u00e1n), apja Kocsordon a Tisza-birtokon volt int\u00e9z\u0151 (1940\u201342), Bp. \u00e9lt\u00e9k \u00e1t a h\u00e1bor\u00fa borzalmait, visszat\u00e9rtek Mez\u0151pagocs\u00e1ra (1945\u201349), ekkor (1949. m\u00e1rc.) k\u00e9nyszerlakhelyre Mv.-re vitt\u00e9k a csal\u00e1dot. A m\u0171v\u00e9szeti iskola tanul\u00f3ja volt, amikor sz\u00e1rmaz\u00e1sa miatt eltiltott\u00e1k a tanul\u00e1st\u00f3l (1959), szakiskol\u00e1ban folytathatta a tanul\u00e1st, szakmunk\u00e1sk\u00e9nt v\u00e9gzett (1962\u201367), munk\u00e1t kapott az aut\u00f3jav\u00edt\u00f3 v\u00e1llalatn\u00e1l: karossz\u00e9rialakatos, aut\u00f3-villanyszerel\u0151, finommechanikai m\u0171szer\u00e9sz, kiv\u00e1l\u00f3 dolgoz\u00f3, k\u00e9tszeres \u00faj\u00edt\u00f3. Esti l\u00edceumban tov\u00e1bb tanult, \u00e9retts\u00e9gizett (1966). K\u00f6zben m\u0171v\u00e9szeti szakk\u00f6rbe j\u00e1rt Nagy P\u00e1l, Olariu Gheorghe, Bal\u00e1zs Imre fest\u0151m\u0171v\u00e9szek tan\u00edtott\u00e1k \u00e9s seg\u00edtett\u00e9k, hogy m\u0171v\u00e9szeti p\u00e1ly\u00e1ra ker\u00fclj\u00f6n. Katona volt. Kv.-on a Ion Andreescu K\u00e9pz\u0151m\u0171v\u00e9szeti Akad\u00e9mi\u00e1t v\u00e9gezte (1968\u201373), mestere Mikl\u00f3ssy G\u00e1bor. Bp.-en folytatta a m\u0171v\u00e9szeti p\u00e1ly\u00e1t, a Magyar K\u00e9pz\u0151m\u0171v\u00e9szeti Egyetem Restaur\u00e1tork\u00e9pz\u0151 Int\u00e9zet\u00e9ben (1974\u201377), mestere Varga Dezs\u0151. Okl. fest\u0151-restaur\u00e1tor m\u0171v\u00e9sz, a Magyar Nemzeti Gal\u00e9ria restaur\u00e1tora (1975\u201390), a Sz\u00e9pm\u0171v\u00e9szeti M\u00fazeum f\u0151restaur\u00e1tora, oszt\u00e1lyvezet\u0151 (1990\u2013). A K\u00e9pz\u0151- \u00e9s IPARM\u0170V\u00c9SZETI Sz\u00f6vets\u00e9g szakoszt\u00e1lytitk\u00e1ra, a Magyar Alkot\u00f3m\u0171v\u00e9szek Orsz\u00e1gos Egyes\u00fclet\u00e9nek eln\u00f6ks\u00e9gi tagja, a Magyar Restaur\u00e1tori Kamra alap\u00edt\u00f3 eln\u00f6ke. Munk\u00e1csy Mih\u00e1ly d\u00edjas Munk\u00e1csy restaur\u00e1tor, a Magyar K\u00f6zt\u00e1rsas\u00e1g Arany \u00c9rdemkereszt tulajdonosa. <br \/><strong>Irod.:<\/strong> Kornis.<\/br><\/p>\n","protected":false},"excerpt":{"rendered":"<p>Kocsord, 1943. m\u00e1j. 11.: okl. fest\u0151-restaur\u00e1tor m\u0171v\u00e9sz. \u2013 Sz\u00fclei ~ Gyula (1912\u201386), Bethlen \u00c9va (1920\u2013). A sz\u00fclei Kocsordra k\u00f6lt\u00f6ztek (1940. aug. ut\u00e1n), apja Kocsordon a Tisza-birtokon volt int\u00e9z\u0151 (1940\u201342), Bp. \u00e9lt\u00e9k \u00e1t a h\u00e1bor\u00fa borzalmait, visszat\u00e9rtek Mez\u0151pagocs\u00e1ra (1945\u201349), ekkor (1949. m\u00e1rc.) k\u00e9nyszerlakhelyre Mv.-re vitt\u00e9k a csal\u00e1dot. A m\u0171v\u00e9szeti iskola tanul\u00f3ja volt, amikor sz\u00e1rmaz\u00e1sa miatt eltiltott\u00e1k [&hellip;]<\/p>\n","protected":false},"featured_media":0,"comment_status":"open","ping_status":"closed","template":"","meta":[],"product_brand":[],"product_cat":[137],"product_tag":[],"class_list":{"0":"post-22103","1":"product","2":"type-product","3":"status-publish","5":"product_cat-maros-megyei-eletrajzi-lexikon","7":"first","8":"instock","9":"shipping-taxable","10":"product-type-simple"},"_links":{"self":[{"href":"https:\/\/uj.adatbank.ro\/lexikon\/wp-json\/wp\/v2\/product\/22103","targetHints":{"allow":["GET"]}}],"collection":[{"href":"https:\/\/uj.adatbank.ro\/lexikon\/wp-json\/wp\/v2\/product"}],"about":[{"href":"https:\/\/uj.adatbank.ro\/lexikon\/wp-json\/wp\/v2\/types\/product"}],"replies":[{"embeddable":true,"href":"https:\/\/uj.adatbank.ro\/lexikon\/wp-json\/wp\/v2\/comments?post=22103"}],"wp:attachment":[{"href":"https:\/\/uj.adatbank.ro\/lexikon\/wp-json\/wp\/v2\/media?parent=22103"}],"wp:term":[{"taxonomy":"product_brand","embeddable":true,"href":"https:\/\/uj.adatbank.ro\/lexikon\/wp-json\/wp\/v2\/product_brand?post=22103"},{"taxonomy":"product_cat","embeddable":true,"href":"https:\/\/uj.adatbank.ro\/lexikon\/wp-json\/wp\/v2\/product_cat?post=22103"},{"taxonomy":"product_tag","embeddable":true,"href":"https:\/\/uj.adatbank.ro\/lexikon\/wp-json\/wp\/v2\/product_tag?post=22103"}],"curies":[{"name":"wp","href":"https:\/\/api.w.org\/{rel}","templated":true}]}}