{"id":22107,"date":"2025-07-22T19:49:12","date_gmt":"2025-07-22T17:49:12","guid":{"rendered":"https:\/\/uj.adatbank.ro\/lexikon\/termek\/szentkiralyi-sandor\/"},"modified":"2025-07-22T19:49:12","modified_gmt":"2025-07-22T17:49:12","slug":"szentkiralyi-sandor","status":"publish","type":"product","link":"https:\/\/uj.adatbank.ro\/lexikon\/termek\/szentkiralyi-sandor\/","title":{"rendered":"SZENTKIR\u00c1LYI S\u00e1ndor"},"content":{"rendered":"<p>? \u2020?: ref. lelk\u00e9sz Mez\u0151madarason. \u2013 <strong>F. m.<\/strong>: Mez\u0151madaras \u00e9s az EMKE: Ny\u00edlt sz\u00f3 S\u00e1ndor J\u00f3zsef \u00farhoz az EMKE f\u0151titk\u00e1r\u00e1hoz (Mv., 1890). <br \/><strong>Irod.:<\/strong> F\u00fcl\u00f6p\u2013Ferencz.<\/br><\/p>\n","protected":false},"excerpt":{"rendered":"<p>? \u2020?: ref. lelk\u00e9sz Mez\u0151madarason. \u2013 F. m.: Mez\u0151madaras \u00e9s az EMKE: Ny\u00edlt sz\u00f3 S\u00e1ndor J\u00f3zsef \u00farhoz az EMKE f\u0151titk\u00e1r\u00e1hoz (Mv., 1890). Irod.: F\u00fcl\u00f6p\u2013Ferencz.<\/p>\n","protected":false},"featured_media":0,"comment_status":"open","ping_status":"closed","template":"","meta":[],"product_brand":[],"product_cat":[137],"product_tag":[],"class_list":{"0":"post-22107","1":"product","2":"type-product","3":"status-publish","5":"product_cat-maros-megyei-eletrajzi-lexikon","7":"first","8":"instock","9":"shipping-taxable","10":"product-type-simple"},"_links":{"self":[{"href":"https:\/\/uj.adatbank.ro\/lexikon\/wp-json\/wp\/v2\/product\/22107","targetHints":{"allow":["GET"]}}],"collection":[{"href":"https:\/\/uj.adatbank.ro\/lexikon\/wp-json\/wp\/v2\/product"}],"about":[{"href":"https:\/\/uj.adatbank.ro\/lexikon\/wp-json\/wp\/v2\/types\/product"}],"replies":[{"embeddable":true,"href":"https:\/\/uj.adatbank.ro\/lexikon\/wp-json\/wp\/v2\/comments?post=22107"}],"wp:attachment":[{"href":"https:\/\/uj.adatbank.ro\/lexikon\/wp-json\/wp\/v2\/media?parent=22107"}],"wp:term":[{"taxonomy":"product_brand","embeddable":true,"href":"https:\/\/uj.adatbank.ro\/lexikon\/wp-json\/wp\/v2\/product_brand?post=22107"},{"taxonomy":"product_cat","embeddable":true,"href":"https:\/\/uj.adatbank.ro\/lexikon\/wp-json\/wp\/v2\/product_cat?post=22107"},{"taxonomy":"product_tag","embeddable":true,"href":"https:\/\/uj.adatbank.ro\/lexikon\/wp-json\/wp\/v2\/product_tag?post=22107"}],"curies":[{"name":"wp","href":"https:\/\/api.w.org\/{rel}","templated":true}]}}