{"id":22109,"date":"2025-07-22T19:49:18","date_gmt":"2025-07-22T17:49:18","guid":{"rendered":"https:\/\/uj.adatbank.ro\/lexikon\/termek\/szentkiralyi-vago-pal-szentkiralyi-pal\/"},"modified":"2025-07-22T19:49:18","modified_gmt":"2025-07-22T17:49:18","slug":"szentkiralyi-vago-pal-szentkiralyi-pal","status":"publish","type":"product","link":"https:\/\/uj.adatbank.ro\/lexikon\/termek\/szentkiralyi-vago-pal-szentkiralyi-pal\/","title":{"rendered":"SZENTKIR\u00c1LYI V\u00c1G\u00d3 P\u00e1l, Szentkir\u00e1lyi P\u00e1l"},"content":{"rendered":"<p>? \u2020\u00a0Mikefalva, 1804.: ref. lelk\u00e9sz. \u2013 Nagyenyeden subscrib\u00e1lt (1764). Lelk\u00e9sz Maroscsap\u00f3n (1770\u201372), Mikefalv\u00e1n (1773\u201377, 1784\u20131804), Magyars\u00fclye (1777\u201383). <br \/><strong>Irod.:<\/strong> K\u00fck\u00fcll\u0151i Ref. Egyh\u00e1zm. 3., 4.<\/br><\/p>\n","protected":false},"excerpt":{"rendered":"<p>? \u2020\u00a0Mikefalva, 1804.: ref. lelk\u00e9sz. \u2013 Nagyenyeden subscrib\u00e1lt (1764). Lelk\u00e9sz Maroscsap\u00f3n (1770\u201372), Mikefalv\u00e1n (1773\u201377, 1784\u20131804), Magyars\u00fclye (1777\u201383). Irod.: K\u00fck\u00fcll\u0151i Ref. Egyh\u00e1zm. 3., 4.<\/p>\n","protected":false},"featured_media":0,"comment_status":"open","ping_status":"closed","template":"","meta":[],"product_brand":[],"product_cat":[137],"product_tag":[],"class_list":{"0":"post-22109","1":"product","2":"type-product","3":"status-publish","5":"product_cat-maros-megyei-eletrajzi-lexikon","7":"first","8":"instock","9":"shipping-taxable","10":"product-type-simple"},"_links":{"self":[{"href":"https:\/\/uj.adatbank.ro\/lexikon\/wp-json\/wp\/v2\/product\/22109","targetHints":{"allow":["GET"]}}],"collection":[{"href":"https:\/\/uj.adatbank.ro\/lexikon\/wp-json\/wp\/v2\/product"}],"about":[{"href":"https:\/\/uj.adatbank.ro\/lexikon\/wp-json\/wp\/v2\/types\/product"}],"replies":[{"embeddable":true,"href":"https:\/\/uj.adatbank.ro\/lexikon\/wp-json\/wp\/v2\/comments?post=22109"}],"wp:attachment":[{"href":"https:\/\/uj.adatbank.ro\/lexikon\/wp-json\/wp\/v2\/media?parent=22109"}],"wp:term":[{"taxonomy":"product_brand","embeddable":true,"href":"https:\/\/uj.adatbank.ro\/lexikon\/wp-json\/wp\/v2\/product_brand?post=22109"},{"taxonomy":"product_cat","embeddable":true,"href":"https:\/\/uj.adatbank.ro\/lexikon\/wp-json\/wp\/v2\/product_cat?post=22109"},{"taxonomy":"product_tag","embeddable":true,"href":"https:\/\/uj.adatbank.ro\/lexikon\/wp-json\/wp\/v2\/product_tag?post=22109"}],"curies":[{"name":"wp","href":"https:\/\/api.w.org\/{rel}","templated":true}]}}