{"id":2211,"date":"2025-06-28T12:07:07","date_gmt":"2025-06-28T10:07:07","guid":{"rendered":"https:\/\/uj.adatbank.ro\/lexikon\/termek\/banffy-polixenia-%c2%a7-br-no-br-kemeny-kalmanne\/"},"modified":"2025-06-28T12:07:07","modified_gmt":"2025-06-28T10:07:07","slug":"banffy-polixenia-%c2%a7-br-no-br-kemeny-kalmanne","status":"publish","type":"product","link":"https:\/\/uj.adatbank.ro\/lexikon\/termek\/banffy-polixenia-%c2%a7-br-no-br-kemeny-kalmanne\/","title":{"rendered":"B\u00c1NFFY Polix\u00e9nia, \u00a7 br.-n\u0151, br. Kem\u00e9ny K\u00e1lm\u00e1nn\u00e9"},"content":{"rendered":"<p>Beresztelke, 1835. dec. 8., \u2020 Bp., 1916. okt. 28, a Farkasr\u00e9ti temet\u0151ben nyugszik.: cs. \u00e9s kir. palotah\u00f6lgy. \u2013 F\u00e9rje: Kem\u00e9ny K\u00e1lm\u00e1n (1838. \u2013 1918). Esk\u00fcv\u0151 (Beresztelke, 1861. aug. 23.). \u2013 A v\u00e9csi kast\u00e9lyt a vid\u00e9k k\u00f6zpontj\u00e1v\u00e1 tette, marosv\u00e9csi el\u0151fizet\u0151je a Nemzeti T\u00e1rsalkod\u00f3, a Vas\u00e1rnapi \u00dajs\u00e1g- nak. A MT megyei \u00c1ltal\u00e1nos Tan\u00edt\u00f3test\u00fcletet 200 koron\u00e1val seg\u00edtette \u00e9s tagjainak sor\u00e1ba l\u00e9pett (1900). Az EMKE mv.-i n\u0151i v\u00e1lasztm\u00e1ny\u00e1nak tagja, eln\u00f6ke (1895\u2013). <br \/><strong>Irod.:<\/strong> Eml\u00e9kk\u00f6nyv, Gudenus; MNZS; Mo f\u0151isp\u00e1njai; \u00dcrm\u00f6ssy Lajos: Erd\u00e9ly ir\u00e1nyad\u00f3 lapjai (Kv., 1907); S\u00e1ndor<\/br><\/p>\n","protected":false},"excerpt":{"rendered":"<p>Beresztelke, 1835. dec. 8., \u2020 Bp., 1916. okt. 28, a Farkasr\u00e9ti temet\u0151ben nyugszik.: cs. \u00e9s kir. palotah\u00f6lgy. \u2013 F\u00e9rje: Kem\u00e9ny K\u00e1lm\u00e1n (1838. \u2013 1918). Esk\u00fcv\u0151 (Beresztelke, 1861. aug. 23.). \u2013 A v\u00e9csi kast\u00e9lyt a vid\u00e9k k\u00f6zpontj\u00e1v\u00e1 tette, marosv\u00e9csi el\u0151fizet\u0151je a Nemzeti T\u00e1rsalkod\u00f3, a Vas\u00e1rnapi \u00dajs\u00e1g- nak. A MT megyei \u00c1ltal\u00e1nos Tan\u00edt\u00f3test\u00fcletet 200 koron\u00e1val seg\u00edtette \u00e9s [&hellip;]<\/p>\n","protected":false},"featured_media":0,"comment_status":"open","ping_status":"closed","template":"","meta":[],"product_brand":[],"product_cat":[137],"product_tag":[],"class_list":{"0":"post-2211","1":"product","2":"type-product","3":"status-publish","5":"product_cat-maros-megyei-eletrajzi-lexikon","7":"first","8":"instock","9":"shipping-taxable","10":"product-type-simple"},"_links":{"self":[{"href":"https:\/\/uj.adatbank.ro\/lexikon\/wp-json\/wp\/v2\/product\/2211","targetHints":{"allow":["GET"]}}],"collection":[{"href":"https:\/\/uj.adatbank.ro\/lexikon\/wp-json\/wp\/v2\/product"}],"about":[{"href":"https:\/\/uj.adatbank.ro\/lexikon\/wp-json\/wp\/v2\/types\/product"}],"replies":[{"embeddable":true,"href":"https:\/\/uj.adatbank.ro\/lexikon\/wp-json\/wp\/v2\/comments?post=2211"}],"wp:attachment":[{"href":"https:\/\/uj.adatbank.ro\/lexikon\/wp-json\/wp\/v2\/media?parent=2211"}],"wp:term":[{"taxonomy":"product_brand","embeddable":true,"href":"https:\/\/uj.adatbank.ro\/lexikon\/wp-json\/wp\/v2\/product_brand?post=2211"},{"taxonomy":"product_cat","embeddable":true,"href":"https:\/\/uj.adatbank.ro\/lexikon\/wp-json\/wp\/v2\/product_cat?post=2211"},{"taxonomy":"product_tag","embeddable":true,"href":"https:\/\/uj.adatbank.ro\/lexikon\/wp-json\/wp\/v2\/product_tag?post=2211"}],"curies":[{"name":"wp","href":"https:\/\/api.w.org\/{rel}","templated":true}]}}