{"id":22110,"date":"2025-07-22T19:49:20","date_gmt":"2025-07-22T17:49:20","guid":{"rendered":"https:\/\/uj.adatbank.ro\/lexikon\/termek\/szentmariay-dezso\/"},"modified":"2025-07-22T19:49:20","modified_gmt":"2025-07-22T17:49:20","slug":"szentmariay-dezso","status":"publish","type":"product","link":"https:\/\/uj.adatbank.ro\/lexikon\/termek\/szentmariay-dezso\/","title":{"rendered":"SZENTMARIAY Dezs\u0151"},"content":{"rendered":"<p>? \u2020?: kir. k\u00fariai b\u00edr\u00f3 Mv.-en, t\u00f6rv\u00e9nysz\u00e9ki eln\u00f6k. \u2013 Bp.-en k\u00fariai tan\u00e1cseln\u00f6k, majd t\u00f6rv\u00e9nysz\u00e9ki eln\u00f6k. Mv.-re ker\u00fclt kir., ahol k\u00fariai b\u00edr\u00f3, a helyi T\u00f6rv\u00e9nysz\u00e9k eln\u00f6ke volt. Az EMKE alap\u00edt\u00f3 \u00e9s v\u00e1lasztott v\u00e1lasztm\u00e1nyi tagja, l\u00e1togatta az igazgat\u00f3 \u2013 v\u00e1lasztm\u00e1ny \u00fcl\u00e9seit (1885\u2013). R\u00e9szt vett az EMKE bp.-i k\u00f6zgy\u0171l\u00e9s\u00e9n mint a Mv.-i k\u00fcld\u00f6tts\u00e9g\u00e9nek tagja (1892). Az MTE alap\u00edt\u00f3tagja (1884). A Mv.-i Kaszin\u00f3 vezet\u0151s\u00e9gi tagja, eln\u00f6ke (1900). A K\u00f6z\u00e9rdek c. helyi lap ellen sajt\u00f3pert ind\u00edtott, az ellene ind\u00edtott durva hang\u00fa t\u00e1mad\u00e1sok miatt. A Kaszin\u00f3 a lapot a helyis\u00e9geib\u0151l kiz\u00e1ratta (1897). A b\u00edr\u00f3s\u00e1g is el\u00edt\u00e9lte a t\u00e1mad\u00e1sok \u00edr\u00f3j\u00e1t. Ogy.-i k\u00e9pvisel\u0151jel\u00f6lt (1901), de Sebess D\u00e9nessel szemben alulmaradt. Ezut\u00e1n nemsok\u00e1ra Bp.-re k\u00f6lt\u00f6z\u00f6tt <br \/><strong>Irod.:<\/strong> Bi\u00e1s Istv\u00e1n; R\u00e1dl \u00d6d\u00f6n: V\u00e1dbesz\u00e9d Szentmarjai Dezs\u0151 a mv.-i Kir. T\u00f6rv\u00e9nysz\u00e9k eln\u00f6k\u00e9nek P\u00e1lfy Mih\u00e1ly \u00fcgyv\u00e9d \u00e9s a mv.-i K\u00f6z\u00e9rdek c. h\u00edrlap szerkeszt\u0151je ellen ind\u00edtott sajt\u00f3perben (Nagyv\u00e1rad., 1897); S\u00e1ndor; Sikl\u00f3ssy.<\/br><\/p>\n","protected":false},"excerpt":{"rendered":"<p>? \u2020?: kir. k\u00fariai b\u00edr\u00f3 Mv.-en, t\u00f6rv\u00e9nysz\u00e9ki eln\u00f6k. \u2013 Bp.-en k\u00fariai tan\u00e1cseln\u00f6k, majd t\u00f6rv\u00e9nysz\u00e9ki eln\u00f6k. Mv.-re ker\u00fclt kir., ahol k\u00fariai b\u00edr\u00f3, a helyi T\u00f6rv\u00e9nysz\u00e9k eln\u00f6ke volt. Az EMKE alap\u00edt\u00f3 \u00e9s v\u00e1lasztott v\u00e1lasztm\u00e1nyi tagja, l\u00e1togatta az igazgat\u00f3 \u2013 v\u00e1lasztm\u00e1ny \u00fcl\u00e9seit (1885\u2013). R\u00e9szt vett az EMKE bp.-i k\u00f6zgy\u0171l\u00e9s\u00e9n mint a Mv.-i k\u00fcld\u00f6tts\u00e9g\u00e9nek tagja (1892). Az MTE alap\u00edt\u00f3tagja [&hellip;]<\/p>\n","protected":false},"featured_media":0,"comment_status":"open","ping_status":"closed","template":"","meta":[],"product_brand":[],"product_cat":[137],"product_tag":[],"class_list":{"0":"post-22110","1":"product","2":"type-product","3":"status-publish","5":"product_cat-maros-megyei-eletrajzi-lexikon","7":"first","8":"instock","9":"shipping-taxable","10":"product-type-simple"},"_links":{"self":[{"href":"https:\/\/uj.adatbank.ro\/lexikon\/wp-json\/wp\/v2\/product\/22110","targetHints":{"allow":["GET"]}}],"collection":[{"href":"https:\/\/uj.adatbank.ro\/lexikon\/wp-json\/wp\/v2\/product"}],"about":[{"href":"https:\/\/uj.adatbank.ro\/lexikon\/wp-json\/wp\/v2\/types\/product"}],"replies":[{"embeddable":true,"href":"https:\/\/uj.adatbank.ro\/lexikon\/wp-json\/wp\/v2\/comments?post=22110"}],"wp:attachment":[{"href":"https:\/\/uj.adatbank.ro\/lexikon\/wp-json\/wp\/v2\/media?parent=22110"}],"wp:term":[{"taxonomy":"product_brand","embeddable":true,"href":"https:\/\/uj.adatbank.ro\/lexikon\/wp-json\/wp\/v2\/product_brand?post=22110"},{"taxonomy":"product_cat","embeddable":true,"href":"https:\/\/uj.adatbank.ro\/lexikon\/wp-json\/wp\/v2\/product_cat?post=22110"},{"taxonomy":"product_tag","embeddable":true,"href":"https:\/\/uj.adatbank.ro\/lexikon\/wp-json\/wp\/v2\/product_tag?post=22110"}],"curies":[{"name":"wp","href":"https:\/\/api.w.org\/{rel}","templated":true}]}}