{"id":22111,"date":"2025-07-22T19:49:21","date_gmt":"2025-07-22T17:49:21","guid":{"rendered":"https:\/\/uj.adatbank.ro\/lexikon\/termek\/szentmartoni-arpad\/"},"modified":"2025-07-22T19:49:21","modified_gmt":"2025-07-22T17:49:21","slug":"szentmartoni-arpad","status":"publish","type":"product","link":"https:\/\/uj.adatbank.ro\/lexikon\/termek\/szentmartoni-arpad\/","title":{"rendered":"SZENTM\u00c1RTONI \u00c1rp\u00e1d"},"content":{"rendered":"<p>? \u2020?: k\u0151m\u0171vesmester. \u2013 Mv.-e B\u00fcrger Albert gy\u00e1ros, aki a mv.-i Apoll\u00f3 \u00e9p\u00fclet \u00faj tulajdonosa lett (1924 elej\u00e9n\u2013), megb\u00edzta, hogy Rad\u00f3 S\u00e1ndor f\u0151\u00e9p\u00edt\u00e9sz tervei szerint, m\u00e9g egy emeletet h\u00fazzon a k\u00e9temeletes \u00e9p\u00fcletre, \u00e9s m\u00e1s \u00e1talak\u00edt\u00e1sokat v\u00e9gezzen (1924), k\u00e9s\u0151bb m\u00e9g manz\u00e1rdot is \u00e9p\u00edttetett r\u00e1 (1928). Eredetileg az Apoll\u00f3 \u00e9p\u00fcletet Teleki S\u00e1muel \u00e9p\u00edttette (1820), az\u00e9rt, hogy a h\u00e1z j\u00f6vedelm\u00e9b\u0151l fedezhesse a T\u00e9ka alkalmazottainak a fizet\u00e9s\u00e9t. <br \/><strong>Irod.:<\/strong> Man: Tg. M., 3.<\/br><\/p>\n","protected":false},"excerpt":{"rendered":"<p>? \u2020?: k\u0151m\u0171vesmester. \u2013 Mv.-e B\u00fcrger Albert gy\u00e1ros, aki a mv.-i Apoll\u00f3 \u00e9p\u00fclet \u00faj tulajdonosa lett (1924 elej\u00e9n\u2013), megb\u00edzta, hogy Rad\u00f3 S\u00e1ndor f\u0151\u00e9p\u00edt\u00e9sz tervei szerint, m\u00e9g egy emeletet h\u00fazzon a k\u00e9temeletes \u00e9p\u00fcletre, \u00e9s m\u00e1s \u00e1talak\u00edt\u00e1sokat v\u00e9gezzen (1924), k\u00e9s\u0151bb m\u00e9g manz\u00e1rdot is \u00e9p\u00edttetett r\u00e1 (1928). Eredetileg az Apoll\u00f3 \u00e9p\u00fcletet Teleki S\u00e1muel \u00e9p\u00edttette (1820), az\u00e9rt, hogy a [&hellip;]<\/p>\n","protected":false},"featured_media":0,"comment_status":"open","ping_status":"closed","template":"","meta":[],"product_brand":[],"product_cat":[137],"product_tag":[],"class_list":{"0":"post-22111","1":"product","2":"type-product","3":"status-publish","5":"product_cat-maros-megyei-eletrajzi-lexikon","7":"first","8":"instock","9":"shipping-taxable","10":"product-type-simple"},"_links":{"self":[{"href":"https:\/\/uj.adatbank.ro\/lexikon\/wp-json\/wp\/v2\/product\/22111","targetHints":{"allow":["GET"]}}],"collection":[{"href":"https:\/\/uj.adatbank.ro\/lexikon\/wp-json\/wp\/v2\/product"}],"about":[{"href":"https:\/\/uj.adatbank.ro\/lexikon\/wp-json\/wp\/v2\/types\/product"}],"replies":[{"embeddable":true,"href":"https:\/\/uj.adatbank.ro\/lexikon\/wp-json\/wp\/v2\/comments?post=22111"}],"wp:attachment":[{"href":"https:\/\/uj.adatbank.ro\/lexikon\/wp-json\/wp\/v2\/media?parent=22111"}],"wp:term":[{"taxonomy":"product_brand","embeddable":true,"href":"https:\/\/uj.adatbank.ro\/lexikon\/wp-json\/wp\/v2\/product_brand?post=22111"},{"taxonomy":"product_cat","embeddable":true,"href":"https:\/\/uj.adatbank.ro\/lexikon\/wp-json\/wp\/v2\/product_cat?post=22111"},{"taxonomy":"product_tag","embeddable":true,"href":"https:\/\/uj.adatbank.ro\/lexikon\/wp-json\/wp\/v2\/product_tag?post=22111"}],"curies":[{"name":"wp","href":"https:\/\/api.w.org\/{rel}","templated":true}]}}