{"id":22112,"date":"2025-07-22T19:49:23","date_gmt":"2025-07-22T17:49:23","guid":{"rendered":"https:\/\/uj.adatbank.ro\/lexikon\/termek\/szentmartoni-balazs\/"},"modified":"2025-07-22T19:49:23","modified_gmt":"2025-07-22T17:49:23","slug":"szentmartoni-balazs","status":"publish","type":"product","link":"https:\/\/uj.adatbank.ro\/lexikon\/termek\/szentmartoni-balazs\/","title":{"rendered":"SZENTM\u00c1RTONI Bal\u00e1zs"},"content":{"rendered":"<p>? \u2020\u00a017. sz.: tan\u00edt\u00f3. \u2013 Cs\u00f3kfalva els\u0151 tan\u00edt\u00f3ja. \u00c1d\u00e1mosi Gy\u00f6rgy lelk\u00e9sszel \u00f6ssze\u00fctk\u00f6z\u00e9sbe ker\u00fclt, b\u00fcntet\u00e9sben r\u00e9szes\u00fclt. <br \/><strong>Irod.:<\/strong> Kelemen.<\/br><\/p>\n","protected":false},"excerpt":{"rendered":"<p>? \u2020\u00a017. sz.: tan\u00edt\u00f3. \u2013 Cs\u00f3kfalva els\u0151 tan\u00edt\u00f3ja. \u00c1d\u00e1mosi Gy\u00f6rgy lelk\u00e9sszel \u00f6ssze\u00fctk\u00f6z\u00e9sbe ker\u00fclt, b\u00fcntet\u00e9sben r\u00e9szes\u00fclt. Irod.: Kelemen.<\/p>\n","protected":false},"featured_media":0,"comment_status":"open","ping_status":"closed","template":"","meta":[],"product_brand":[],"product_cat":[137],"product_tag":[],"class_list":{"0":"post-22112","1":"product","2":"type-product","3":"status-publish","5":"product_cat-maros-megyei-eletrajzi-lexikon","7":"first","8":"instock","9":"shipping-taxable","10":"product-type-simple"},"_links":{"self":[{"href":"https:\/\/uj.adatbank.ro\/lexikon\/wp-json\/wp\/v2\/product\/22112","targetHints":{"allow":["GET"]}}],"collection":[{"href":"https:\/\/uj.adatbank.ro\/lexikon\/wp-json\/wp\/v2\/product"}],"about":[{"href":"https:\/\/uj.adatbank.ro\/lexikon\/wp-json\/wp\/v2\/types\/product"}],"replies":[{"embeddable":true,"href":"https:\/\/uj.adatbank.ro\/lexikon\/wp-json\/wp\/v2\/comments?post=22112"}],"wp:attachment":[{"href":"https:\/\/uj.adatbank.ro\/lexikon\/wp-json\/wp\/v2\/media?parent=22112"}],"wp:term":[{"taxonomy":"product_brand","embeddable":true,"href":"https:\/\/uj.adatbank.ro\/lexikon\/wp-json\/wp\/v2\/product_brand?post=22112"},{"taxonomy":"product_cat","embeddable":true,"href":"https:\/\/uj.adatbank.ro\/lexikon\/wp-json\/wp\/v2\/product_cat?post=22112"},{"taxonomy":"product_tag","embeddable":true,"href":"https:\/\/uj.adatbank.ro\/lexikon\/wp-json\/wp\/v2\/product_tag?post=22112"}],"curies":[{"name":"wp","href":"https:\/\/api.w.org\/{rel}","templated":true}]}}