{"id":22113,"date":"2025-07-22T19:49:25","date_gmt":"2025-07-22T17:49:25","guid":{"rendered":"https:\/\/uj.adatbank.ro\/lexikon\/termek\/szentmartoni-balint\/"},"modified":"2025-07-22T19:49:25","modified_gmt":"2025-07-22T17:49:25","slug":"szentmartoni-balint","status":"publish","type":"product","link":"https:\/\/uj.adatbank.ro\/lexikon\/termek\/szentmartoni-balint\/","title":{"rendered":"SZENTM\u00c1RTONI B\u00e1lint"},"content":{"rendered":"<p>? \u2020?: unit. pap. \u2013 Szentgericei unit. lelk\u00e9sz a 17. sz. v\u00e9g\u00e9n. <br \/><strong>Irod.:<\/strong> K.L. M\u0171v. t\u00f6rt. tan. 1.; K\u00e9nosi\u2013Uzoni 1.<\/br><\/p>\n","protected":false},"excerpt":{"rendered":"<p>? \u2020?: unit. pap. \u2013 Szentgericei unit. lelk\u00e9sz a 17. sz. v\u00e9g\u00e9n. Irod.: K.L. M\u0171v. t\u00f6rt. tan. 1.; K\u00e9nosi\u2013Uzoni 1.<\/p>\n","protected":false},"featured_media":0,"comment_status":"open","ping_status":"closed","template":"","meta":[],"product_brand":[],"product_cat":[137],"product_tag":[],"class_list":{"0":"post-22113","1":"product","2":"type-product","3":"status-publish","5":"product_cat-maros-megyei-eletrajzi-lexikon","7":"first","8":"instock","9":"shipping-taxable","10":"product-type-simple"},"_links":{"self":[{"href":"https:\/\/uj.adatbank.ro\/lexikon\/wp-json\/wp\/v2\/product\/22113","targetHints":{"allow":["GET"]}}],"collection":[{"href":"https:\/\/uj.adatbank.ro\/lexikon\/wp-json\/wp\/v2\/product"}],"about":[{"href":"https:\/\/uj.adatbank.ro\/lexikon\/wp-json\/wp\/v2\/types\/product"}],"replies":[{"embeddable":true,"href":"https:\/\/uj.adatbank.ro\/lexikon\/wp-json\/wp\/v2\/comments?post=22113"}],"wp:attachment":[{"href":"https:\/\/uj.adatbank.ro\/lexikon\/wp-json\/wp\/v2\/media?parent=22113"}],"wp:term":[{"taxonomy":"product_brand","embeddable":true,"href":"https:\/\/uj.adatbank.ro\/lexikon\/wp-json\/wp\/v2\/product_brand?post=22113"},{"taxonomy":"product_cat","embeddable":true,"href":"https:\/\/uj.adatbank.ro\/lexikon\/wp-json\/wp\/v2\/product_cat?post=22113"},{"taxonomy":"product_tag","embeddable":true,"href":"https:\/\/uj.adatbank.ro\/lexikon\/wp-json\/wp\/v2\/product_tag?post=22113"}],"curies":[{"name":"wp","href":"https:\/\/api.w.org\/{rel}","templated":true}]}}