{"id":22115,"date":"2025-07-22T19:49:28","date_gmt":"2025-07-22T17:49:28","guid":{"rendered":"https:\/\/uj.adatbank.ro\/lexikon\/termek\/szent-martoni-ferenc\/"},"modified":"2025-07-22T19:49:28","modified_gmt":"2025-07-22T17:49:28","slug":"szent-martoni-ferenc","status":"publish","type":"product","link":"https:\/\/uj.adatbank.ro\/lexikon\/termek\/szent-martoni-ferenc\/","title":{"rendered":"SZENT-M\u00c1RTONI Ferenc"},"content":{"rendered":"<p>? \u2020?: unit. lelk\u00e9sz. \u2013 Kv.-r\u00f3l k\u00fcldt\u00e9k Ny\u00e1r\u00e1dszentl\u00e1szl\u00f3ra lelk\u00e9sznek (1638. m\u00e1rc. 31.\u2013). <br \/><strong>Irod.:<\/strong> Ny\u00e1r\u00e1dszentl\u00e1szl\u00f3.<\/br><\/p>\n","protected":false},"excerpt":{"rendered":"<p>? \u2020?: unit. lelk\u00e9sz. \u2013 Kv.-r\u00f3l k\u00fcldt\u00e9k Ny\u00e1r\u00e1dszentl\u00e1szl\u00f3ra lelk\u00e9sznek (1638. m\u00e1rc. 31.\u2013). Irod.: Ny\u00e1r\u00e1dszentl\u00e1szl\u00f3.<\/p>\n","protected":false},"featured_media":0,"comment_status":"open","ping_status":"closed","template":"","meta":[],"product_brand":[],"product_cat":[137],"product_tag":[],"class_list":{"0":"post-22115","1":"product","2":"type-product","3":"status-publish","5":"product_cat-maros-megyei-eletrajzi-lexikon","7":"first","8":"instock","9":"shipping-taxable","10":"product-type-simple"},"_links":{"self":[{"href":"https:\/\/uj.adatbank.ro\/lexikon\/wp-json\/wp\/v2\/product\/22115","targetHints":{"allow":["GET"]}}],"collection":[{"href":"https:\/\/uj.adatbank.ro\/lexikon\/wp-json\/wp\/v2\/product"}],"about":[{"href":"https:\/\/uj.adatbank.ro\/lexikon\/wp-json\/wp\/v2\/types\/product"}],"replies":[{"embeddable":true,"href":"https:\/\/uj.adatbank.ro\/lexikon\/wp-json\/wp\/v2\/comments?post=22115"}],"wp:attachment":[{"href":"https:\/\/uj.adatbank.ro\/lexikon\/wp-json\/wp\/v2\/media?parent=22115"}],"wp:term":[{"taxonomy":"product_brand","embeddable":true,"href":"https:\/\/uj.adatbank.ro\/lexikon\/wp-json\/wp\/v2\/product_brand?post=22115"},{"taxonomy":"product_cat","embeddable":true,"href":"https:\/\/uj.adatbank.ro\/lexikon\/wp-json\/wp\/v2\/product_cat?post=22115"},{"taxonomy":"product_tag","embeddable":true,"href":"https:\/\/uj.adatbank.ro\/lexikon\/wp-json\/wp\/v2\/product_tag?post=22115"}],"curies":[{"name":"wp","href":"https:\/\/api.w.org\/{rel}","templated":true}]}}