{"id":22119,"date":"2025-07-22T19:49:37","date_gmt":"2025-07-22T17:49:37","guid":{"rendered":"https:\/\/uj.adatbank.ro\/lexikon\/termek\/szentmartoni-kalman\/"},"modified":"2025-07-22T19:49:37","modified_gmt":"2025-07-22T17:49:37","slug":"szentmartoni-kalman","status":"publish","type":"product","link":"https:\/\/uj.adatbank.ro\/lexikon\/termek\/szentmartoni-kalman\/","title":{"rendered":"SZENTM\u00c1RTONI K\u00e1lm\u00e1n"},"content":{"rendered":"<p>Ny\u00e1r\u00e1dszentm\u00e1rton, 1879. febr. 8., \u2020 Kv., 1968. j\u00fan. 11.\u00a0a H\u00e1zsong\u00e1rdi temet\u0151ben nyugszik: tan\u00e1r, n\u00e9pmesegy\u0171jt\u0151, unit. f\u0151gimn\u00e1ziumi igazgat\u00f3. \u2013 Apja: Sz. K\u00e1lm\u00e1n, unit lelk\u00e9sz volt Ny\u00e1r\u00e1dszentm\u00e1rtonban. Fiai: B\u00e1lint, b\u00fazah\u00e1zi tan\u00edt\u00f3; K\u00e1lm\u00e1n, a kv.-i Unit. Koll. tan\u00e1ra. \u2013 K\u00f6z\u00e9piskol\u00e1it a kv.-i unit. f\u0151gimn\u00e1ziumban v\u00e9gezte, majd tan\u00e1ri diplom\u00e1t szerzett (1907). H\u00e1rom \u00e9vig h. tan\u00e1r a kv.-i Unit F\u0151gimn\u00e1ziumban, majd Sz\u00e9kelykereszt\u00farra ker\u00fclt (1907), ahol r. tan\u00e1r, majd az unit f\u0151gimn. igazgat\u00f3ja (1933\u2013). Az Unit\u00e1rius Egyh\u00e1zi F\u0151tan\u00e1cs, az Unit\u00e1rius Irodalmi T\u00e1rsas\u00e1g v\u00e1l. tagja, a sz\u00e9kelykereszt\u00fari Unit\u00e1rius N\u0151egylet titk\u00e1ra, a helyi V\u00f6r\u00f6s Kereszt Egylet eln\u00f6ke, valamint m\u00e9g sok m\u00e1s t\u00e1rsadalmi \u00e9s kultur\u00e1lis egyes\u00fclet vezet\u0151s\u00e9gi tagja \u00e9s p\u00e1rtol\u00f3ja volt. T\u00f6rt\u00e9nelmi, t\u00e1rsadalmi \u00e9s sz\u00e9pirodalmi cikkei az Ellenz\u00e9k, P\u00e1sztort\u0171z, Kereszt\u00e9ny Magvet\u0151, Unit\u00e1rius Egyh\u00e1z c. lapokban. Meg\u00edrta Pet\u0151fi utols\u00f3 \u00e9jszak\u00e1j\u00e1nak hiteles t\u00f6rt\u00e9net\u00e9t \u00e9s lelkes munk\u00e1ss\u00e1g\u00e1nak eredm\u00e9nyek\u00e9nt eml\u00e9kt\u00e1bl\u00e1val jel\u00f6lt\u00e9k meg Sz\u00e9kelykereszt\u00faron azt a h\u00e1zat, ahol Pet\u0151fi utols\u00f3 \u00e9jszak\u00e1j\u00e1t t\u00f6lt\u00f6tte. \u2013 <strong>F. m.<\/strong>: II R\u00e1k\u00f3czi Ferenc politik\u00e1j\u00e1nak vez\u00e9reszm\u00e9i (Kv., 1904); Tanulm\u00e1nyi kir\u00e1ndul\u00e1s az Aldun\u00e1ra (1908); Erd\u00e9ly politikai helyzete D\u00e1vid Ferenc kor\u00e1ban; Ki volt Orb\u00e1n Bal\u00e1zs? (Sz\u00e9kelyudvarhely, 1929.) B\u00e1r\u00f3 Orb\u00e1n Bal\u00e1zs: T\u00f6rt\u00e9nelmi arck\u00e9p; Heraclides Basilicos Jakab (Despot Voda moldvai fejedelem \u00e9s a magyarok, megjelent rom\u00e1nul is, Sz\u00e9kelyudvarhely, 1930); Nagy nyomor\u00fas\u00e1gok a napoleoni h\u00e1bor\u00fa ut\u00e1n (? 1931); J\u00e1nos Zsigmond erd\u00e9lyi fejedelem \u00e9let \u00e9s jellemrajza (Sz\u00e9kelykereszt\u00far, 1934); A Sz\u00e9kelykereszt\u00fari J\u00f3t\u00e9kony N\u0151egylet 50 \u00e9ve 1892\u20131932 (Sz\u00e9kelykereszt\u00far, 1934); Az als\u00f3benc\u00e9di Gyallay-Pap csal\u00e1d sz\u00e9kelyszentmih\u00e1lyi \u00e1ga (Kv., 1939.); <strong>t\u00e1rssz.:<\/strong> R\u00e1k\u00f3czi album (II. R. F. mint \u00edr\u00f3 c. tanulm\u00e1ny). <br \/><strong>Irod.:<\/strong> Cs\u00edkfalva; EM; F\u00fcl\u00f6p\u2013Ferencz; Ga\u00e1l 2001; H\u00e1zsong\u00e1rd; Kelemen; M\u00c9L; Pomog\u00e1ts 1.<\/br><\/p>\n","protected":false},"excerpt":{"rendered":"<p>Ny\u00e1r\u00e1dszentm\u00e1rton, 1879. febr. 8., \u2020 Kv., 1968. j\u00fan. 11.\u00a0a H\u00e1zsong\u00e1rdi temet\u0151ben nyugszik: tan\u00e1r, n\u00e9pmesegy\u0171jt\u0151, unit. f\u0151gimn\u00e1ziumi igazgat\u00f3. \u2013 Apja: Sz. K\u00e1lm\u00e1n, unit lelk\u00e9sz volt Ny\u00e1r\u00e1dszentm\u00e1rtonban. Fiai: B\u00e1lint, b\u00fazah\u00e1zi tan\u00edt\u00f3; K\u00e1lm\u00e1n, a kv.-i Unit. Koll. tan\u00e1ra. \u2013 K\u00f6z\u00e9piskol\u00e1it a kv.-i unit. f\u0151gimn\u00e1ziumban v\u00e9gezte, majd tan\u00e1ri diplom\u00e1t szerzett (1907). H\u00e1rom \u00e9vig h. tan\u00e1r a kv.-i Unit F\u0151gimn\u00e1ziumban, [&hellip;]<\/p>\n","protected":false},"featured_media":0,"comment_status":"open","ping_status":"closed","template":"","meta":[],"product_brand":[],"product_cat":[137],"product_tag":[],"class_list":{"0":"post-22119","1":"product","2":"type-product","3":"status-publish","5":"product_cat-maros-megyei-eletrajzi-lexikon","7":"first","8":"instock","9":"shipping-taxable","10":"product-type-simple"},"_links":{"self":[{"href":"https:\/\/uj.adatbank.ro\/lexikon\/wp-json\/wp\/v2\/product\/22119","targetHints":{"allow":["GET"]}}],"collection":[{"href":"https:\/\/uj.adatbank.ro\/lexikon\/wp-json\/wp\/v2\/product"}],"about":[{"href":"https:\/\/uj.adatbank.ro\/lexikon\/wp-json\/wp\/v2\/types\/product"}],"replies":[{"embeddable":true,"href":"https:\/\/uj.adatbank.ro\/lexikon\/wp-json\/wp\/v2\/comments?post=22119"}],"wp:attachment":[{"href":"https:\/\/uj.adatbank.ro\/lexikon\/wp-json\/wp\/v2\/media?parent=22119"}],"wp:term":[{"taxonomy":"product_brand","embeddable":true,"href":"https:\/\/uj.adatbank.ro\/lexikon\/wp-json\/wp\/v2\/product_brand?post=22119"},{"taxonomy":"product_cat","embeddable":true,"href":"https:\/\/uj.adatbank.ro\/lexikon\/wp-json\/wp\/v2\/product_cat?post=22119"},{"taxonomy":"product_tag","embeddable":true,"href":"https:\/\/uj.adatbank.ro\/lexikon\/wp-json\/wp\/v2\/product_tag?post=22119"}],"curies":[{"name":"wp","href":"https:\/\/api.w.org\/{rel}","templated":true}]}}