{"id":2212,"date":"2025-06-28T12:07:09","date_gmt":"2025-06-28T10:07:09","guid":{"rendered":"https:\/\/uj.adatbank.ro\/lexikon\/termek\/banffy-rachel-wass-belane\/"},"modified":"2025-06-28T12:07:09","modified_gmt":"2025-06-28T10:07:09","slug":"banffy-rachel-wass-belane","status":"publish","type":"product","link":"https:\/\/uj.adatbank.ro\/lexikon\/termek\/banffy-rachel-wass-belane\/","title":{"rendered":"B\u00c1NFFY Rachel, Wass B\u00e9l\u00e1n\u00e9"},"content":{"rendered":"<p>Mv., 1859. j\u00fan. 21. \u2020 Vasasszentgoth\u00e1rd, 1936. j\u00fan. 15.: ?. \u2013 B. J\u00e1nos, K\u00fck\u00fcll\u0151 vm. f\u0151isp\u00e1nja \u00e9s Wessel\u00e9nyi Jozefa le\u00e1nya. \u2013 F\u00e9rjhez ment (Beresztelke, 1878.) czegei gr. Wass B\u00e9l\u00e1hoz (Kv., 1853. jan. 28. \u2013 Mez\u0151z\u00e1h, 1936. szept. 1.). Szolnok-Doboka vm. f\u0151isp\u00e1nja, a m. f\u0151rendih\u00e1z \u00f6r\u00f6k\u00f6s tagj\u00e1hoz. <br \/><strong>Irod.:<\/strong> Gudenus<\/br><\/p>\n","protected":false},"excerpt":{"rendered":"<p>Mv., 1859. j\u00fan. 21. \u2020 Vasasszentgoth\u00e1rd, 1936. j\u00fan. 15.: ?. \u2013 B. J\u00e1nos, K\u00fck\u00fcll\u0151 vm. f\u0151isp\u00e1nja \u00e9s Wessel\u00e9nyi Jozefa le\u00e1nya. \u2013 F\u00e9rjhez ment (Beresztelke, 1878.) czegei gr. Wass B\u00e9l\u00e1hoz (Kv., 1853. jan. 28. \u2013 Mez\u0151z\u00e1h, 1936. szept. 1.). Szolnok-Doboka vm. f\u0151isp\u00e1nja, a m. f\u0151rendih\u00e1z \u00f6r\u00f6k\u00f6s tagj\u00e1hoz. Irod.: Gudenus<\/p>\n","protected":false},"featured_media":0,"comment_status":"open","ping_status":"closed","template":"","meta":[],"product_brand":[],"product_cat":[137],"product_tag":[],"class_list":{"0":"post-2212","1":"product","2":"type-product","3":"status-publish","5":"product_cat-maros-megyei-eletrajzi-lexikon","7":"first","8":"instock","9":"shipping-taxable","10":"product-type-simple"},"_links":{"self":[{"href":"https:\/\/uj.adatbank.ro\/lexikon\/wp-json\/wp\/v2\/product\/2212","targetHints":{"allow":["GET"]}}],"collection":[{"href":"https:\/\/uj.adatbank.ro\/lexikon\/wp-json\/wp\/v2\/product"}],"about":[{"href":"https:\/\/uj.adatbank.ro\/lexikon\/wp-json\/wp\/v2\/types\/product"}],"replies":[{"embeddable":true,"href":"https:\/\/uj.adatbank.ro\/lexikon\/wp-json\/wp\/v2\/comments?post=2212"}],"wp:attachment":[{"href":"https:\/\/uj.adatbank.ro\/lexikon\/wp-json\/wp\/v2\/media?parent=2212"}],"wp:term":[{"taxonomy":"product_brand","embeddable":true,"href":"https:\/\/uj.adatbank.ro\/lexikon\/wp-json\/wp\/v2\/product_brand?post=2212"},{"taxonomy":"product_cat","embeddable":true,"href":"https:\/\/uj.adatbank.ro\/lexikon\/wp-json\/wp\/v2\/product_cat?post=2212"},{"taxonomy":"product_tag","embeddable":true,"href":"https:\/\/uj.adatbank.ro\/lexikon\/wp-json\/wp\/v2\/product_tag?post=2212"}],"curies":[{"name":"wp","href":"https:\/\/api.w.org\/{rel}","templated":true}]}}