{"id":22127,"date":"2025-07-22T19:50:02","date_gmt":"2025-07-22T17:50:02","guid":{"rendered":"https:\/\/uj.adatbank.ro\/lexikon\/termek\/szentmartoni-samuel-pozsonyi\/"},"modified":"2025-07-22T19:50:02","modified_gmt":"2025-07-22T17:50:02","slug":"szentmartoni-samuel-pozsonyi","status":"publish","type":"product","link":"https:\/\/uj.adatbank.ro\/lexikon\/termek\/szentmartoni-samuel-pozsonyi\/","title":{"rendered":"SZENTM\u00c1RTONI S\u00e1muel, pozsonyi"},"content":{"rendered":"<p>Torock\u00f3, 1810., \u2020\u00a0Ny\u00e1r\u00e1dszentm\u00e1rton, 1883. jan. elej\u00e9n: unit. lelk\u00e9sz. \u2013 Feles\u00e9ge a tord\u00e1tfalvi Fekete Borb\u00e1la. Gyermekeik: K\u00e1lm\u00e1n, unit lelk\u00e9sz, \u0151t k\u00f6vette szolg\u00e1lat\u00e1ban (1872\u2013); B\u00e9la, kir. t\u00e1virdatiszt; Borb\u00e1la, a kib\u00e9di ref. lelk\u00e9sz P\u00e9terfi Lajos feles\u00e9ge. \u2013 Torock\u00f3n tanult, ahol tanul\u00f3t\u00e1rsa volt Kriza J\u00e1nos \u00e9s George Bari\u0163. Kv.-on folytatta tanulm\u00e1nyait. Le\u00e1nyiskolai tan\u00edt\u00f3 Torock\u00f3n (1833\u201338), majd Medes\u00e9ren tan\u00edtott (1838\u201359). Ny\u00e1r\u00e1dszentm\u00e1rtonban szolg\u00e1lt mint unit. lelk\u00e9sz hal\u00e1l\u00e1ig (1859\u201383). \u00daj papilakot \u00e9s gazdas\u00e1gi \u00e9p\u00fcleteket \u00e9p\u00edttetett. A Kriza J\u00e1nos Vadr\u00f3zs\u00e1k n\u00e9pk\u00f6lt\u00e9szeti gy\u0171jtem\u00e9nye sz\u00e1m\u00e1ra a Ny\u00e1r\u00e1d-ment\u00e9n gy\u0171jt\u00f6tt. A Rem\u00e9ny-ben k\u00f6z\u00f6lte verseit. K\u00e9zirata: Torock\u00f3. (a k\u00f6zs\u00e9g t\u00f6rt\u00e9net\u00e9t \u00e9s n\u00e9pviselet\u00e9t ismertette, 44 k\u00e9ziratos old., 1837-ben \u00edrta) <br \/><strong>Irod.:<\/strong> Cs\u00edkfalva; Kelemen; Keresztes Gyula: A ny\u00e1r\u00e1dszentm\u00e1rtoni templom (N\u00fa., 1999. j\u00fan. 25.); Kriza levelez\u00e9s; Pesty 2014.<\/br><\/p>\n","protected":false},"excerpt":{"rendered":"<p>Torock\u00f3, 1810., \u2020\u00a0Ny\u00e1r\u00e1dszentm\u00e1rton, 1883. jan. elej\u00e9n: unit. lelk\u00e9sz. \u2013 Feles\u00e9ge a tord\u00e1tfalvi Fekete Borb\u00e1la. Gyermekeik: K\u00e1lm\u00e1n, unit lelk\u00e9sz, \u0151t k\u00f6vette szolg\u00e1lat\u00e1ban (1872\u2013); B\u00e9la, kir. t\u00e1virdatiszt; Borb\u00e1la, a kib\u00e9di ref. lelk\u00e9sz P\u00e9terfi Lajos feles\u00e9ge. \u2013 Torock\u00f3n tanult, ahol tanul\u00f3t\u00e1rsa volt Kriza J\u00e1nos \u00e9s George Bari\u0163. Kv.-on folytatta tanulm\u00e1nyait. Le\u00e1nyiskolai tan\u00edt\u00f3 Torock\u00f3n (1833\u201338), majd Medes\u00e9ren tan\u00edtott (1838\u201359). [&hellip;]<\/p>\n","protected":false},"featured_media":0,"comment_status":"open","ping_status":"closed","template":"","meta":[],"product_brand":[],"product_cat":[137],"product_tag":[],"class_list":{"0":"post-22127","1":"product","2":"type-product","3":"status-publish","5":"product_cat-maros-megyei-eletrajzi-lexikon","7":"first","8":"instock","9":"shipping-taxable","10":"product-type-simple"},"_links":{"self":[{"href":"https:\/\/uj.adatbank.ro\/lexikon\/wp-json\/wp\/v2\/product\/22127","targetHints":{"allow":["GET"]}}],"collection":[{"href":"https:\/\/uj.adatbank.ro\/lexikon\/wp-json\/wp\/v2\/product"}],"about":[{"href":"https:\/\/uj.adatbank.ro\/lexikon\/wp-json\/wp\/v2\/types\/product"}],"replies":[{"embeddable":true,"href":"https:\/\/uj.adatbank.ro\/lexikon\/wp-json\/wp\/v2\/comments?post=22127"}],"wp:attachment":[{"href":"https:\/\/uj.adatbank.ro\/lexikon\/wp-json\/wp\/v2\/media?parent=22127"}],"wp:term":[{"taxonomy":"product_brand","embeddable":true,"href":"https:\/\/uj.adatbank.ro\/lexikon\/wp-json\/wp\/v2\/product_brand?post=22127"},{"taxonomy":"product_cat","embeddable":true,"href":"https:\/\/uj.adatbank.ro\/lexikon\/wp-json\/wp\/v2\/product_cat?post=22127"},{"taxonomy":"product_tag","embeddable":true,"href":"https:\/\/uj.adatbank.ro\/lexikon\/wp-json\/wp\/v2\/product_tag?post=22127"}],"curies":[{"name":"wp","href":"https:\/\/api.w.org\/{rel}","templated":true}]}}