{"id":2213,"date":"2025-06-28T12:07:11","date_gmt":"2025-06-28T10:07:11","guid":{"rendered":"https:\/\/uj.adatbank.ro\/lexikon\/termek\/banffy-samuel\/"},"modified":"2025-06-28T12:07:11","modified_gmt":"2025-06-28T10:07:11","slug":"banffy-samuel","status":"publish","type":"product","link":"https:\/\/uj.adatbank.ro\/lexikon\/termek\/banffy-samuel\/","title":{"rendered":"B\u00c1NFFY S\u00e1muel"},"content":{"rendered":"<p>Magyarkir\u00e1lyfalva, 1801. aug. 8. \u2020 Magyarkir\u00e1lyfalva, 1859. nov. 1.: f\u00f6ldbirtokos. \u2013 Feles\u00e9ge: los\u00e1di Hertzeg Druzsi\u00e1nna (Kib\u00e9d, 1799. m\u00e1rc. 13.-Bonyha, 1868. m\u00e1j. 7.). Fi\u00fak: B. Ferenc (1821\u20131868). <br \/><strong>Irod.:<\/strong> Gudenus<\/br><\/p>\n","protected":false},"excerpt":{"rendered":"<p>Magyarkir\u00e1lyfalva, 1801. aug. 8. \u2020 Magyarkir\u00e1lyfalva, 1859. nov. 1.: f\u00f6ldbirtokos. \u2013 Feles\u00e9ge: los\u00e1di Hertzeg Druzsi\u00e1nna (Kib\u00e9d, 1799. m\u00e1rc. 13.-Bonyha, 1868. m\u00e1j. 7.). Fi\u00fak: B. Ferenc (1821\u20131868). Irod.: Gudenus<\/p>\n","protected":false},"featured_media":0,"comment_status":"open","ping_status":"closed","template":"","meta":[],"product_brand":[],"product_cat":[137],"product_tag":[],"class_list":{"0":"post-2213","1":"product","2":"type-product","3":"status-publish","5":"product_cat-maros-megyei-eletrajzi-lexikon","7":"first","8":"instock","9":"shipping-taxable","10":"product-type-simple"},"_links":{"self":[{"href":"https:\/\/uj.adatbank.ro\/lexikon\/wp-json\/wp\/v2\/product\/2213","targetHints":{"allow":["GET"]}}],"collection":[{"href":"https:\/\/uj.adatbank.ro\/lexikon\/wp-json\/wp\/v2\/product"}],"about":[{"href":"https:\/\/uj.adatbank.ro\/lexikon\/wp-json\/wp\/v2\/types\/product"}],"replies":[{"embeddable":true,"href":"https:\/\/uj.adatbank.ro\/lexikon\/wp-json\/wp\/v2\/comments?post=2213"}],"wp:attachment":[{"href":"https:\/\/uj.adatbank.ro\/lexikon\/wp-json\/wp\/v2\/media?parent=2213"}],"wp:term":[{"taxonomy":"product_brand","embeddable":true,"href":"https:\/\/uj.adatbank.ro\/lexikon\/wp-json\/wp\/v2\/product_brand?post=2213"},{"taxonomy":"product_cat","embeddable":true,"href":"https:\/\/uj.adatbank.ro\/lexikon\/wp-json\/wp\/v2\/product_cat?post=2213"},{"taxonomy":"product_tag","embeddable":true,"href":"https:\/\/uj.adatbank.ro\/lexikon\/wp-json\/wp\/v2\/product_tag?post=2213"}],"curies":[{"name":"wp","href":"https:\/\/api.w.org\/{rel}","templated":true}]}}