{"id":22134,"date":"2025-07-22T19:50:14","date_gmt":"2025-07-22T17:50:14","guid":{"rendered":"https:\/\/uj.adatbank.ro\/lexikon\/termek\/szentmihalyi-varga-bela\/"},"modified":"2025-07-22T19:50:14","modified_gmt":"2025-07-22T17:50:14","slug":"szentmihalyi-varga-bela","status":"publish","type":"product","link":"https:\/\/uj.adatbank.ro\/lexikon\/termek\/szentmihalyi-varga-bela\/","title":{"rendered":"SZENTMIH\u00c1LYI VARGA B\u00e9la"},"content":{"rendered":"<p>? \u2020?: bankigazgat\u00f3 Mv.-en. \u2013 A MSE tagja (1910\u2013), majd p\u00e9nzt\u00e1rosa (1920\u2013) \u00e9s v\u00e1lasztm\u00e1nyi tagja, f\u0151ellen\u0151re. A labdar\u00fag\u00f3-, v\u00edv\u00f3-, \u00e9s az atl\u00e9tik\u00e1ban szerepelt. Az imp\u00e9riumv\u00e1lt\u00e1s ut\u00e1n a MSE a legnagyobb harcot az MTK-val folytatta. Az MSE az amat\u0151rizmus mellett volt, az MTK profi szellemben m\u0171k\u00f6d\u00f6tt \u00e9s az MSE legjobb j\u00e1t\u00e9kosait elcs\u00e1b\u00edtotta. Heroikus k\u00fczdelmet folytatott a profizmus \u00e9s a hat\u00f3s\u00e1gok \u00f6nk\u00e9nyesked\u00e9seivel az egyes\u00fclet \u00e9s a magyar sport megment\u00e9se \u00e9rdek\u00e9ben. <br \/><strong>Irod.:<\/strong> Pluh\u00e1r.<\/br><\/p>\n","protected":false},"excerpt":{"rendered":"<p>? \u2020?: bankigazgat\u00f3 Mv.-en. \u2013 A MSE tagja (1910\u2013), majd p\u00e9nzt\u00e1rosa (1920\u2013) \u00e9s v\u00e1lasztm\u00e1nyi tagja, f\u0151ellen\u0151re. A labdar\u00fag\u00f3-, v\u00edv\u00f3-, \u00e9s az atl\u00e9tik\u00e1ban szerepelt. Az imp\u00e9riumv\u00e1lt\u00e1s ut\u00e1n a MSE a legnagyobb harcot az MTK-val folytatta. Az MSE az amat\u0151rizmus mellett volt, az MTK profi szellemben m\u0171k\u00f6d\u00f6tt \u00e9s az MSE legjobb j\u00e1t\u00e9kosait elcs\u00e1b\u00edtotta. Heroikus k\u00fczdelmet folytatott a [&hellip;]<\/p>\n","protected":false},"featured_media":0,"comment_status":"open","ping_status":"closed","template":"","meta":[],"product_brand":[],"product_cat":[137],"product_tag":[],"class_list":{"0":"post-22134","1":"product","2":"type-product","3":"status-publish","5":"product_cat-maros-megyei-eletrajzi-lexikon","7":"first","8":"instock","9":"shipping-taxable","10":"product-type-simple"},"_links":{"self":[{"href":"https:\/\/uj.adatbank.ro\/lexikon\/wp-json\/wp\/v2\/product\/22134","targetHints":{"allow":["GET"]}}],"collection":[{"href":"https:\/\/uj.adatbank.ro\/lexikon\/wp-json\/wp\/v2\/product"}],"about":[{"href":"https:\/\/uj.adatbank.ro\/lexikon\/wp-json\/wp\/v2\/types\/product"}],"replies":[{"embeddable":true,"href":"https:\/\/uj.adatbank.ro\/lexikon\/wp-json\/wp\/v2\/comments?post=22134"}],"wp:attachment":[{"href":"https:\/\/uj.adatbank.ro\/lexikon\/wp-json\/wp\/v2\/media?parent=22134"}],"wp:term":[{"taxonomy":"product_brand","embeddable":true,"href":"https:\/\/uj.adatbank.ro\/lexikon\/wp-json\/wp\/v2\/product_brand?post=22134"},{"taxonomy":"product_cat","embeddable":true,"href":"https:\/\/uj.adatbank.ro\/lexikon\/wp-json\/wp\/v2\/product_cat?post=22134"},{"taxonomy":"product_tag","embeddable":true,"href":"https:\/\/uj.adatbank.ro\/lexikon\/wp-json\/wp\/v2\/product_tag?post=22134"}],"curies":[{"name":"wp","href":"https:\/\/api.w.org\/{rel}","templated":true}]}}