{"id":22135,"date":"2025-07-22T19:50:17","date_gmt":"2025-07-22T17:50:17","guid":{"rendered":"https:\/\/uj.adatbank.ro\/lexikon\/termek\/szentmiklosi-alias-kovach-szentmiklossy-szokefalvi-csalad\/"},"modified":"2025-07-22T19:50:17","modified_gmt":"2025-07-22T17:50:17","slug":"szentmiklosi-alias-kovach-szentmiklossy-szokefalvi-csalad","status":"publish","type":"product","link":"https:\/\/uj.adatbank.ro\/lexikon\/termek\/szentmiklosi-alias-kovach-szentmiklossy-szokefalvi-csalad\/","title":{"rendered":"SZENTMIKL\u00d3SI alias KOV\u00c1CH, Szentmikl\u00f3ssy, sz\u0151kefalvi csal\u00e1d"},"content":{"rendered":"<p>B\u00e1lint, Bethlen G\u00e1bor sz\u0151kefalvi Szent-Mikl\u00f3ssy alias Kov\u00e1ch B\u00e1lintnak \u00e9s \u00f6r\u00f6k\u00f6seinek c\u00edmeres nemes levelet adom\u00e1nyozott. (1624. j\u00fal. 22.); C\u00edmereslevelet I. Lip\u00f3tt\u00f3l 1662. j\u00fal. 22. Sz. P\u00e9ter \u00e9s fiai nyertek; \u00c1d\u00e1m, Zsigmond, J\u00f3zsef \u00e9s S\u00e1muel nemess\u00e9g\u00e9t K\u00fck\u00fcll\u0151megy\u00e9b\u0151l (1786. j\u00fan. 19.) legf. helyen igazolta. K\u00f6z\u00fcl\u00fck S\u00e1muel ad\u00f3rov\u00f3 biztos (1794), B\u00e1lint ott t\u00f6rv\u00e9nysz\u00e9ki \u00fcln\u00f6k \u00e9s sz\u00e1mvev\u0151 biztos, S\u00e1muel szolgab\u00edr\u00f3, (mindketten 1844. k\u00f6r\u00fcl), S\u00e1ndor ugyanott \u00fatbiztos (1831-ben). Istv\u00e1n szolgab\u00edr\u00f3 Torda megy\u00e9ben (1825-ben.) T\u00e1n ebb\u0151l sz\u00e1rmaztak Gy\u00f6rgy mv.-i tan\u00e1csos (1848.) \u00e9s K\u00e1roly ugyan ott kir. t\u00e1blai \u00fcgyv\u00e9d (1848-ban.). Itt eml\u00edthet\u0151 meg minden k\u00f6vetkeztet\u00e9s \u00e9s \u00f6sszekapcsol\u00e1s n\u00e9lk\u00fcl azon Szentmikl\u00f3ssy Mih\u00e1ly is, ki Horv\u00e1torsz\u00e1gb\u00f3l eredt, \u00e9s Erd\u00e9lyben unit\u00e1rius lelk\u00e9sz volt, a szombatosok h\u00edve, \u00e9s \u00edr\u00f3. (Meghalt 1668-ban.) <br \/><strong>Irod.:<\/strong> Kempelen; Nagy Iv\u00e1n; Nagy L\u00e1szl\u00f3; http: \/\/www.familiy history.ro.<\/br><\/p>\n","protected":false},"excerpt":{"rendered":"<p>B\u00e1lint, Bethlen G\u00e1bor sz\u0151kefalvi Szent-Mikl\u00f3ssy alias Kov\u00e1ch B\u00e1lintnak \u00e9s \u00f6r\u00f6k\u00f6seinek c\u00edmeres nemes levelet adom\u00e1nyozott. (1624. j\u00fal. 22.); C\u00edmereslevelet I. Lip\u00f3tt\u00f3l 1662. j\u00fal. 22. Sz. P\u00e9ter \u00e9s fiai nyertek; \u00c1d\u00e1m, Zsigmond, J\u00f3zsef \u00e9s S\u00e1muel nemess\u00e9g\u00e9t K\u00fck\u00fcll\u0151megy\u00e9b\u0151l (1786. j\u00fan. 19.) legf. helyen igazolta. K\u00f6z\u00fcl\u00fck S\u00e1muel ad\u00f3rov\u00f3 biztos (1794), B\u00e1lint ott t\u00f6rv\u00e9nysz\u00e9ki \u00fcln\u00f6k \u00e9s sz\u00e1mvev\u0151 biztos, S\u00e1muel szolgab\u00edr\u00f3, [&hellip;]<\/p>\n","protected":false},"featured_media":0,"comment_status":"open","ping_status":"closed","template":"","meta":[],"product_brand":[],"product_cat":[137],"product_tag":[],"class_list":{"0":"post-22135","1":"product","2":"type-product","3":"status-publish","5":"product_cat-maros-megyei-eletrajzi-lexikon","7":"first","8":"instock","9":"shipping-taxable","10":"product-type-simple"},"_links":{"self":[{"href":"https:\/\/uj.adatbank.ro\/lexikon\/wp-json\/wp\/v2\/product\/22135","targetHints":{"allow":["GET"]}}],"collection":[{"href":"https:\/\/uj.adatbank.ro\/lexikon\/wp-json\/wp\/v2\/product"}],"about":[{"href":"https:\/\/uj.adatbank.ro\/lexikon\/wp-json\/wp\/v2\/types\/product"}],"replies":[{"embeddable":true,"href":"https:\/\/uj.adatbank.ro\/lexikon\/wp-json\/wp\/v2\/comments?post=22135"}],"wp:attachment":[{"href":"https:\/\/uj.adatbank.ro\/lexikon\/wp-json\/wp\/v2\/media?parent=22135"}],"wp:term":[{"taxonomy":"product_brand","embeddable":true,"href":"https:\/\/uj.adatbank.ro\/lexikon\/wp-json\/wp\/v2\/product_brand?post=22135"},{"taxonomy":"product_cat","embeddable":true,"href":"https:\/\/uj.adatbank.ro\/lexikon\/wp-json\/wp\/v2\/product_cat?post=22135"},{"taxonomy":"product_tag","embeddable":true,"href":"https:\/\/uj.adatbank.ro\/lexikon\/wp-json\/wp\/v2\/product_tag?post=22135"}],"curies":[{"name":"wp","href":"https:\/\/api.w.org\/{rel}","templated":true}]}}