{"id":22137,"date":"2025-07-22T19:50:21","date_gmt":"2025-07-22T17:50:21","guid":{"rendered":"https:\/\/uj.adatbank.ro\/lexikon\/termek\/szentmiklosi-bela-szentmiklosy-bela-szokefalvi\/"},"modified":"2025-07-22T19:50:21","modified_gmt":"2025-07-22T17:50:21","slug":"szentmiklosi-bela-szentmiklosy-bela-szokefalvi","status":"publish","type":"product","link":"https:\/\/uj.adatbank.ro\/lexikon\/termek\/szentmiklosi-bela-szentmiklosy-bela-szokefalvi\/","title":{"rendered":"SZENTMIKL\u00d3SI B\u00e9la, Szentmikl\u00f3sy B\u00e9la, sz\u0151kefalvi"},"content":{"rendered":"<p>1825.? \u2020\u00a0Mv., 1899. nov. 16.: j\u00e1r\u00e1sb\u00edr\u00f3. \u2013 Testv\u00e9rei: Sz. Lujza Kiss J\u00f3zsefn\u00e9; Sz. K\u00e1lm\u00e1n, t\u00f6rv\u00e9nysz\u00e9ki b\u00edr\u00f3, feles\u00e9ge Keresztes Ilka. Feles\u00e9ge: Schultz Vilma. Gyermekeik: Sz. \u00c1rp\u00e1d, cs. kir. f\u0151hadnagy; Sz. Gy\u00f6rgy, cs. kir. f\u0151hadnagy. \u2013 Mv.-en kir. j\u00e1r\u00e1sb\u00edr\u00f3, 1848\u201349. honv\u00e9d hadnagy. <br \/><strong>Irod.:<\/strong> Gy\u00e1szjelent\u0151.<\/br><\/p>\n","protected":false},"excerpt":{"rendered":"<p>1825.? \u2020\u00a0Mv., 1899. nov. 16.: j\u00e1r\u00e1sb\u00edr\u00f3. \u2013 Testv\u00e9rei: Sz. Lujza Kiss J\u00f3zsefn\u00e9; Sz. K\u00e1lm\u00e1n, t\u00f6rv\u00e9nysz\u00e9ki b\u00edr\u00f3, feles\u00e9ge Keresztes Ilka. Feles\u00e9ge: Schultz Vilma. Gyermekeik: Sz. \u00c1rp\u00e1d, cs. kir. f\u0151hadnagy; Sz. Gy\u00f6rgy, cs. kir. f\u0151hadnagy. \u2013 Mv.-en kir. j\u00e1r\u00e1sb\u00edr\u00f3, 1848\u201349. honv\u00e9d hadnagy. Irod.: Gy\u00e1szjelent\u0151.<\/p>\n","protected":false},"featured_media":0,"comment_status":"open","ping_status":"closed","template":"","meta":[],"product_brand":[],"product_cat":[137],"product_tag":[],"class_list":{"0":"post-22137","1":"product","2":"type-product","3":"status-publish","5":"product_cat-maros-megyei-eletrajzi-lexikon","7":"first","8":"instock","9":"shipping-taxable","10":"product-type-simple"},"_links":{"self":[{"href":"https:\/\/uj.adatbank.ro\/lexikon\/wp-json\/wp\/v2\/product\/22137","targetHints":{"allow":["GET"]}}],"collection":[{"href":"https:\/\/uj.adatbank.ro\/lexikon\/wp-json\/wp\/v2\/product"}],"about":[{"href":"https:\/\/uj.adatbank.ro\/lexikon\/wp-json\/wp\/v2\/types\/product"}],"replies":[{"embeddable":true,"href":"https:\/\/uj.adatbank.ro\/lexikon\/wp-json\/wp\/v2\/comments?post=22137"}],"wp:attachment":[{"href":"https:\/\/uj.adatbank.ro\/lexikon\/wp-json\/wp\/v2\/media?parent=22137"}],"wp:term":[{"taxonomy":"product_brand","embeddable":true,"href":"https:\/\/uj.adatbank.ro\/lexikon\/wp-json\/wp\/v2\/product_brand?post=22137"},{"taxonomy":"product_cat","embeddable":true,"href":"https:\/\/uj.adatbank.ro\/lexikon\/wp-json\/wp\/v2\/product_cat?post=22137"},{"taxonomy":"product_tag","embeddable":true,"href":"https:\/\/uj.adatbank.ro\/lexikon\/wp-json\/wp\/v2\/product_tag?post=22137"}],"curies":[{"name":"wp","href":"https:\/\/api.w.org\/{rel}","templated":true}]}}