{"id":22139,"date":"2025-07-22T19:50:27","date_gmt":"2025-07-22T17:50:27","guid":{"rendered":"https:\/\/uj.adatbank.ro\/lexikon\/termek\/szentmiklosi-ezsaias\/"},"modified":"2025-07-22T19:50:27","modified_gmt":"2025-07-22T17:50:27","slug":"szentmiklosi-ezsaias","status":"publish","type":"product","link":"https:\/\/uj.adatbank.ro\/lexikon\/termek\/szentmiklosi-ezsaias\/","title":{"rendered":"SZENTMIKL\u00d3SI \u00c9zsai\u00e1s"},"content":{"rendered":"<p>? \u2020?: tan\u00edt\u00f3. \u2013 Mv.-en subscrib\u00e1lt (1693). Maroscsap\u00f3n (1695 \u2013 1697 \u2013 1701), Nagykenden (1711\u201315) \u00e9s D\u00e1ny\u00e1nban (1716), Ny\u00e1r\u00e1dkar\u00e1csonyfalv\u00e1n (1719), Mez\u0151madarason (1722\u201324) \u00e9s Mez\u0151fel\u00e9ben (1725\u201327) volt tan\u00edt\u00f3. <br \/><strong>Irod.:<\/strong> Imreh Barna; K\u00fck\u00fcll\u0151i Ref. Egyh\u00e1zm. 1., 4.<\/br><\/p>\n","protected":false},"excerpt":{"rendered":"<p>? \u2020?: tan\u00edt\u00f3. \u2013 Mv.-en subscrib\u00e1lt (1693). Maroscsap\u00f3n (1695 \u2013 1697 \u2013 1701), Nagykenden (1711\u201315) \u00e9s D\u00e1ny\u00e1nban (1716), Ny\u00e1r\u00e1dkar\u00e1csonyfalv\u00e1n (1719), Mez\u0151madarason (1722\u201324) \u00e9s Mez\u0151fel\u00e9ben (1725\u201327) volt tan\u00edt\u00f3. Irod.: Imreh Barna; K\u00fck\u00fcll\u0151i Ref. Egyh\u00e1zm. 1., 4.<\/p>\n","protected":false},"featured_media":0,"comment_status":"open","ping_status":"closed","template":"","meta":[],"product_brand":[],"product_cat":[137],"product_tag":[],"class_list":{"0":"post-22139","1":"product","2":"type-product","3":"status-publish","5":"product_cat-maros-megyei-eletrajzi-lexikon","7":"first","8":"instock","9":"shipping-taxable","10":"product-type-simple"},"_links":{"self":[{"href":"https:\/\/uj.adatbank.ro\/lexikon\/wp-json\/wp\/v2\/product\/22139","targetHints":{"allow":["GET"]}}],"collection":[{"href":"https:\/\/uj.adatbank.ro\/lexikon\/wp-json\/wp\/v2\/product"}],"about":[{"href":"https:\/\/uj.adatbank.ro\/lexikon\/wp-json\/wp\/v2\/types\/product"}],"replies":[{"embeddable":true,"href":"https:\/\/uj.adatbank.ro\/lexikon\/wp-json\/wp\/v2\/comments?post=22139"}],"wp:attachment":[{"href":"https:\/\/uj.adatbank.ro\/lexikon\/wp-json\/wp\/v2\/media?parent=22139"}],"wp:term":[{"taxonomy":"product_brand","embeddable":true,"href":"https:\/\/uj.adatbank.ro\/lexikon\/wp-json\/wp\/v2\/product_brand?post=22139"},{"taxonomy":"product_cat","embeddable":true,"href":"https:\/\/uj.adatbank.ro\/lexikon\/wp-json\/wp\/v2\/product_cat?post=22139"},{"taxonomy":"product_tag","embeddable":true,"href":"https:\/\/uj.adatbank.ro\/lexikon\/wp-json\/wp\/v2\/product_tag?post=22139"}],"curies":[{"name":"wp","href":"https:\/\/api.w.org\/{rel}","templated":true}]}}