{"id":2214,"date":"2025-06-28T12:07:14","date_gmt":"2025-06-28T10:07:14","guid":{"rendered":"https:\/\/uj.adatbank.ro\/lexikon\/termek\/banffy-sandor-losonczi-br\/"},"modified":"2025-06-28T12:07:14","modified_gmt":"2025-06-28T10:07:14","slug":"banffy-sandor-losonczi-br","status":"publish","type":"product","link":"https:\/\/uj.adatbank.ro\/lexikon\/termek\/banffy-sandor-losonczi-br\/","title":{"rendered":"B\u00c1NFFY S\u00e1ndor, losonczi br."},"content":{"rendered":"<p>? \u2020\u00a0? \u2013 A fia, L\u00e1szl\u00f3 temet\u00e9s\u00e9n mondott besz\u00e9d (1784). <br \/><strong>Irod.:<\/strong> Pap Mih\u00e1ly, szathm\u00e1ri: Az igaz \u00e9s Isten el\u00f6tt kedves&#8230; (Mv., 1784)<\/br><\/p>\n","protected":false},"excerpt":{"rendered":"<p>? \u2020\u00a0? \u2013 A fia, L\u00e1szl\u00f3 temet\u00e9s\u00e9n mondott besz\u00e9d (1784). Irod.: Pap Mih\u00e1ly, szathm\u00e1ri: Az igaz \u00e9s Isten el\u00f6tt kedves&#8230; (Mv., 1784)<\/p>\n","protected":false},"featured_media":0,"comment_status":"open","ping_status":"closed","template":"","meta":[],"product_brand":[],"product_cat":[137],"product_tag":[],"class_list":{"0":"post-2214","1":"product","2":"type-product","3":"status-publish","5":"product_cat-maros-megyei-eletrajzi-lexikon","7":"first","8":"instock","9":"shipping-taxable","10":"product-type-simple"},"_links":{"self":[{"href":"https:\/\/uj.adatbank.ro\/lexikon\/wp-json\/wp\/v2\/product\/2214","targetHints":{"allow":["GET"]}}],"collection":[{"href":"https:\/\/uj.adatbank.ro\/lexikon\/wp-json\/wp\/v2\/product"}],"about":[{"href":"https:\/\/uj.adatbank.ro\/lexikon\/wp-json\/wp\/v2\/types\/product"}],"replies":[{"embeddable":true,"href":"https:\/\/uj.adatbank.ro\/lexikon\/wp-json\/wp\/v2\/comments?post=2214"}],"wp:attachment":[{"href":"https:\/\/uj.adatbank.ro\/lexikon\/wp-json\/wp\/v2\/media?parent=2214"}],"wp:term":[{"taxonomy":"product_brand","embeddable":true,"href":"https:\/\/uj.adatbank.ro\/lexikon\/wp-json\/wp\/v2\/product_brand?post=2214"},{"taxonomy":"product_cat","embeddable":true,"href":"https:\/\/uj.adatbank.ro\/lexikon\/wp-json\/wp\/v2\/product_cat?post=2214"},{"taxonomy":"product_tag","embeddable":true,"href":"https:\/\/uj.adatbank.ro\/lexikon\/wp-json\/wp\/v2\/product_tag?post=2214"}],"curies":[{"name":"wp","href":"https:\/\/api.w.org\/{rel}","templated":true}]}}