{"id":22140,"date":"2025-07-22T19:50:29","date_gmt":"2025-07-22T17:50:29","guid":{"rendered":"https:\/\/uj.adatbank.ro\/lexikon\/termek\/szentmiklosi-ferenc\/"},"modified":"2025-07-22T19:50:29","modified_gmt":"2025-07-22T17:50:29","slug":"szentmiklosi-ferenc","status":"publish","type":"product","link":"https:\/\/uj.adatbank.ro\/lexikon\/termek\/szentmiklosi-ferenc\/","title":{"rendered":"SZENTMIKL\u00d3SI Ferenc"},"content":{"rendered":"<p>Cs\u00edkszereda, 1912., \u2020\u00a0Mv., 1993.: tank\u00f6nyv\u00edr\u00f3. \u2013 K\u00f6z\u00e9piskol\u00e1it Kv.-on a Piarista F\u0151gimn\u00e1ziumban v\u00e9gezte, majd az I Ferdin\u00e1nd Egyetemen szerzett magyar\u2013francia szakos tan\u00e1ri diplom\u00e1t. Tan\u00edtott Mv.-en, a Sz\u00e9kelykereszt\u00fari R. K. Gimn\u00e1ziumban, Gyulafeh\u00e9rv\u00e1ron; Tg. Jiuba intern\u00e1lt\u00e1k (1944); \u00fajra Gyulafeh\u00e9rv\u00e1ron tan\u00edtott, kinevezt\u00e9k a brass\u00f3i Tanker\u00fclet magyar szakos f\u0151tanfel\u00fcgyel\u0151j\u00e9v\u00e9 (1945). M\u00e1rton \u00c1ron k\u00f6zeli munkat\u00e1rsa volt, a parlamenti v\u00e1laszt\u00e1sokon az \u0151 hozz\u00e1j\u00e1rul\u00e1s\u00e1val v\u00e1llalta el Cs\u00edk v\u00e1rmegye parlamenti k\u00e9pvisel\u0151jel\u00f6lts\u00e9g\u00e9t (1946); a magyar nyelvtan\u00edt\u00e1s orsz\u00e1gos fel\u00fcgyel\u0151je lett (1947). A p\u00fcsp\u00f6k letart\u00f3ztat\u00e1sakor Nagyszebenbe, majd a B\u00e1ns\u00e1gba menek\u00fclt ott egy fakitermel\u00e9sn\u00e9l volt f\u0151k\u00f6nyvel\u0151, majd Z\u00e1mban tisztvisel\u0151. M\u00e1rton \u00c1ron szabadul\u00e1sa ut\u00e1n a gyulafeh\u00e9rv\u00e1ri k\u00e1ntork\u00e9pz\u0151 tan\u00e1ra (1956\u2013), k\u00e9s\u0151bb visszatelepedett Mv.-re. T\u00f6bb magyar nyelv \u00e9s nyelvtan tank\u00f6nyvet szerkesztett. \u2013 <strong><strong>F. m.<\/strong><\/strong>: <strong>szerk.:<\/strong> Magyar n\u00e9pmes\u00e9k (Vita Zsigmonddal, Nagyenyed, 1942, 1943); Magyar olvas\u00f3k\u00f6nyv. L\u00edceumok, gimn\u00e1ziumok \u00e9s tan\u00edt\u00f3k\u00e9pz\u0151k I. o. sz\u00e1m\u00e1ra (Nagyenyed, 1943); Magyar nyelvtan (Nagyenyed, 1943). \u2013 Irod: RMIL.<\/br><\/p>\n","protected":false},"excerpt":{"rendered":"<p>Cs\u00edkszereda, 1912., \u2020\u00a0Mv., 1993.: tank\u00f6nyv\u00edr\u00f3. \u2013 K\u00f6z\u00e9piskol\u00e1it Kv.-on a Piarista F\u0151gimn\u00e1ziumban v\u00e9gezte, majd az I Ferdin\u00e1nd Egyetemen szerzett magyar\u2013francia szakos tan\u00e1ri diplom\u00e1t. Tan\u00edtott Mv.-en, a Sz\u00e9kelykereszt\u00fari R. K. Gimn\u00e1ziumban, Gyulafeh\u00e9rv\u00e1ron; Tg. Jiuba intern\u00e1lt\u00e1k (1944); \u00fajra Gyulafeh\u00e9rv\u00e1ron tan\u00edtott, kinevezt\u00e9k a brass\u00f3i Tanker\u00fclet magyar szakos f\u0151tanfel\u00fcgyel\u0151j\u00e9v\u00e9 (1945). M\u00e1rton \u00c1ron k\u00f6zeli munkat\u00e1rsa volt, a parlamenti v\u00e1laszt\u00e1sokon az \u0151 [&hellip;]<\/p>\n","protected":false},"featured_media":0,"comment_status":"open","ping_status":"closed","template":"","meta":[],"product_brand":[],"product_cat":[137],"product_tag":[],"class_list":{"0":"post-22140","1":"product","2":"type-product","3":"status-publish","5":"product_cat-maros-megyei-eletrajzi-lexikon","7":"first","8":"instock","9":"shipping-taxable","10":"product-type-simple"},"_links":{"self":[{"href":"https:\/\/uj.adatbank.ro\/lexikon\/wp-json\/wp\/v2\/product\/22140","targetHints":{"allow":["GET"]}}],"collection":[{"href":"https:\/\/uj.adatbank.ro\/lexikon\/wp-json\/wp\/v2\/product"}],"about":[{"href":"https:\/\/uj.adatbank.ro\/lexikon\/wp-json\/wp\/v2\/types\/product"}],"replies":[{"embeddable":true,"href":"https:\/\/uj.adatbank.ro\/lexikon\/wp-json\/wp\/v2\/comments?post=22140"}],"wp:attachment":[{"href":"https:\/\/uj.adatbank.ro\/lexikon\/wp-json\/wp\/v2\/media?parent=22140"}],"wp:term":[{"taxonomy":"product_brand","embeddable":true,"href":"https:\/\/uj.adatbank.ro\/lexikon\/wp-json\/wp\/v2\/product_brand?post=22140"},{"taxonomy":"product_cat","embeddable":true,"href":"https:\/\/uj.adatbank.ro\/lexikon\/wp-json\/wp\/v2\/product_cat?post=22140"},{"taxonomy":"product_tag","embeddable":true,"href":"https:\/\/uj.adatbank.ro\/lexikon\/wp-json\/wp\/v2\/product_tag?post=22140"}],"curies":[{"name":"wp","href":"https:\/\/api.w.org\/{rel}","templated":true}]}}