{"id":22142,"date":"2025-07-22T19:50:33","date_gmt":"2025-07-22T17:50:33","guid":{"rendered":"https:\/\/uj.adatbank.ro\/lexikon\/termek\/szentmiklosi-janos\/"},"modified":"2025-07-22T19:50:33","modified_gmt":"2025-07-22T17:50:33","slug":"szentmiklosi-janos","status":"publish","type":"product","link":"https:\/\/uj.adatbank.ro\/lexikon\/termek\/szentmiklosi-janos\/","title":{"rendered":"SZENTMIKL\u00d3SI J\u00e1nos"},"content":{"rendered":"<p>? \u2020?: ref. lelk\u00e9sz. \u2013 Szentgeric\u00e9n (1694\u20131695), Nagyerny\u00e9ben szolg\u00e1lt (1710\u20131713). Idej\u00e9ben \u00e9p\u00fclt a templom melletti harangl\u00e1b (1714). Maroskereszt\u00faron szolg\u00e1lt (1724). <br \/><strong>Irod.:<\/strong> Criste\u015fti \u2013 Mure\u015f; Imreh Barna; Nagyernye.<\/br><\/p>\n","protected":false},"excerpt":{"rendered":"<p>? \u2020?: ref. lelk\u00e9sz. \u2013 Szentgeric\u00e9n (1694\u20131695), Nagyerny\u00e9ben szolg\u00e1lt (1710\u20131713). Idej\u00e9ben \u00e9p\u00fclt a templom melletti harangl\u00e1b (1714). Maroskereszt\u00faron szolg\u00e1lt (1724). Irod.: Criste\u015fti \u2013 Mure\u015f; Imreh Barna; Nagyernye.<\/p>\n","protected":false},"featured_media":0,"comment_status":"open","ping_status":"closed","template":"","meta":[],"product_brand":[],"product_cat":[137],"product_tag":[],"class_list":{"0":"post-22142","1":"product","2":"type-product","3":"status-publish","5":"product_cat-maros-megyei-eletrajzi-lexikon","7":"first","8":"instock","9":"shipping-taxable","10":"product-type-simple"},"_links":{"self":[{"href":"https:\/\/uj.adatbank.ro\/lexikon\/wp-json\/wp\/v2\/product\/22142","targetHints":{"allow":["GET"]}}],"collection":[{"href":"https:\/\/uj.adatbank.ro\/lexikon\/wp-json\/wp\/v2\/product"}],"about":[{"href":"https:\/\/uj.adatbank.ro\/lexikon\/wp-json\/wp\/v2\/types\/product"}],"replies":[{"embeddable":true,"href":"https:\/\/uj.adatbank.ro\/lexikon\/wp-json\/wp\/v2\/comments?post=22142"}],"wp:attachment":[{"href":"https:\/\/uj.adatbank.ro\/lexikon\/wp-json\/wp\/v2\/media?parent=22142"}],"wp:term":[{"taxonomy":"product_brand","embeddable":true,"href":"https:\/\/uj.adatbank.ro\/lexikon\/wp-json\/wp\/v2\/product_brand?post=22142"},{"taxonomy":"product_cat","embeddable":true,"href":"https:\/\/uj.adatbank.ro\/lexikon\/wp-json\/wp\/v2\/product_cat?post=22142"},{"taxonomy":"product_tag","embeddable":true,"href":"https:\/\/uj.adatbank.ro\/lexikon\/wp-json\/wp\/v2\/product_tag?post=22142"}],"curies":[{"name":"wp","href":"https:\/\/api.w.org\/{rel}","templated":true}]}}