{"id":22144,"date":"2025-07-22T19:50:36","date_gmt":"2025-07-22T17:50:36","guid":{"rendered":"https:\/\/uj.adatbank.ro\/lexikon\/termek\/szentmiklosi-mihaly-turtsak-mihaly-toth-szent-miklosi-peter\/"},"modified":"2025-07-22T19:50:36","modified_gmt":"2025-07-22T17:50:36","slug":"szentmiklosi-mihaly-turtsak-mihaly-toth-szent-miklosi-peter","status":"publish","type":"product","link":"https:\/\/uj.adatbank.ro\/lexikon\/termek\/szentmiklosi-mihaly-turtsak-mihaly-toth-szent-miklosi-peter\/","title":{"rendered":"SZENTMIKL\u00d3SI Mih\u00e1ly; Turts\u00e1k Mih\u00e1ly; T\u00f3th-Szent-Mikl\u00f3si P\u00e9ter"},"content":{"rendered":"<p>1603, \u2020 Mv., 1668. j\u00fan. 8.15: lelkitan\u00edt\u00f3, lelk\u00e9sz. \u2013 Horv\u00e1torsz\u00e1gb\u00f3l eredt. Bod P\u00e9ter szerint el\u0151bb szocini\u00e1nus, unit\u00e1rius marossz\u00e9ki esperes, innen vitt\u00e9k unit. papnak Kv.-ra (1627. nov. 4.\u2013), azut\u00e1n szombatos, v\u00e9g\u00fcl kereszt\u00e9ny. Mez\u0151k\u00f6lp\u00e9nyben volt unit lelk\u00e9sz, a szombatosok h\u00edve, P\u00e9chy Simon udvari papja lett, azut\u00e1n \u00e1tt\u00e9rt a ref. vall\u00e1sra \u00e9s Mv.-en lelk\u00e9szkedett. (1651\u201368), a templom fal\u00e1ban van s\u00edrirata (Koncz J\u00f3zsef megjegyz\u00e9se). Mv.-en polg\u00e1rjogot nyert (1665). \u00cdr\u00f3k\u00e9nt is voltak \u00e9rdemei. <br \/><strong>Irod.:<\/strong> Benk\u0151; A mv.-i ref. egyh\u00e1z (1727\u2013) anyak\u00f6nyve [k\u00e9zirat]; Id\u0151t\u00e1r 1; K\u00e9nosi\u2013Uzoni 2.; Marossz\u00e9ki kr\u00f3nik\u00e1k 1.; Nagy Iv\u00e1n; Mez\u0151k\u00f6lp\u00e9ny; Nagy P\u00e1l: Falu a Korh\u00e1ny alatt (Sz\u00e9kelyf\u00f6ld, 2006, 5. sz.); V\u00e1rtemplomi lelk\u00e9szek n\u00e9vsora, 1571\u20132000 (\u00daj Kezdet, 2000, 2. sz.).<\/br><\/p>\n","protected":false},"excerpt":{"rendered":"<p>1603, \u2020 Mv., 1668. j\u00fan. 8.15: lelkitan\u00edt\u00f3, lelk\u00e9sz. \u2013 Horv\u00e1torsz\u00e1gb\u00f3l eredt. Bod P\u00e9ter szerint el\u0151bb szocini\u00e1nus, unit\u00e1rius marossz\u00e9ki esperes, innen vitt\u00e9k unit. papnak Kv.-ra (1627. nov. 4.\u2013), azut\u00e1n szombatos, v\u00e9g\u00fcl kereszt\u00e9ny. Mez\u0151k\u00f6lp\u00e9nyben volt unit lelk\u00e9sz, a szombatosok h\u00edve, P\u00e9chy Simon udvari papja lett, azut\u00e1n \u00e1tt\u00e9rt a ref. vall\u00e1sra \u00e9s Mv.-en lelk\u00e9szkedett. (1651\u201368), a templom fal\u00e1ban [&hellip;]<\/p>\n","protected":false},"featured_media":0,"comment_status":"open","ping_status":"closed","template":"","meta":[],"product_brand":[],"product_cat":[137],"product_tag":[],"class_list":{"0":"post-22144","1":"product","2":"type-product","3":"status-publish","5":"product_cat-maros-megyei-eletrajzi-lexikon","7":"first","8":"instock","9":"shipping-taxable","10":"product-type-simple"},"_links":{"self":[{"href":"https:\/\/uj.adatbank.ro\/lexikon\/wp-json\/wp\/v2\/product\/22144","targetHints":{"allow":["GET"]}}],"collection":[{"href":"https:\/\/uj.adatbank.ro\/lexikon\/wp-json\/wp\/v2\/product"}],"about":[{"href":"https:\/\/uj.adatbank.ro\/lexikon\/wp-json\/wp\/v2\/types\/product"}],"replies":[{"embeddable":true,"href":"https:\/\/uj.adatbank.ro\/lexikon\/wp-json\/wp\/v2\/comments?post=22144"}],"wp:attachment":[{"href":"https:\/\/uj.adatbank.ro\/lexikon\/wp-json\/wp\/v2\/media?parent=22144"}],"wp:term":[{"taxonomy":"product_brand","embeddable":true,"href":"https:\/\/uj.adatbank.ro\/lexikon\/wp-json\/wp\/v2\/product_brand?post=22144"},{"taxonomy":"product_cat","embeddable":true,"href":"https:\/\/uj.adatbank.ro\/lexikon\/wp-json\/wp\/v2\/product_cat?post=22144"},{"taxonomy":"product_tag","embeddable":true,"href":"https:\/\/uj.adatbank.ro\/lexikon\/wp-json\/wp\/v2\/product_tag?post=22144"}],"curies":[{"name":"wp","href":"https:\/\/api.w.org\/{rel}","templated":true}]}}