{"id":22149,"date":"2025-07-22T19:50:48","date_gmt":"2025-07-22T17:50:48","guid":{"rendered":"https:\/\/uj.adatbank.ro\/lexikon\/termek\/szentmiklosy-kalman-szokefalvi\/"},"modified":"2025-07-22T19:50:48","modified_gmt":"2025-07-22T17:50:48","slug":"szentmiklosy-kalman-szokefalvi","status":"publish","type":"product","link":"https:\/\/uj.adatbank.ro\/lexikon\/termek\/szentmiklosy-kalman-szokefalvi\/","title":{"rendered":"SZENTMIKL\u00d3SY K\u00e1lm\u00e1n, sz\u0151kefalvi"},"content":{"rendered":"<p>1846?,\u00a0\u2020 Mv., 1902. \u00e1pr. 22. : b\u00edr\u00f3. \u2013 Testv\u00e9re: sz\u0151kefalvi Sz.Luiza Kiss J\u00f3zsefn\u00e9; Feles\u00e9ge: Keresztes Ilona. \u2013 Mv.-en t\u00f6rv\u00e9nysz\u00e9ki b\u00edr\u00f3. <br \/><strong>Irod.:<\/strong> Gy\u00e1szjelent\u0151, P\u00e1lmay J\u00f3zsef.<\/br><\/p>\n","protected":false},"excerpt":{"rendered":"<p>1846?,\u00a0\u2020 Mv., 1902. \u00e1pr. 22. : b\u00edr\u00f3. \u2013 Testv\u00e9re: sz\u0151kefalvi Sz.Luiza Kiss J\u00f3zsefn\u00e9; Feles\u00e9ge: Keresztes Ilona. \u2013 Mv.-en t\u00f6rv\u00e9nysz\u00e9ki b\u00edr\u00f3. Irod.: Gy\u00e1szjelent\u0151, P\u00e1lmay J\u00f3zsef.<\/p>\n","protected":false},"featured_media":0,"comment_status":"open","ping_status":"closed","template":"","meta":[],"product_brand":[],"product_cat":[137],"product_tag":[],"class_list":{"0":"post-22149","1":"product","2":"type-product","3":"status-publish","5":"product_cat-maros-megyei-eletrajzi-lexikon","7":"first","8":"instock","9":"shipping-taxable","10":"product-type-simple"},"_links":{"self":[{"href":"https:\/\/uj.adatbank.ro\/lexikon\/wp-json\/wp\/v2\/product\/22149","targetHints":{"allow":["GET"]}}],"collection":[{"href":"https:\/\/uj.adatbank.ro\/lexikon\/wp-json\/wp\/v2\/product"}],"about":[{"href":"https:\/\/uj.adatbank.ro\/lexikon\/wp-json\/wp\/v2\/types\/product"}],"replies":[{"embeddable":true,"href":"https:\/\/uj.adatbank.ro\/lexikon\/wp-json\/wp\/v2\/comments?post=22149"}],"wp:attachment":[{"href":"https:\/\/uj.adatbank.ro\/lexikon\/wp-json\/wp\/v2\/media?parent=22149"}],"wp:term":[{"taxonomy":"product_brand","embeddable":true,"href":"https:\/\/uj.adatbank.ro\/lexikon\/wp-json\/wp\/v2\/product_brand?post=22149"},{"taxonomy":"product_cat","embeddable":true,"href":"https:\/\/uj.adatbank.ro\/lexikon\/wp-json\/wp\/v2\/product_cat?post=22149"},{"taxonomy":"product_tag","embeddable":true,"href":"https:\/\/uj.adatbank.ro\/lexikon\/wp-json\/wp\/v2\/product_tag?post=22149"}],"curies":[{"name":"wp","href":"https:\/\/api.w.org\/{rel}","templated":true}]}}