{"id":2215,"date":"2025-06-28T12:07:15","date_gmt":"2025-06-28T10:07:15","guid":{"rendered":"https:\/\/uj.adatbank.ro\/lexikon\/termek\/banffy-tamas-losonczi\/"},"modified":"2025-06-28T12:07:15","modified_gmt":"2025-06-28T10:07:15","slug":"banffy-tamas-losonczi","status":"publish","type":"product","link":"https:\/\/uj.adatbank.ro\/lexikon\/termek\/banffy-tamas-losonczi\/","title":{"rendered":"B\u00c1NFFY Tam\u00e1s, losonczi"},"content":{"rendered":"<p>? \u2020 ?: f\u00f6ldbirtokos, sz\u00e9kely isp\u00e1n, erd\u00e9lyi vajda. \u2013 III. D\u00e9nes t\u00e1rnokmester fia, a Losonczi \u00e9s B\u00e1nffy csal\u00e1d alap\u00edt\u00f3ja. \u2013 Magyarr\u00e9gen \u00e9s k\u00f6rny\u00e9k\u00e9n nagy kiterjed\u00e9s\u0171 birtokai voltak. Folytatta az apja \u00e1ltal elkezdett sz\u00e1sz telep\u00edt\u00e9st a tat\u00e1rj\u00e1r\u00e1s k\u00f6vetkezt\u00e9ben kihalt Fels\u0151-Marosment\u00e9n. A v\u00e9csi v\u00e1rbirtokhoz tartoz\u00f3 Magyar\u00f3 hat\u00e1r\u00e1ban \u00faj v\u00e1rat \u00e9p\u00edtett Ment\u0151v\u00e1r n\u00e9ven (1319), amely k\u00e9tsz\u00e1z \u00e9vn\u00e9l tov\u00e1bb fenn\u00e1llott. A v\u00e1r szomsz\u00e9ds\u00e1g\u00e1ban halastavat \u00e9s vadaskertet is l\u00e9tes\u00edtett. A v\u00e1r k\u00f6r\u00e9 alakult ki Ment\u0151v\u00e1ralja telep\u00fcl\u00e9s, amely k\u00e9s\u0151bb beolvadt Magyar\u00f3 faluba (1319). Nagy Lajos kir\u00e1ly rendelet\u00e9re a v\u00e1rat felosztott\u00e1k fiai k\u00f6z\u00f6tt (1377). Val\u00f3sz\u00edn\u0171 \u0151 a r\u00e9geni templom (ma ev.) \u00e9p\u00edttet\u0151 patr\u00f3nusa. <br \/><strong>Irod.:<\/strong> Bir\u00f3 Don\u00e1t 2006; Entz G\u00e9za 1994; Kelemen Lajos 1982; 2009; Keresztes 1995; Magyar\u00f3 h\u00e9tk\u00f6znapjai, Maros megye, Moln\u00e1r; Reghin \u015fi \u00eemprejurimi; Varj\u00fa Elem\u00e9r: Oklev\u00e9lt\u00e1r a Tomaj nemzets\u00e9gbeli Losonczi B\u00e1nffy csal\u00e1d t\u00f6rt\u00e9net\u00e9hez (Bp, 1908)<\/br><\/p>\n","protected":false},"excerpt":{"rendered":"<p>? \u2020 ?: f\u00f6ldbirtokos, sz\u00e9kely isp\u00e1n, erd\u00e9lyi vajda. \u2013 III. D\u00e9nes t\u00e1rnokmester fia, a Losonczi \u00e9s B\u00e1nffy csal\u00e1d alap\u00edt\u00f3ja. \u2013 Magyarr\u00e9gen \u00e9s k\u00f6rny\u00e9k\u00e9n nagy kiterjed\u00e9s\u0171 birtokai voltak. Folytatta az apja \u00e1ltal elkezdett sz\u00e1sz telep\u00edt\u00e9st a tat\u00e1rj\u00e1r\u00e1s k\u00f6vetkezt\u00e9ben kihalt Fels\u0151-Marosment\u00e9n. A v\u00e9csi v\u00e1rbirtokhoz tartoz\u00f3 Magyar\u00f3 hat\u00e1r\u00e1ban \u00faj v\u00e1rat \u00e9p\u00edtett Ment\u0151v\u00e1r n\u00e9ven (1319), amely k\u00e9tsz\u00e1z \u00e9vn\u00e9l tov\u00e1bb [&hellip;]<\/p>\n","protected":false},"featured_media":0,"comment_status":"open","ping_status":"closed","template":"","meta":[],"product_brand":[],"product_cat":[137],"product_tag":[],"class_list":{"0":"post-2215","1":"product","2":"type-product","3":"status-publish","5":"product_cat-maros-megyei-eletrajzi-lexikon","7":"first","8":"instock","9":"shipping-taxable","10":"product-type-simple"},"_links":{"self":[{"href":"https:\/\/uj.adatbank.ro\/lexikon\/wp-json\/wp\/v2\/product\/2215","targetHints":{"allow":["GET"]}}],"collection":[{"href":"https:\/\/uj.adatbank.ro\/lexikon\/wp-json\/wp\/v2\/product"}],"about":[{"href":"https:\/\/uj.adatbank.ro\/lexikon\/wp-json\/wp\/v2\/types\/product"}],"replies":[{"embeddable":true,"href":"https:\/\/uj.adatbank.ro\/lexikon\/wp-json\/wp\/v2\/comments?post=2215"}],"wp:attachment":[{"href":"https:\/\/uj.adatbank.ro\/lexikon\/wp-json\/wp\/v2\/media?parent=2215"}],"wp:term":[{"taxonomy":"product_brand","embeddable":true,"href":"https:\/\/uj.adatbank.ro\/lexikon\/wp-json\/wp\/v2\/product_brand?post=2215"},{"taxonomy":"product_cat","embeddable":true,"href":"https:\/\/uj.adatbank.ro\/lexikon\/wp-json\/wp\/v2\/product_cat?post=2215"},{"taxonomy":"product_tag","embeddable":true,"href":"https:\/\/uj.adatbank.ro\/lexikon\/wp-json\/wp\/v2\/product_tag?post=2215"}],"curies":[{"name":"wp","href":"https:\/\/api.w.org\/{rel}","templated":true}]}}