{"id":22152,"date":"2025-07-22T19:50:54","date_gmt":"2025-07-22T17:50:54","guid":{"rendered":"https:\/\/uj.adatbank.ro\/lexikon\/termek\/szentpali-benjamin\/"},"modified":"2025-07-22T19:50:54","modified_gmt":"2025-07-22T17:50:54","slug":"szentpali-benjamin","status":"publish","type":"product","link":"https:\/\/uj.adatbank.ro\/lexikon\/termek\/szentpali-benjamin\/","title":{"rendered":"SZENTP\u00c1LI Benjamin"},"content":{"rendered":"<p>? \u2020\u00a0Dics\u0151szentm\u00e1rton, 1800.: t\u00f6rv\u00e9nysz\u00e9ki b\u00edr\u00f3, alisp\u00e1n. \u2013 Id. Sz. Benjamin (\u2020 1750. k.) \u00e9s osztop\u00e1ni Perneszy M\u00e1ria fia. Feles\u00e9ge: Podhr\u00e1czki Anna. \u2013 A h\u00e1zass\u00e1g ut\u00e1n Magyarkir\u00e1lyfalv\u00e1n telepedett le. A Ghyll\u00e1nyi regiment svadronos kapit\u00e1nya. K\u00fck\u00fcll\u0151 vm. t\u00f6rv\u00e9nysz\u00e9k\u00e9nek b\u00edr\u00f3ja lett, dics\u0151szentm\u00e1rtoni otthona a Henter-f\u00e9le k\u00fari\u00e1ban volt..Alisp\u00e1n (1783\u2013). A dics\u0151szentm\u00e1rtoni egyh\u00e1zk\u00f6zs\u00e9g sz\u00e1m\u00e1ra kelyhet k\u00e9sz\u00edttetett, a mv.-i Dark\u00f3 S\u00e1muel \u00f6tv\u00f6smesterrel, \u00e9s egy keny\u00e9roszt\u00f3 t\u00e1ny\u00e9rt (1789). <br \/><strong>Irod.:<\/strong> K\u00fck\u00fcll\u0151i Ref. Egyh\u00e1zm. 2.<\/br><\/p>\n","protected":false},"excerpt":{"rendered":"<p>? \u2020\u00a0Dics\u0151szentm\u00e1rton, 1800.: t\u00f6rv\u00e9nysz\u00e9ki b\u00edr\u00f3, alisp\u00e1n. \u2013 Id. Sz. Benjamin (\u2020 1750. k.) \u00e9s osztop\u00e1ni Perneszy M\u00e1ria fia. Feles\u00e9ge: Podhr\u00e1czki Anna. \u2013 A h\u00e1zass\u00e1g ut\u00e1n Magyarkir\u00e1lyfalv\u00e1n telepedett le. A Ghyll\u00e1nyi regiment svadronos kapit\u00e1nya. K\u00fck\u00fcll\u0151 vm. t\u00f6rv\u00e9nysz\u00e9k\u00e9nek b\u00edr\u00f3ja lett, dics\u0151szentm\u00e1rtoni otthona a Henter-f\u00e9le k\u00fari\u00e1ban volt..Alisp\u00e1n (1783\u2013). A dics\u0151szentm\u00e1rtoni egyh\u00e1zk\u00f6zs\u00e9g sz\u00e1m\u00e1ra kelyhet k\u00e9sz\u00edttetett, a mv.-i Dark\u00f3 S\u00e1muel [&hellip;]<\/p>\n","protected":false},"featured_media":0,"comment_status":"open","ping_status":"closed","template":"","meta":[],"product_brand":[],"product_cat":[137],"product_tag":[],"class_list":{"0":"post-22152","1":"product","2":"type-product","3":"status-publish","5":"product_cat-maros-megyei-eletrajzi-lexikon","7":"first","8":"instock","9":"shipping-taxable","10":"product-type-simple"},"_links":{"self":[{"href":"https:\/\/uj.adatbank.ro\/lexikon\/wp-json\/wp\/v2\/product\/22152","targetHints":{"allow":["GET"]}}],"collection":[{"href":"https:\/\/uj.adatbank.ro\/lexikon\/wp-json\/wp\/v2\/product"}],"about":[{"href":"https:\/\/uj.adatbank.ro\/lexikon\/wp-json\/wp\/v2\/types\/product"}],"replies":[{"embeddable":true,"href":"https:\/\/uj.adatbank.ro\/lexikon\/wp-json\/wp\/v2\/comments?post=22152"}],"wp:attachment":[{"href":"https:\/\/uj.adatbank.ro\/lexikon\/wp-json\/wp\/v2\/media?parent=22152"}],"wp:term":[{"taxonomy":"product_brand","embeddable":true,"href":"https:\/\/uj.adatbank.ro\/lexikon\/wp-json\/wp\/v2\/product_brand?post=22152"},{"taxonomy":"product_cat","embeddable":true,"href":"https:\/\/uj.adatbank.ro\/lexikon\/wp-json\/wp\/v2\/product_cat?post=22152"},{"taxonomy":"product_tag","embeddable":true,"href":"https:\/\/uj.adatbank.ro\/lexikon\/wp-json\/wp\/v2\/product_tag?post=22152"}],"curies":[{"name":"wp","href":"https:\/\/api.w.org\/{rel}","templated":true}]}}