{"id":22154,"date":"2025-07-22T19:50:59","date_gmt":"2025-07-22T17:50:59","guid":{"rendered":"https:\/\/uj.adatbank.ro\/lexikon\/termek\/szentpali-elek-homorodszentpali-szentpaly-elek\/"},"modified":"2025-07-22T19:50:59","modified_gmt":"2025-07-22T17:50:59","slug":"szentpali-elek-homorodszentpali-szentpaly-elek","status":"publish","type":"product","link":"https:\/\/uj.adatbank.ro\/lexikon\/termek\/szentpali-elek-homorodszentpali-szentpaly-elek\/","title":{"rendered":"SZENTP\u00c1LI Elek, homor\u00f3dszentp\u00e1li, Szentp\u00e1ly Elek"},"content":{"rendered":"<p>? \u2020\u00a01814: \u00fcln\u00f6k, t\u00e1blab\u00edr\u00f3, \u00edt\u00e9l\u0151mester. \u2013 Feles\u00e9ge: Csolnakosi M\u00e1ria. \u2013 A mv.-i kir. t\u00e1bla \u00edt\u00e9l\u0151mestere (1797 k.), volt sz\u00e1mfeletti b\u00edr\u00f3. Kir. hivatalos az erd\u00e9lyi 1848. \u00e9vi utols\u00f3 rendi orsz\u00e1ggy\u0171l\u00e9sen (Kv., 1848. m\u00e1j. 29. \u2013 j\u00fal. 18.). A feles\u00e9ge aranyozott ez\u00fcst serleget adom\u00e1nyozott a kutyfalvi ref. egyh\u00e1znak (1806). <br \/><strong>Irod.:<\/strong> Albiz\u00e1l\u00e1s; Egyed: Erd\u00e9ly 1848. ogy. Fogarasi; K\u00f6teles S\u00e1muel: A nagy embernek rajzolatja: halotti besz\u00e9d Sz. E. felett. Tompa J\u00e1nos: Gy\u00e1szbesz\u00e9d szentp\u00e1li Sz. E. felett (Kv., 1814) = Halotti besz\u00e9dek; K\u00fck\u00fcll\u0151i Ref. Egyh\u00e1zm. 3.<\/br><\/p>\n","protected":false},"excerpt":{"rendered":"<p>? \u2020\u00a01814: \u00fcln\u00f6k, t\u00e1blab\u00edr\u00f3, \u00edt\u00e9l\u0151mester. \u2013 Feles\u00e9ge: Csolnakosi M\u00e1ria. \u2013 A mv.-i kir. t\u00e1bla \u00edt\u00e9l\u0151mestere (1797 k.), volt sz\u00e1mfeletti b\u00edr\u00f3. Kir. hivatalos az erd\u00e9lyi 1848. \u00e9vi utols\u00f3 rendi orsz\u00e1ggy\u0171l\u00e9sen (Kv., 1848. m\u00e1j. 29. \u2013 j\u00fal. 18.). A feles\u00e9ge aranyozott ez\u00fcst serleget adom\u00e1nyozott a kutyfalvi ref. egyh\u00e1znak (1806). Irod.: Albiz\u00e1l\u00e1s; Egyed: Erd\u00e9ly 1848. ogy. Fogarasi; K\u00f6teles [&hellip;]<\/p>\n","protected":false},"featured_media":0,"comment_status":"open","ping_status":"closed","template":"","meta":[],"product_brand":[],"product_cat":[137],"product_tag":[],"class_list":{"0":"post-22154","1":"product","2":"type-product","3":"status-publish","5":"product_cat-maros-megyei-eletrajzi-lexikon","7":"first","8":"instock","9":"shipping-taxable","10":"product-type-simple"},"_links":{"self":[{"href":"https:\/\/uj.adatbank.ro\/lexikon\/wp-json\/wp\/v2\/product\/22154","targetHints":{"allow":["GET"]}}],"collection":[{"href":"https:\/\/uj.adatbank.ro\/lexikon\/wp-json\/wp\/v2\/product"}],"about":[{"href":"https:\/\/uj.adatbank.ro\/lexikon\/wp-json\/wp\/v2\/types\/product"}],"replies":[{"embeddable":true,"href":"https:\/\/uj.adatbank.ro\/lexikon\/wp-json\/wp\/v2\/comments?post=22154"}],"wp:attachment":[{"href":"https:\/\/uj.adatbank.ro\/lexikon\/wp-json\/wp\/v2\/media?parent=22154"}],"wp:term":[{"taxonomy":"product_brand","embeddable":true,"href":"https:\/\/uj.adatbank.ro\/lexikon\/wp-json\/wp\/v2\/product_brand?post=22154"},{"taxonomy":"product_cat","embeddable":true,"href":"https:\/\/uj.adatbank.ro\/lexikon\/wp-json\/wp\/v2\/product_cat?post=22154"},{"taxonomy":"product_tag","embeddable":true,"href":"https:\/\/uj.adatbank.ro\/lexikon\/wp-json\/wp\/v2\/product_tag?post=22154"}],"curies":[{"name":"wp","href":"https:\/\/api.w.org\/{rel}","templated":true}]}}