{"id":22158,"date":"2025-07-22T19:51:09","date_gmt":"2025-07-22T17:51:09","guid":{"rendered":"https:\/\/uj.adatbank.ro\/lexikon\/termek\/szentpali-janos-novalyi\/"},"modified":"2025-07-22T19:51:09","modified_gmt":"2025-07-22T17:51:09","slug":"szentpali-janos-novalyi","status":"publish","type":"product","link":"https:\/\/uj.adatbank.ro\/lexikon\/termek\/szentpali-janos-novalyi\/","title":{"rendered":"SZENTP\u00c1LI J\u00e1nos, novalyi"},"content":{"rendered":"<p>? \u2020 1635?: benefalvi birtokos. \u2013 Feles\u00e9ge: Petki Erzs\u00e9bet, akinek \u0151 a 3. f\u00e9rje. \u2013 Bethlen G\u00e1bor az \u00f6r\u00f6k\u00f6s\u00f6k n\u00e9lk\u00fcl elhalt Sz\u00f6v\u00e9rdi G\u00e1sp\u00e1r J\u00e1nos Benefalva nev\u0171 eg\u00e9sz birtok\u00e1t neki aj\u00e1nd\u00e9kozta (1624. Bethlen G\u00e1bor Marosszentgy\u00f6rgy\u00f6t v\u00e9glegesen nekik \u00edt\u00e9lte (1628). Toldalagi Mih\u00e1llyal \u00e9s feles\u00e9g\u00e9vel, Mih\u00e1lcz Erzs\u00e9bettel udvarfalvi \u00e9s pin\u00e1rdi birtokait Szentp\u00e1li \u00e9s Petki koronkai j\u00f3sz\u00e1gra cser\u00e9lt\u00e9k (1628. j\u00fal. 27.), ezt I. R\u00e1k\u00f3czi Gy\u00f6rgy meger\u0151s\u00edtette (1634 j\u00fan. 5.). Megjelent a sz\u00e1szsebesi hadiszeml\u00e9n (1635. \u00e1pr.), ez az utols\u00f3 r\u00f3la ismert inform\u00e1ci\u00f3, a feles\u00e9ge \u00f6zvegyk\u00e9nt szerepelt egy marossz\u00e9ki \u00f6ssze\u00edr\u00e1sban (1635. nov. 24.). <br \/><strong>Irod.:<\/strong> Maros \u2013 m\u0171eml\u00e9kek; Mordovin Maxim: A Petki csal\u00e1d \u00e9s Marosszentgy\u00f6rgy = Marosszentgy\u00f6rgy; P\u00e1l-Antal 2009.<\/br><\/p>\n","protected":false},"excerpt":{"rendered":"<p>? \u2020 1635?: benefalvi birtokos. \u2013 Feles\u00e9ge: Petki Erzs\u00e9bet, akinek \u0151 a 3. f\u00e9rje. \u2013 Bethlen G\u00e1bor az \u00f6r\u00f6k\u00f6s\u00f6k n\u00e9lk\u00fcl elhalt Sz\u00f6v\u00e9rdi G\u00e1sp\u00e1r J\u00e1nos Benefalva nev\u0171 eg\u00e9sz birtok\u00e1t neki aj\u00e1nd\u00e9kozta (1624. Bethlen G\u00e1bor Marosszentgy\u00f6rgy\u00f6t v\u00e9glegesen nekik \u00edt\u00e9lte (1628). Toldalagi Mih\u00e1llyal \u00e9s feles\u00e9g\u00e9vel, Mih\u00e1lcz Erzs\u00e9bettel udvarfalvi \u00e9s pin\u00e1rdi birtokait Szentp\u00e1li \u00e9s Petki koronkai j\u00f3sz\u00e1gra cser\u00e9lt\u00e9k (1628. [&hellip;]<\/p>\n","protected":false},"featured_media":0,"comment_status":"open","ping_status":"closed","template":"","meta":[],"product_brand":[],"product_cat":[137],"product_tag":[],"class_list":{"0":"post-22158","1":"product","2":"type-product","3":"status-publish","5":"product_cat-maros-megyei-eletrajzi-lexikon","7":"first","8":"instock","9":"shipping-taxable","10":"product-type-simple"},"_links":{"self":[{"href":"https:\/\/uj.adatbank.ro\/lexikon\/wp-json\/wp\/v2\/product\/22158","targetHints":{"allow":["GET"]}}],"collection":[{"href":"https:\/\/uj.adatbank.ro\/lexikon\/wp-json\/wp\/v2\/product"}],"about":[{"href":"https:\/\/uj.adatbank.ro\/lexikon\/wp-json\/wp\/v2\/types\/product"}],"replies":[{"embeddable":true,"href":"https:\/\/uj.adatbank.ro\/lexikon\/wp-json\/wp\/v2\/comments?post=22158"}],"wp:attachment":[{"href":"https:\/\/uj.adatbank.ro\/lexikon\/wp-json\/wp\/v2\/media?parent=22158"}],"wp:term":[{"taxonomy":"product_brand","embeddable":true,"href":"https:\/\/uj.adatbank.ro\/lexikon\/wp-json\/wp\/v2\/product_brand?post=22158"},{"taxonomy":"product_cat","embeddable":true,"href":"https:\/\/uj.adatbank.ro\/lexikon\/wp-json\/wp\/v2\/product_cat?post=22158"},{"taxonomy":"product_tag","embeddable":true,"href":"https:\/\/uj.adatbank.ro\/lexikon\/wp-json\/wp\/v2\/product_tag?post=22158"}],"curies":[{"name":"wp","href":"https:\/\/api.w.org\/{rel}","templated":true}]}}