{"id":22160,"date":"2025-07-22T19:51:12","date_gmt":"2025-07-22T17:51:12","guid":{"rendered":"https:\/\/uj.adatbank.ro\/lexikon\/termek\/szentpali-miklos\/"},"modified":"2025-07-22T19:51:12","modified_gmt":"2025-07-22T17:51:12","slug":"szentpali-miklos","status":"publish","type":"product","link":"https:\/\/uj.adatbank.ro\/lexikon\/termek\/szentpali-miklos\/","title":{"rendered":"SZENTP\u00c1LI Mikl\u00f3s"},"content":{"rendered":"<p>? \u2020?: birtokos. \u2013 Apja Sz.Mih\u00e1ly. \u2013 Ut\u00f3d n\u00e9lk\u00fcli, ez\u00e9rt M\u00e1ty\u00e1s kir\u00e1ly feles\u00e9ge, Beatrix beleegyez\u00e9s\u00e9vel Corvin J\u00e1nosra, M\u00e1ty\u00e1s h\u00e1zass\u00e1gon k\u00edv\u00fcl sz\u00fcletett fi\u00e1ra hagyta beseny\u0151i juss\u00e1t a szentp\u00e1li, ugrai, gyulasi \u00e9s lackodi r\u00e9szekkel egy\u00fctt (1479. okt. 3.). N\u00e9h\u00e1ny nappal k\u00e9s\u0151bb ugyanazt a birtokot M\u00e1ty\u00e1s kir\u00e1ly Kasuhi Istv\u00e1nnak, B\u00e1thory Istv\u00e1n erd\u00e9lyi vajda famili\u00e1ris\u00e1nak adom\u00e1nyozta (1479). Szentp\u00e1li Mikl\u00f3s a sz\u00f3ban forg\u00f3 birtokot ism\u00e9t Corvin J\u00e1nosra test\u00e1lta, M\u00e1ty\u00e1s kir\u00e1ly pedig meger\u0151s\u00edtette az \u00edgy szerzett jogokban (1482). K\u00e9s\u0151bb ez a birtok t\u00f6bbsz\u00f6r cser\u00e9lt gazd\u00e1t. <br \/><strong>Irod.:<\/strong> B\u00faz\u00e1sbeseny\u0151; Giulu\u015f; Ogra.<\/br><\/p>\n","protected":false},"excerpt":{"rendered":"<p>? \u2020?: birtokos. \u2013 Apja Sz.Mih\u00e1ly. \u2013 Ut\u00f3d n\u00e9lk\u00fcli, ez\u00e9rt M\u00e1ty\u00e1s kir\u00e1ly feles\u00e9ge, Beatrix beleegyez\u00e9s\u00e9vel Corvin J\u00e1nosra, M\u00e1ty\u00e1s h\u00e1zass\u00e1gon k\u00edv\u00fcl sz\u00fcletett fi\u00e1ra hagyta beseny\u0151i juss\u00e1t a szentp\u00e1li, ugrai, gyulasi \u00e9s lackodi r\u00e9szekkel egy\u00fctt (1479. okt. 3.). N\u00e9h\u00e1ny nappal k\u00e9s\u0151bb ugyanazt a birtokot M\u00e1ty\u00e1s kir\u00e1ly Kasuhi Istv\u00e1nnak, B\u00e1thory Istv\u00e1n erd\u00e9lyi vajda famili\u00e1ris\u00e1nak adom\u00e1nyozta (1479). Szentp\u00e1li Mikl\u00f3s [&hellip;]<\/p>\n","protected":false},"featured_media":0,"comment_status":"open","ping_status":"closed","template":"","meta":[],"product_brand":[],"product_cat":[137],"product_tag":[],"class_list":{"0":"post-22160","1":"product","2":"type-product","3":"status-publish","5":"product_cat-maros-megyei-eletrajzi-lexikon","7":"first","8":"instock","9":"shipping-taxable","10":"product-type-simple"},"_links":{"self":[{"href":"https:\/\/uj.adatbank.ro\/lexikon\/wp-json\/wp\/v2\/product\/22160","targetHints":{"allow":["GET"]}}],"collection":[{"href":"https:\/\/uj.adatbank.ro\/lexikon\/wp-json\/wp\/v2\/product"}],"about":[{"href":"https:\/\/uj.adatbank.ro\/lexikon\/wp-json\/wp\/v2\/types\/product"}],"replies":[{"embeddable":true,"href":"https:\/\/uj.adatbank.ro\/lexikon\/wp-json\/wp\/v2\/comments?post=22160"}],"wp:attachment":[{"href":"https:\/\/uj.adatbank.ro\/lexikon\/wp-json\/wp\/v2\/media?parent=22160"}],"wp:term":[{"taxonomy":"product_brand","embeddable":true,"href":"https:\/\/uj.adatbank.ro\/lexikon\/wp-json\/wp\/v2\/product_brand?post=22160"},{"taxonomy":"product_cat","embeddable":true,"href":"https:\/\/uj.adatbank.ro\/lexikon\/wp-json\/wp\/v2\/product_cat?post=22160"},{"taxonomy":"product_tag","embeddable":true,"href":"https:\/\/uj.adatbank.ro\/lexikon\/wp-json\/wp\/v2\/product_tag?post=22160"}],"curies":[{"name":"wp","href":"https:\/\/api.w.org\/{rel}","templated":true}]}}