{"id":22163,"date":"2025-07-22T19:51:18","date_gmt":"2025-07-22T17:51:18","guid":{"rendered":"https:\/\/uj.adatbank.ro\/lexikon\/termek\/szentpeteri-antal\/"},"modified":"2025-07-22T19:51:18","modified_gmt":"2025-07-22T17:51:18","slug":"szentpeteri-antal","status":"publish","type":"product","link":"https:\/\/uj.adatbank.ro\/lexikon\/termek\/szentpeteri-antal\/","title":{"rendered":"SZENTP\u00c9TERI Antal"},"content":{"rendered":"<p>Erzs\u00e9betv\u00e1ros, 1784. j\u00fan 14 \u2020\u00a0Mv., 1838. febr. 23.: szab\u00f3. \u2013 Feles\u00e9ge: Eikler Julianna (1810. jan. 15. \u2013?). Gyermekeik: Julianna (1835. aug. 24. \u2013?), L\u00e1z\u00e1r (1838. febr. 11. \u2013?), G\u00e9za (Mv., 1863.-Mv., 1936.). <br \/><strong>Irod.:<\/strong> \u00c9l\u0151 eml\u00e9kezet (Erd\u00e9lyi \u00d6rm\u00e9ny Gy\u00f6kerek, 2016. jan.\u2013febr., 221. sz.); Mv.-i \u00f6rm\u00e9nyek; P\u00e1l-Antal S\u00e1ndor: \u00d6rm\u00e9nyek Mv.-en 1848 el\u0151tt = Pusk\u00e1s \u2013 Sz\u00e1sz \u00c1v\u00e9d; Sz\u00e1va 2012.<\/br><\/p>\n","protected":false},"excerpt":{"rendered":"<p>Erzs\u00e9betv\u00e1ros, 1784. j\u00fan 14 \u2020\u00a0Mv., 1838. febr. 23.: szab\u00f3. \u2013 Feles\u00e9ge: Eikler Julianna (1810. jan. 15. \u2013?). Gyermekeik: Julianna (1835. aug. 24. \u2013?), L\u00e1z\u00e1r (1838. febr. 11. \u2013?), G\u00e9za (Mv., 1863.-Mv., 1936.). Irod.: \u00c9l\u0151 eml\u00e9kezet (Erd\u00e9lyi \u00d6rm\u00e9ny Gy\u00f6kerek, 2016. jan.\u2013febr., 221. sz.); Mv.-i \u00f6rm\u00e9nyek; P\u00e1l-Antal S\u00e1ndor: \u00d6rm\u00e9nyek Mv.-en 1848 el\u0151tt = Pusk\u00e1s \u2013 Sz\u00e1sz \u00c1v\u00e9d; [&hellip;]<\/p>\n","protected":false},"featured_media":0,"comment_status":"open","ping_status":"closed","template":"","meta":[],"product_brand":[],"product_cat":[137],"product_tag":[],"class_list":{"0":"post-22163","1":"product","2":"type-product","3":"status-publish","5":"product_cat-maros-megyei-eletrajzi-lexikon","7":"first","8":"instock","9":"shipping-taxable","10":"product-type-simple"},"_links":{"self":[{"href":"https:\/\/uj.adatbank.ro\/lexikon\/wp-json\/wp\/v2\/product\/22163","targetHints":{"allow":["GET"]}}],"collection":[{"href":"https:\/\/uj.adatbank.ro\/lexikon\/wp-json\/wp\/v2\/product"}],"about":[{"href":"https:\/\/uj.adatbank.ro\/lexikon\/wp-json\/wp\/v2\/types\/product"}],"replies":[{"embeddable":true,"href":"https:\/\/uj.adatbank.ro\/lexikon\/wp-json\/wp\/v2\/comments?post=22163"}],"wp:attachment":[{"href":"https:\/\/uj.adatbank.ro\/lexikon\/wp-json\/wp\/v2\/media?parent=22163"}],"wp:term":[{"taxonomy":"product_brand","embeddable":true,"href":"https:\/\/uj.adatbank.ro\/lexikon\/wp-json\/wp\/v2\/product_brand?post=22163"},{"taxonomy":"product_cat","embeddable":true,"href":"https:\/\/uj.adatbank.ro\/lexikon\/wp-json\/wp\/v2\/product_cat?post=22163"},{"taxonomy":"product_tag","embeddable":true,"href":"https:\/\/uj.adatbank.ro\/lexikon\/wp-json\/wp\/v2\/product_tag?post=22163"}],"curies":[{"name":"wp","href":"https:\/\/api.w.org\/{rel}","templated":true}]}}