{"id":22164,"date":"2025-07-22T19:51:20","date_gmt":"2025-07-22T17:51:20","guid":{"rendered":"https:\/\/uj.adatbank.ro\/lexikon\/termek\/szentpeteri-denes\/"},"modified":"2025-07-22T19:51:20","modified_gmt":"2025-07-22T17:51:20","slug":"szentpeteri-denes","status":"publish","type":"product","link":"https:\/\/uj.adatbank.ro\/lexikon\/termek\/szentpeteri-denes\/","title":{"rendered":"SZENTP\u00c9TERI D\u00e9nes"},"content":{"rendered":"<p>1828.? \u2020\u00a0Mv., 1902. jan. 3.: honv\u00e9d. \u2013 Feles\u00e9ge: Szathm\u00e1ri R\u00f3za. Gyermekeik: Sz. D\u00e9nes; Sz. J\u00e1nos; Sz. R\u00f3za Vadadi F. G\u00e9z\u00e1n\u00e9; Sz. Ferenc. \u2013 1848\u201349. honv\u00e9d. <br \/><strong>Irod.:<\/strong> Gy\u00e1szjelent\u0151.<\/br><\/p>\n","protected":false},"excerpt":{"rendered":"<p>1828.? \u2020\u00a0Mv., 1902. jan. 3.: honv\u00e9d. \u2013 Feles\u00e9ge: Szathm\u00e1ri R\u00f3za. Gyermekeik: Sz. D\u00e9nes; Sz. J\u00e1nos; Sz. R\u00f3za Vadadi F. G\u00e9z\u00e1n\u00e9; Sz. Ferenc. \u2013 1848\u201349. honv\u00e9d. Irod.: Gy\u00e1szjelent\u0151.<\/p>\n","protected":false},"featured_media":0,"comment_status":"open","ping_status":"closed","template":"","meta":[],"product_brand":[],"product_cat":[137],"product_tag":[],"class_list":{"0":"post-22164","1":"product","2":"type-product","3":"status-publish","5":"product_cat-maros-megyei-eletrajzi-lexikon","7":"first","8":"instock","9":"shipping-taxable","10":"product-type-simple"},"_links":{"self":[{"href":"https:\/\/uj.adatbank.ro\/lexikon\/wp-json\/wp\/v2\/product\/22164","targetHints":{"allow":["GET"]}}],"collection":[{"href":"https:\/\/uj.adatbank.ro\/lexikon\/wp-json\/wp\/v2\/product"}],"about":[{"href":"https:\/\/uj.adatbank.ro\/lexikon\/wp-json\/wp\/v2\/types\/product"}],"replies":[{"embeddable":true,"href":"https:\/\/uj.adatbank.ro\/lexikon\/wp-json\/wp\/v2\/comments?post=22164"}],"wp:attachment":[{"href":"https:\/\/uj.adatbank.ro\/lexikon\/wp-json\/wp\/v2\/media?parent=22164"}],"wp:term":[{"taxonomy":"product_brand","embeddable":true,"href":"https:\/\/uj.adatbank.ro\/lexikon\/wp-json\/wp\/v2\/product_brand?post=22164"},{"taxonomy":"product_cat","embeddable":true,"href":"https:\/\/uj.adatbank.ro\/lexikon\/wp-json\/wp\/v2\/product_cat?post=22164"},{"taxonomy":"product_tag","embeddable":true,"href":"https:\/\/uj.adatbank.ro\/lexikon\/wp-json\/wp\/v2\/product_tag?post=22164"}],"curies":[{"name":"wp","href":"https:\/\/api.w.org\/{rel}","templated":true}]}}