{"id":22165,"date":"2025-07-22T19:51:21","date_gmt":"2025-07-22T17:51:21","guid":{"rendered":"https:\/\/uj.adatbank.ro\/lexikon\/termek\/szentpeteri-geza-szentpetery-geza\/"},"modified":"2025-07-22T19:51:21","modified_gmt":"2025-07-22T17:51:21","slug":"szentpeteri-geza-szentpetery-geza","status":"publish","type":"product","link":"https:\/\/uj.adatbank.ro\/lexikon\/termek\/szentpeteri-geza-szentpetery-geza\/","title":{"rendered":"SZENTP\u00c9TERI G\u00e9za, Szentp\u00e9tery G\u00e9za"},"content":{"rendered":"<p>Mv., 1836., \u2020\u00a0Mv., 1902. b\u0151riparos. \u2013 Feles\u00e9ge: Papp R\u00f3za (Mv., 1867 \u2013 Mv., 1936). Gyermek\u00fck: R\u00f3za (1892 \u2013Mv., 1973), bolti elad\u00f3, f\u00e9rje M\u00e9sz\u00e1ros S\u00e1ndor. <br \/><strong>Irod.:<\/strong> \u00c9l\u0151 eml\u00e9kezet (Erd\u00e9lyi \u00d6rm\u00e9ny Gy\u00f6kerek, 2016. jan.\u2013febr., 221. sz.); Mv.-i \u00f6rm\u00e9nyek.<\/br><\/p>\n","protected":false},"excerpt":{"rendered":"<p>Mv., 1836., \u2020\u00a0Mv., 1902. b\u0151riparos. \u2013 Feles\u00e9ge: Papp R\u00f3za (Mv., 1867 \u2013 Mv., 1936). Gyermek\u00fck: R\u00f3za (1892 \u2013Mv., 1973), bolti elad\u00f3, f\u00e9rje M\u00e9sz\u00e1ros S\u00e1ndor. Irod.: \u00c9l\u0151 eml\u00e9kezet (Erd\u00e9lyi \u00d6rm\u00e9ny Gy\u00f6kerek, 2016. jan.\u2013febr., 221. sz.); Mv.-i \u00f6rm\u00e9nyek.<\/p>\n","protected":false},"featured_media":0,"comment_status":"open","ping_status":"closed","template":"","meta":[],"product_brand":[],"product_cat":[137],"product_tag":[],"class_list":{"0":"post-22165","1":"product","2":"type-product","3":"status-publish","5":"product_cat-maros-megyei-eletrajzi-lexikon","7":"first","8":"instock","9":"shipping-taxable","10":"product-type-simple"},"_links":{"self":[{"href":"https:\/\/uj.adatbank.ro\/lexikon\/wp-json\/wp\/v2\/product\/22165","targetHints":{"allow":["GET"]}}],"collection":[{"href":"https:\/\/uj.adatbank.ro\/lexikon\/wp-json\/wp\/v2\/product"}],"about":[{"href":"https:\/\/uj.adatbank.ro\/lexikon\/wp-json\/wp\/v2\/types\/product"}],"replies":[{"embeddable":true,"href":"https:\/\/uj.adatbank.ro\/lexikon\/wp-json\/wp\/v2\/comments?post=22165"}],"wp:attachment":[{"href":"https:\/\/uj.adatbank.ro\/lexikon\/wp-json\/wp\/v2\/media?parent=22165"}],"wp:term":[{"taxonomy":"product_brand","embeddable":true,"href":"https:\/\/uj.adatbank.ro\/lexikon\/wp-json\/wp\/v2\/product_brand?post=22165"},{"taxonomy":"product_cat","embeddable":true,"href":"https:\/\/uj.adatbank.ro\/lexikon\/wp-json\/wp\/v2\/product_cat?post=22165"},{"taxonomy":"product_tag","embeddable":true,"href":"https:\/\/uj.adatbank.ro\/lexikon\/wp-json\/wp\/v2\/product_tag?post=22165"}],"curies":[{"name":"wp","href":"https:\/\/api.w.org\/{rel}","templated":true}]}}