{"id":22166,"date":"2025-07-22T19:51:23","date_gmt":"2025-07-22T17:51:23","guid":{"rendered":"https:\/\/uj.adatbank.ro\/lexikon\/termek\/szentpeteri-gyorgy\/"},"modified":"2025-07-22T19:51:23","modified_gmt":"2025-07-22T17:51:23","slug":"szentpeteri-gyorgy","status":"publish","type":"product","link":"https:\/\/uj.adatbank.ro\/lexikon\/termek\/szentpeteri-gyorgy\/","title":{"rendered":"SZENTP\u00c9TERI Gy\u00f6rgy"},"content":{"rendered":"<p>? \u2020?: tan\u00edt\u00f3. \u2013 Mv.-en subscrib\u00e1lt (1720). G\u00f6rg\u00e9nyszentimr\u00e9n volt mester. <br \/><strong>Irod.:<\/strong> \u0150sz.<\/br><\/p>\n","protected":false},"excerpt":{"rendered":"<p>? \u2020?: tan\u00edt\u00f3. \u2013 Mv.-en subscrib\u00e1lt (1720). G\u00f6rg\u00e9nyszentimr\u00e9n volt mester. Irod.: \u0150sz.<\/p>\n","protected":false},"featured_media":0,"comment_status":"open","ping_status":"closed","template":"","meta":[],"product_brand":[],"product_cat":[137],"product_tag":[],"class_list":{"0":"post-22166","1":"product","2":"type-product","3":"status-publish","5":"product_cat-maros-megyei-eletrajzi-lexikon","7":"first","8":"instock","9":"shipping-taxable","10":"product-type-simple"},"_links":{"self":[{"href":"https:\/\/uj.adatbank.ro\/lexikon\/wp-json\/wp\/v2\/product\/22166","targetHints":{"allow":["GET"]}}],"collection":[{"href":"https:\/\/uj.adatbank.ro\/lexikon\/wp-json\/wp\/v2\/product"}],"about":[{"href":"https:\/\/uj.adatbank.ro\/lexikon\/wp-json\/wp\/v2\/types\/product"}],"replies":[{"embeddable":true,"href":"https:\/\/uj.adatbank.ro\/lexikon\/wp-json\/wp\/v2\/comments?post=22166"}],"wp:attachment":[{"href":"https:\/\/uj.adatbank.ro\/lexikon\/wp-json\/wp\/v2\/media?parent=22166"}],"wp:term":[{"taxonomy":"product_brand","embeddable":true,"href":"https:\/\/uj.adatbank.ro\/lexikon\/wp-json\/wp\/v2\/product_brand?post=22166"},{"taxonomy":"product_cat","embeddable":true,"href":"https:\/\/uj.adatbank.ro\/lexikon\/wp-json\/wp\/v2\/product_cat?post=22166"},{"taxonomy":"product_tag","embeddable":true,"href":"https:\/\/uj.adatbank.ro\/lexikon\/wp-json\/wp\/v2\/product_tag?post=22166"}],"curies":[{"name":"wp","href":"https:\/\/api.w.org\/{rel}","templated":true}]}}