{"id":22167,"date":"2025-07-22T19:51:25","date_gmt":"2025-07-22T17:51:25","guid":{"rendered":"https:\/\/uj.adatbank.ro\/lexikon\/termek\/szentpeteri-janos\/"},"modified":"2025-07-22T19:51:25","modified_gmt":"2025-07-22T17:51:25","slug":"szentpeteri-janos","status":"publish","type":"product","link":"https:\/\/uj.adatbank.ro\/lexikon\/termek\/szentpeteri-janos\/","title":{"rendered":"SZENTP\u00c9TERI J\u00e1nos"},"content":{"rendered":"<p>1791. \u00e1pr. 20 \u2020?: sz\u0171cs. \u2013 Neje Csernik Zsuzsanna. Gyermekei: Anna (1820), Ter\u00e9z (1822\u2013), D\u00e9nes (1828\u2013), J\u00e1nos (1831), Katalin (1833), Ferenc (1836\u2013), Zsuzsanna (1839\u2013). <br \/><strong>Irod.:<\/strong> Mv.-i \u00f6rm\u00e9nyek; P\u00e1l-Antal S\u00e1ndor: \u00d6rm\u00e9nyek Mv.-en 1848 el\u0151tt = Pusk\u00e1s \u2013 Sz\u00e1sz \u00c1v\u00e9d; Sz\u00e1va 2012.<\/br><\/p>\n","protected":false},"excerpt":{"rendered":"<p>1791. \u00e1pr. 20 \u2020?: sz\u0171cs. \u2013 Neje Csernik Zsuzsanna. Gyermekei: Anna (1820), Ter\u00e9z (1822\u2013), D\u00e9nes (1828\u2013), J\u00e1nos (1831), Katalin (1833), Ferenc (1836\u2013), Zsuzsanna (1839\u2013). Irod.: Mv.-i \u00f6rm\u00e9nyek; P\u00e1l-Antal S\u00e1ndor: \u00d6rm\u00e9nyek Mv.-en 1848 el\u0151tt = Pusk\u00e1s \u2013 Sz\u00e1sz \u00c1v\u00e9d; Sz\u00e1va 2012.<\/p>\n","protected":false},"featured_media":0,"comment_status":"open","ping_status":"closed","template":"","meta":[],"product_brand":[],"product_cat":[137],"product_tag":[],"class_list":{"0":"post-22167","1":"product","2":"type-product","3":"status-publish","5":"product_cat-maros-megyei-eletrajzi-lexikon","7":"first","8":"instock","9":"shipping-taxable","10":"product-type-simple"},"_links":{"self":[{"href":"https:\/\/uj.adatbank.ro\/lexikon\/wp-json\/wp\/v2\/product\/22167","targetHints":{"allow":["GET"]}}],"collection":[{"href":"https:\/\/uj.adatbank.ro\/lexikon\/wp-json\/wp\/v2\/product"}],"about":[{"href":"https:\/\/uj.adatbank.ro\/lexikon\/wp-json\/wp\/v2\/types\/product"}],"replies":[{"embeddable":true,"href":"https:\/\/uj.adatbank.ro\/lexikon\/wp-json\/wp\/v2\/comments?post=22167"}],"wp:attachment":[{"href":"https:\/\/uj.adatbank.ro\/lexikon\/wp-json\/wp\/v2\/media?parent=22167"}],"wp:term":[{"taxonomy":"product_brand","embeddable":true,"href":"https:\/\/uj.adatbank.ro\/lexikon\/wp-json\/wp\/v2\/product_brand?post=22167"},{"taxonomy":"product_cat","embeddable":true,"href":"https:\/\/uj.adatbank.ro\/lexikon\/wp-json\/wp\/v2\/product_cat?post=22167"},{"taxonomy":"product_tag","embeddable":true,"href":"https:\/\/uj.adatbank.ro\/lexikon\/wp-json\/wp\/v2\/product_tag?post=22167"}],"curies":[{"name":"wp","href":"https:\/\/api.w.org\/{rel}","templated":true}]}}