{"id":22168,"date":"2025-07-22T19:51:28","date_gmt":"2025-07-22T17:51:28","guid":{"rendered":"https:\/\/uj.adatbank.ro\/lexikon\/termek\/szentpeteri-kristof\/"},"modified":"2025-07-22T19:51:28","modified_gmt":"2025-07-22T17:51:28","slug":"szentpeteri-kristof","status":"publish","type":"product","link":"https:\/\/uj.adatbank.ro\/lexikon\/termek\/szentpeteri-kristof\/","title":{"rendered":"SZENTP\u00c9TERI Krist\u00f3f"},"content":{"rendered":"<p>1752 \u2020\u00a01800. m\u00e1rc. 8.: k\u00e9zm\u0171ves. \u2013 Neje Szab\u00f3 alias Trombit\u00e1s M\u00e1ria. Gyermekei: Anna M\u00e1ria (1781\u20131830), J\u00e1nos (1784\u2013), Antal (1786. j\u00fan. 14\u20131838. febr. 23); Ter\u00e9zia, Veronika, M\u00e1ri Ter\u00e9zia (1793\u20131795). Erzs\u00e9betv\u00e1rosi \u00f6rm\u00e9ny csal\u00e1d. Azon kev\u00e9s \u00f6rm\u00e9nyek egyike, aki nem keresked\u0151 volt, k\u00e9zm\u0171vesk\u00e9nt jel\u00f6lik a lev\u00e9lt\u00e1ri adatok. V\u00e1rosi polg\u00e1rk\u00e9nt birtok\u00e1t neki aj\u00e1nd\u00e9kozta (1624zerepelt az 1780 \u2013as ad\u00f3tabell\u00e1kon. Fiai: Antal (1786\u2013) szab\u00f3, J\u00e1nos (1791\u2013) sz\u0171cs lett. Nemeslevele 1760-b\u00f3l sz\u00e1rmazik. <br \/><strong>Irod.:<\/strong> Mv.-i \u00f6rm\u00e9nyek; P\u00e1l-Antal S\u00e1ndor: \u00d6rm\u00e9nyek Mv.-en 1848 el\u0151tt = Pusk\u00e1s \u2013 Sz\u00e1sz \u00c1v\u00e9d.<\/br><\/p>\n","protected":false},"excerpt":{"rendered":"<p>1752 \u2020\u00a01800. m\u00e1rc. 8.: k\u00e9zm\u0171ves. \u2013 Neje Szab\u00f3 alias Trombit\u00e1s M\u00e1ria. Gyermekei: Anna M\u00e1ria (1781\u20131830), J\u00e1nos (1784\u2013), Antal (1786. j\u00fan. 14\u20131838. febr. 23); Ter\u00e9zia, Veronika, M\u00e1ri Ter\u00e9zia (1793\u20131795). Erzs\u00e9betv\u00e1rosi \u00f6rm\u00e9ny csal\u00e1d. Azon kev\u00e9s \u00f6rm\u00e9nyek egyike, aki nem keresked\u0151 volt, k\u00e9zm\u0171vesk\u00e9nt jel\u00f6lik a lev\u00e9lt\u00e1ri adatok. V\u00e1rosi polg\u00e1rk\u00e9nt birtok\u00e1t neki aj\u00e1nd\u00e9kozta (1624zerepelt az 1780 \u2013as ad\u00f3tabell\u00e1kon. Fiai: [&hellip;]<\/p>\n","protected":false},"featured_media":0,"comment_status":"open","ping_status":"closed","template":"","meta":[],"product_brand":[],"product_cat":[137],"product_tag":[],"class_list":{"0":"post-22168","1":"product","2":"type-product","3":"status-publish","5":"product_cat-maros-megyei-eletrajzi-lexikon","7":"first","8":"instock","9":"shipping-taxable","10":"product-type-simple"},"_links":{"self":[{"href":"https:\/\/uj.adatbank.ro\/lexikon\/wp-json\/wp\/v2\/product\/22168","targetHints":{"allow":["GET"]}}],"collection":[{"href":"https:\/\/uj.adatbank.ro\/lexikon\/wp-json\/wp\/v2\/product"}],"about":[{"href":"https:\/\/uj.adatbank.ro\/lexikon\/wp-json\/wp\/v2\/types\/product"}],"replies":[{"embeddable":true,"href":"https:\/\/uj.adatbank.ro\/lexikon\/wp-json\/wp\/v2\/comments?post=22168"}],"wp:attachment":[{"href":"https:\/\/uj.adatbank.ro\/lexikon\/wp-json\/wp\/v2\/media?parent=22168"}],"wp:term":[{"taxonomy":"product_brand","embeddable":true,"href":"https:\/\/uj.adatbank.ro\/lexikon\/wp-json\/wp\/v2\/product_brand?post=22168"},{"taxonomy":"product_cat","embeddable":true,"href":"https:\/\/uj.adatbank.ro\/lexikon\/wp-json\/wp\/v2\/product_cat?post=22168"},{"taxonomy":"product_tag","embeddable":true,"href":"https:\/\/uj.adatbank.ro\/lexikon\/wp-json\/wp\/v2\/product_tag?post=22168"}],"curies":[{"name":"wp","href":"https:\/\/api.w.org\/{rel}","templated":true}]}}