{"id":2217,"date":"2025-06-28T12:07:18","date_gmt":"2025-06-28T10:07:18","guid":{"rendered":"https:\/\/uj.adatbank.ro\/lexikon\/termek\/banffy-zoltan-losonczi-br\/"},"modified":"2025-06-28T12:07:18","modified_gmt":"2025-06-28T10:07:18","slug":"banffy-zoltan-losonczi-br","status":"publish","type":"product","link":"https:\/\/uj.adatbank.ro\/lexikon\/termek\/banffy-zoltan-losonczi-br\/","title":{"rendered":"B\u00c1NFFY Zolt\u00e1n, losonczi br."},"content":{"rendered":"<p>Beresztelke, 1886. aug. 2., \u2020 Bp., 1967. \u00e1pr. 5.: cs. kir. kamar\u00e1s, tan\u00e1csos, birtokos. \u2013 B. Zolt\u00e1n f\u00f6ldbirtokos \u00e9s gr. Teleki Erzs\u00e9bet fia. \u2013 A berlini Egy. B\u00f6lcs\u00e9sz Kar\u00e1n hallgat\u00f3 (1906. okt. 23. \u2013 1907. m\u00e1rc. 15.), a jog- \u00e9s \u00e1llamtudom\u00e1nyok doktora. Cs. kir. kamar\u00e1s (1913\u2013), m. kir. k\u00f6vets\u00e9gi tan\u00e1csos. A m. B\u00e9ke Deleg\u00e1ci\u00f3 tagja (1920). A m. kir. K\u00fcl\u00fcgyminiszter kabinetf\u0151n\u00f6ke (1921\u201323). Johannita tiszteleti lovag (1923\u201337). Vajdaszentiv\u00e1nyon 100 holdon fel\u00fcli birtokos (az els\u0151 vh. v\u00e9g\u00e9n). Beresztelk\u00e9n is rendelkezett 849 holddal (1922\u201326). <br \/><strong>Irod.:<\/strong> Gudenus; M. Johannita csal\u00e1dt\u00f6rt.; Szab\u00f3\u2013Simon\u2013Sz\u00f6gi; Vajdaszentiv\u00e1ny<\/br><\/p>\n","protected":false},"excerpt":{"rendered":"<p>Beresztelke, 1886. aug. 2., \u2020 Bp., 1967. \u00e1pr. 5.: cs. kir. kamar\u00e1s, tan\u00e1csos, birtokos. \u2013 B. Zolt\u00e1n f\u00f6ldbirtokos \u00e9s gr. Teleki Erzs\u00e9bet fia. \u2013 A berlini Egy. B\u00f6lcs\u00e9sz Kar\u00e1n hallgat\u00f3 (1906. okt. 23. \u2013 1907. m\u00e1rc. 15.), a jog- \u00e9s \u00e1llamtudom\u00e1nyok doktora. Cs. kir. kamar\u00e1s (1913\u2013), m. kir. k\u00f6vets\u00e9gi tan\u00e1csos. A m. B\u00e9ke Deleg\u00e1ci\u00f3 tagja [&hellip;]<\/p>\n","protected":false},"featured_media":0,"comment_status":"open","ping_status":"closed","template":"","meta":[],"product_brand":[],"product_cat":[137],"product_tag":[],"class_list":{"0":"post-2217","1":"product","2":"type-product","3":"status-publish","5":"product_cat-maros-megyei-eletrajzi-lexikon","7":"first","8":"instock","9":"shipping-taxable","10":"product-type-simple"},"_links":{"self":[{"href":"https:\/\/uj.adatbank.ro\/lexikon\/wp-json\/wp\/v2\/product\/2217","targetHints":{"allow":["GET"]}}],"collection":[{"href":"https:\/\/uj.adatbank.ro\/lexikon\/wp-json\/wp\/v2\/product"}],"about":[{"href":"https:\/\/uj.adatbank.ro\/lexikon\/wp-json\/wp\/v2\/types\/product"}],"replies":[{"embeddable":true,"href":"https:\/\/uj.adatbank.ro\/lexikon\/wp-json\/wp\/v2\/comments?post=2217"}],"wp:attachment":[{"href":"https:\/\/uj.adatbank.ro\/lexikon\/wp-json\/wp\/v2\/media?parent=2217"}],"wp:term":[{"taxonomy":"product_brand","embeddable":true,"href":"https:\/\/uj.adatbank.ro\/lexikon\/wp-json\/wp\/v2\/product_brand?post=2217"},{"taxonomy":"product_cat","embeddable":true,"href":"https:\/\/uj.adatbank.ro\/lexikon\/wp-json\/wp\/v2\/product_cat?post=2217"},{"taxonomy":"product_tag","embeddable":true,"href":"https:\/\/uj.adatbank.ro\/lexikon\/wp-json\/wp\/v2\/product_tag?post=2217"}],"curies":[{"name":"wp","href":"https:\/\/api.w.org\/{rel}","templated":true}]}}