{"id":22170,"date":"2025-07-22T19:51:32","date_gmt":"2025-07-22T17:51:32","guid":{"rendered":"https:\/\/uj.adatbank.ro\/lexikon\/termek\/szentpetery-antal\/"},"modified":"2025-07-22T19:51:32","modified_gmt":"2025-07-22T17:51:32","slug":"szentpetery-antal","status":"publish","type":"product","link":"https:\/\/uj.adatbank.ro\/lexikon\/termek\/szentpetery-antal\/","title":{"rendered":"SZENTP\u00c9TERY Antal"},"content":{"rendered":"<p>1900., \u2020?: asztalosmester, h\u00e1ztulajdonos. \u2013 A csal\u00e1d nemess\u00e9g\u00e9t M\u00e1ria Ter\u00e9zi\u00e1t\u00f3l kapta (1760-as \u00e9vek). Iskol\u00e1i elv\u00e9gz\u00e9se ut\u00e1n az asztalosiparban szabadult fel, Mv.-en gyarap\u00edtotta szaktud\u00e1s\u00e1t, majd \u00f6n\u00e1ll\u00f3 mester lett. Minden hazafias, szoci\u00e1lis \u00e9s kult\u00farint\u00e9zm\u00e9ny t\u00e1mogat\u00f3ja volt. Irod.: Sz\u00e9kelyf\u00f6ld \u00ed. k.<\/br><\/p>\n","protected":false},"excerpt":{"rendered":"<p>1900., \u2020?: asztalosmester, h\u00e1ztulajdonos. \u2013 A csal\u00e1d nemess\u00e9g\u00e9t M\u00e1ria Ter\u00e9zi\u00e1t\u00f3l kapta (1760-as \u00e9vek). Iskol\u00e1i elv\u00e9gz\u00e9se ut\u00e1n az asztalosiparban szabadult fel, Mv.-en gyarap\u00edtotta szaktud\u00e1s\u00e1t, majd \u00f6n\u00e1ll\u00f3 mester lett. Minden hazafias, szoci\u00e1lis \u00e9s kult\u00farint\u00e9zm\u00e9ny t\u00e1mogat\u00f3ja volt. Irod.: Sz\u00e9kelyf\u00f6ld \u00ed. k.<\/p>\n","protected":false},"featured_media":0,"comment_status":"open","ping_status":"closed","template":"","meta":[],"product_brand":[],"product_cat":[137],"product_tag":[],"class_list":{"0":"post-22170","1":"product","2":"type-product","3":"status-publish","5":"product_cat-maros-megyei-eletrajzi-lexikon","7":"first","8":"instock","9":"shipping-taxable","10":"product-type-simple"},"_links":{"self":[{"href":"https:\/\/uj.adatbank.ro\/lexikon\/wp-json\/wp\/v2\/product\/22170","targetHints":{"allow":["GET"]}}],"collection":[{"href":"https:\/\/uj.adatbank.ro\/lexikon\/wp-json\/wp\/v2\/product"}],"about":[{"href":"https:\/\/uj.adatbank.ro\/lexikon\/wp-json\/wp\/v2\/types\/product"}],"replies":[{"embeddable":true,"href":"https:\/\/uj.adatbank.ro\/lexikon\/wp-json\/wp\/v2\/comments?post=22170"}],"wp:attachment":[{"href":"https:\/\/uj.adatbank.ro\/lexikon\/wp-json\/wp\/v2\/media?parent=22170"}],"wp:term":[{"taxonomy":"product_brand","embeddable":true,"href":"https:\/\/uj.adatbank.ro\/lexikon\/wp-json\/wp\/v2\/product_brand?post=22170"},{"taxonomy":"product_cat","embeddable":true,"href":"https:\/\/uj.adatbank.ro\/lexikon\/wp-json\/wp\/v2\/product_cat?post=22170"},{"taxonomy":"product_tag","embeddable":true,"href":"https:\/\/uj.adatbank.ro\/lexikon\/wp-json\/wp\/v2\/product_tag?post=22170"}],"curies":[{"name":"wp","href":"https:\/\/api.w.org\/{rel}","templated":true}]}}