{"id":22171,"date":"2025-07-22T19:51:34","date_gmt":"2025-07-22T17:51:34","guid":{"rendered":"https:\/\/uj.adatbank.ro\/lexikon\/termek\/szentpetery-jozsef-%c2%a7-szentpeteri-jozsef\/"},"modified":"2025-07-22T19:51:34","modified_gmt":"2025-07-22T17:51:34","slug":"szentpetery-jozsef-%c2%a7-szentpeteri-jozsef","status":"publish","type":"product","link":"https:\/\/uj.adatbank.ro\/lexikon\/termek\/szentpetery-jozsef-%c2%a7-szentpeteri-jozsef\/","title":{"rendered":"SZENTP\u00c9TERY J\u00f3zsef, \u00a7 SZENTP\u00c9TERI J\u00f3zsef"},"content":{"rendered":"<p>Kv., 1921. febr. 14 \u2020?: orvos, az anat\u00f3mia el\u0151ad\u00f3tan\u00e1ra. \u2013 El\u0151ad\u00f3tan\u00e1ra lett (1949\u201369), a mv.-i Fogsz\u00f6vettani Labor. Vezet\u0151je volt. Szegedre k\u00f6lt\u00f6z\u00f6tt, ahol fogorvos, \u00e9s az egyetem Fog\u00e1szati Klinik\u00e1j\u00e1n egyetemi adjunktus (\u20131973), egyetemi docens (\u20131979) az or\u00e1lis biol\u00f3gia \u00e9s a konzerv\u00e1l\u00f3 fog\u00e1szat el\u0151ad\u00f3ja. A Debreceni Orvostudom\u00e1nyi Egyetem Fog\u00e1szati Klinik\u00e1j\u00e1n tansz\u00e9kvezet\u0151 egyetemi tan\u00e1r (1979\u201386). Kialak\u00edtotta a klinika k\u00f3rbonctani-k\u00f3rsz\u00f6vettani laborat\u00f3rium\u00e1t. Hajd\u00fa-Bihar megye sztomatol\u00f3giai f\u0151orvosa (1980\u201386). Nyugd\u00edjaz\u00e1sa ut\u00e1n is r\u00e9szt vett az elm\u00e9leti \u00e9s gyakorlati oktat\u00e1sban a szegedi \u00e9s ceni klinik\u00e1n. Professzor emeritus c\u00edmmel t\u00fcntett\u00e9k ki (1991). Kutat\u00e1si ter\u00fclete: a t\u00e1pcsatorna, a nyel\u0151cs\u0151, a gyomor, a b\u00e9l beidegz\u0151d\u00e9se, a fogb\u00e9l megbeteged\u00e9sei, a fogak m\u00e9sztelen\u00edt\u00e9se, dentink\u00e9sz\u00edtm\u00e9nyek el\u0151\u00e1ll\u00edt\u00e1sa. Dolgozatai: Stomatologia, Studii \u015fi Cercet\u0103ri de Neurologie, Orvosi Szemle, Fogorvosi Szemle, Fogtechnikai Szemle, K\u00eds\u00e9rletes Orvostudom\u00e1ny-ban jelentek meg. A Fogorvosi Szemle szerkeszt\u0151bizotts\u00e1gi tagja. <strong>F. m.<\/strong>: Belorvosi gyakorlatban haszn\u00e1latos idegen szavak etimol\u00f3gi\u00e1ja. (Mv., 1956); Az ember rendszeres anat\u00f3mi\u00e1ja 1\u20132. k\u00f6t. (Mv., 1960, 1962); <strong>t\u00e1rssz.:<\/strong> Embriol\u00f3gia. (Mv., 1951.); Anatomie. Angiologia, glandele endocrine, sistemul nervos, organe de sim\u0163. (Buc., 1966); Cercet\u0103ri medicale. (Buc., 1968.); Or\u00e1lis biol\u00f3gia III. \u00e9ves fogorvostan hallgat\u00f3k r\u00e9sz\u00e9re (Szeged, 1971, t\u00f6bb kiad\u00e1sban 1991 ig.). <br \/><strong>Irod.:<\/strong> Dezs\u0151 Istv\u00e1n; MOGYE; Nagy L; P\u00e9ter; Todea.<\/br><\/p>\n","protected":false},"excerpt":{"rendered":"<p>Kv., 1921. febr. 14 \u2020?: orvos, az anat\u00f3mia el\u0151ad\u00f3tan\u00e1ra. \u2013 El\u0151ad\u00f3tan\u00e1ra lett (1949\u201369), a mv.-i Fogsz\u00f6vettani Labor. Vezet\u0151je volt. Szegedre k\u00f6lt\u00f6z\u00f6tt, ahol fogorvos, \u00e9s az egyetem Fog\u00e1szati Klinik\u00e1j\u00e1n egyetemi adjunktus (\u20131973), egyetemi docens (\u20131979) az or\u00e1lis biol\u00f3gia \u00e9s a konzerv\u00e1l\u00f3 fog\u00e1szat el\u0151ad\u00f3ja. A Debreceni Orvostudom\u00e1nyi Egyetem Fog\u00e1szati Klinik\u00e1j\u00e1n tansz\u00e9kvezet\u0151 egyetemi tan\u00e1r (1979\u201386). Kialak\u00edtotta a klinika [&hellip;]<\/p>\n","protected":false},"featured_media":0,"comment_status":"open","ping_status":"closed","template":"","meta":[],"product_brand":[],"product_cat":[137],"product_tag":[],"class_list":{"0":"post-22171","1":"product","2":"type-product","3":"status-publish","5":"product_cat-maros-megyei-eletrajzi-lexikon","7":"first","8":"instock","9":"shipping-taxable","10":"product-type-simple"},"_links":{"self":[{"href":"https:\/\/uj.adatbank.ro\/lexikon\/wp-json\/wp\/v2\/product\/22171","targetHints":{"allow":["GET"]}}],"collection":[{"href":"https:\/\/uj.adatbank.ro\/lexikon\/wp-json\/wp\/v2\/product"}],"about":[{"href":"https:\/\/uj.adatbank.ro\/lexikon\/wp-json\/wp\/v2\/types\/product"}],"replies":[{"embeddable":true,"href":"https:\/\/uj.adatbank.ro\/lexikon\/wp-json\/wp\/v2\/comments?post=22171"}],"wp:attachment":[{"href":"https:\/\/uj.adatbank.ro\/lexikon\/wp-json\/wp\/v2\/media?parent=22171"}],"wp:term":[{"taxonomy":"product_brand","embeddable":true,"href":"https:\/\/uj.adatbank.ro\/lexikon\/wp-json\/wp\/v2\/product_brand?post=22171"},{"taxonomy":"product_cat","embeddable":true,"href":"https:\/\/uj.adatbank.ro\/lexikon\/wp-json\/wp\/v2\/product_cat?post=22171"},{"taxonomy":"product_tag","embeddable":true,"href":"https:\/\/uj.adatbank.ro\/lexikon\/wp-json\/wp\/v2\/product_tag?post=22171"}],"curies":[{"name":"wp","href":"https:\/\/api.w.org\/{rel}","templated":true}]}}