{"id":22172,"date":"2025-07-22T19:51:36","date_gmt":"2025-07-22T17:51:36","guid":{"rendered":"https:\/\/uj.adatbank.ro\/lexikon\/termek\/szentpetery-odon\/"},"modified":"2025-07-22T19:51:36","modified_gmt":"2025-07-22T17:51:36","slug":"szentpetery-odon","status":"publish","type":"product","link":"https:\/\/uj.adatbank.ro\/lexikon\/termek\/szentpetery-odon\/","title":{"rendered":"SZENTP\u00c9TERY \u00d6d\u00f6n"},"content":{"rendered":"<p>? \u2020?: \u00fcgyv\u00e9d. \u2013 Mv.-en \u00fcgyv\u00e9d, dr. \u2013 A MT\u00e1rstud. Egyes\u00fclet alap\u00edt\u00f3 tagja (1907).A MSE v\u00edv\u00f3szakoszt\u00e1ly\u00e1nak tagja (1920). A MSE eln\u00f6ke (1924). Sajt\u00f3- \u00e9s Sportnapot rendezett a MSE \u00e9s a Magyar \u00dajs\u00e1g\u00edr\u00f3k Klubja, amelynek f\u0151v\u00e9dn\u00f6ke volt (1926). Feles\u00e9ge tan\u00e1cstag (1926). <br \/><strong>Irod.:<\/strong> Id\u0151t\u00e1r 3; Illy\u00e9s; Kl\u00f3sz\u2013Tolok\u00e1n; MT\u00e1rstud. Egyes\u00fclet.<\/br><\/p>\n","protected":false},"excerpt":{"rendered":"<p>? \u2020?: \u00fcgyv\u00e9d. \u2013 Mv.-en \u00fcgyv\u00e9d, dr. \u2013 A MT\u00e1rstud. Egyes\u00fclet alap\u00edt\u00f3 tagja (1907).A MSE v\u00edv\u00f3szakoszt\u00e1ly\u00e1nak tagja (1920). A MSE eln\u00f6ke (1924). Sajt\u00f3- \u00e9s Sportnapot rendezett a MSE \u00e9s a Magyar \u00dajs\u00e1g\u00edr\u00f3k Klubja, amelynek f\u0151v\u00e9dn\u00f6ke volt (1926). Feles\u00e9ge tan\u00e1cstag (1926). Irod.: Id\u0151t\u00e1r 3; Illy\u00e9s; Kl\u00f3sz\u2013Tolok\u00e1n; MT\u00e1rstud. Egyes\u00fclet.<\/p>\n","protected":false},"featured_media":0,"comment_status":"open","ping_status":"closed","template":"","meta":[],"product_brand":[],"product_cat":[137],"product_tag":[],"class_list":{"0":"post-22172","1":"product","2":"type-product","3":"status-publish","5":"product_cat-maros-megyei-eletrajzi-lexikon","7":"first","8":"instock","9":"shipping-taxable","10":"product-type-simple"},"_links":{"self":[{"href":"https:\/\/uj.adatbank.ro\/lexikon\/wp-json\/wp\/v2\/product\/22172","targetHints":{"allow":["GET"]}}],"collection":[{"href":"https:\/\/uj.adatbank.ro\/lexikon\/wp-json\/wp\/v2\/product"}],"about":[{"href":"https:\/\/uj.adatbank.ro\/lexikon\/wp-json\/wp\/v2\/types\/product"}],"replies":[{"embeddable":true,"href":"https:\/\/uj.adatbank.ro\/lexikon\/wp-json\/wp\/v2\/comments?post=22172"}],"wp:attachment":[{"href":"https:\/\/uj.adatbank.ro\/lexikon\/wp-json\/wp\/v2\/media?parent=22172"}],"wp:term":[{"taxonomy":"product_brand","embeddable":true,"href":"https:\/\/uj.adatbank.ro\/lexikon\/wp-json\/wp\/v2\/product_brand?post=22172"},{"taxonomy":"product_cat","embeddable":true,"href":"https:\/\/uj.adatbank.ro\/lexikon\/wp-json\/wp\/v2\/product_cat?post=22172"},{"taxonomy":"product_tag","embeddable":true,"href":"https:\/\/uj.adatbank.ro\/lexikon\/wp-json\/wp\/v2\/product_tag?post=22172"}],"curies":[{"name":"wp","href":"https:\/\/api.w.org\/{rel}","templated":true}]}}