{"id":22177,"date":"2025-07-22T19:51:46","date_gmt":"2025-07-22T17:51:46","guid":{"rendered":"https:\/\/uj.adatbank.ro\/lexikon\/termek\/szentsimoni-janos\/"},"modified":"2025-07-22T19:51:46","modified_gmt":"2025-07-22T17:51:46","slug":"szentsimoni-janos","status":"publish","type":"product","link":"https:\/\/uj.adatbank.ro\/lexikon\/termek\/szentsimoni-janos\/","title":{"rendered":"SZENTSIMONI J\u00e1nos"},"content":{"rendered":"<p>Ny\u00e1r\u00e1dszentsimon? \u2020?: tan\u00e1r, ref. lelk\u00e9sz. \u2013Ref. pap Ny\u00e1r\u00e1dkar\u00e1csonyfalv\u00e1n (1693\u20131703). A mv.-i Schola Particula rektora (1705\u20131707. \u00e1pr.). Kib\u00e9dre (1707. \u00e1pr. \u2013 1710), k\u00e9s\u0151bb Koronk\u00e1ra ment papnak \u00e9s a marossz\u00e9ki reform\u00e1tus egyh\u00e1zmegye jegyz\u0151je is volt. <br \/><strong>Irod.:<\/strong> Id\u0151t\u00e1r 1; Imreh Barna; Koncz; Kozma; Kr\u00f3n. F\u00fcz. (1939. 4\/10); Kib\u00e9d \u00e9s egyh\u00e1za.<\/br><\/p>\n","protected":false},"excerpt":{"rendered":"<p>Ny\u00e1r\u00e1dszentsimon? \u2020?: tan\u00e1r, ref. lelk\u00e9sz. \u2013Ref. pap Ny\u00e1r\u00e1dkar\u00e1csonyfalv\u00e1n (1693\u20131703). A mv.-i Schola Particula rektora (1705\u20131707. \u00e1pr.). Kib\u00e9dre (1707. \u00e1pr. \u2013 1710), k\u00e9s\u0151bb Koronk\u00e1ra ment papnak \u00e9s a marossz\u00e9ki reform\u00e1tus egyh\u00e1zmegye jegyz\u0151je is volt. Irod.: Id\u0151t\u00e1r 1; Imreh Barna; Koncz; Kozma; Kr\u00f3n. F\u00fcz. (1939. 4\/10); Kib\u00e9d \u00e9s egyh\u00e1za.<\/p>\n","protected":false},"featured_media":0,"comment_status":"open","ping_status":"closed","template":"","meta":[],"product_brand":[],"product_cat":[137],"product_tag":[],"class_list":{"0":"post-22177","1":"product","2":"type-product","3":"status-publish","5":"product_cat-maros-megyei-eletrajzi-lexikon","7":"first","8":"instock","9":"shipping-taxable","10":"product-type-simple"},"_links":{"self":[{"href":"https:\/\/uj.adatbank.ro\/lexikon\/wp-json\/wp\/v2\/product\/22177","targetHints":{"allow":["GET"]}}],"collection":[{"href":"https:\/\/uj.adatbank.ro\/lexikon\/wp-json\/wp\/v2\/product"}],"about":[{"href":"https:\/\/uj.adatbank.ro\/lexikon\/wp-json\/wp\/v2\/types\/product"}],"replies":[{"embeddable":true,"href":"https:\/\/uj.adatbank.ro\/lexikon\/wp-json\/wp\/v2\/comments?post=22177"}],"wp:attachment":[{"href":"https:\/\/uj.adatbank.ro\/lexikon\/wp-json\/wp\/v2\/media?parent=22177"}],"wp:term":[{"taxonomy":"product_brand","embeddable":true,"href":"https:\/\/uj.adatbank.ro\/lexikon\/wp-json\/wp\/v2\/product_brand?post=22177"},{"taxonomy":"product_cat","embeddable":true,"href":"https:\/\/uj.adatbank.ro\/lexikon\/wp-json\/wp\/v2\/product_cat?post=22177"},{"taxonomy":"product_tag","embeddable":true,"href":"https:\/\/uj.adatbank.ro\/lexikon\/wp-json\/wp\/v2\/product_tag?post=22177"}],"curies":[{"name":"wp","href":"https:\/\/api.w.org\/{rel}","templated":true}]}}