{"id":22178,"date":"2025-07-22T19:51:49","date_gmt":"2025-07-22T17:51:49","guid":{"rendered":"https:\/\/uj.adatbank.ro\/lexikon\/termek\/szentsimoni-mihaly-sz-simoni-mihaly\/"},"modified":"2025-07-22T19:51:49","modified_gmt":"2025-07-22T17:51:49","slug":"szentsimoni-mihaly-sz-simoni-mihaly","status":"publish","type":"product","link":"https:\/\/uj.adatbank.ro\/lexikon\/termek\/szentsimoni-mihaly-sz-simoni-mihaly\/","title":{"rendered":"SZENTSIMONI Mih\u00e1ly, Sz. Simoni Mih\u00e1ly"},"content":{"rendered":"<p>? \u2020?: ref. lelk\u00e9sz., S\u00f3v\u00e1rad (1692, 1710\u20131713), Nagyerny\u00e9ben (1710), Ny\u00e1r\u00e1dszentsimonban (1716\u20131735) ref. pap. <br \/><strong>Irod.:<\/strong> Imreh Barna.<\/br><\/p>\n","protected":false},"excerpt":{"rendered":"<p>? \u2020?: ref. lelk\u00e9sz., S\u00f3v\u00e1rad (1692, 1710\u20131713), Nagyerny\u00e9ben (1710), Ny\u00e1r\u00e1dszentsimonban (1716\u20131735) ref. pap. Irod.: Imreh Barna.<\/p>\n","protected":false},"featured_media":0,"comment_status":"open","ping_status":"closed","template":"","meta":[],"product_brand":[],"product_cat":[137],"product_tag":[],"class_list":{"0":"post-22178","1":"product","2":"type-product","3":"status-publish","5":"product_cat-maros-megyei-eletrajzi-lexikon","7":"first","8":"instock","9":"shipping-taxable","10":"product-type-simple"},"_links":{"self":[{"href":"https:\/\/uj.adatbank.ro\/lexikon\/wp-json\/wp\/v2\/product\/22178","targetHints":{"allow":["GET"]}}],"collection":[{"href":"https:\/\/uj.adatbank.ro\/lexikon\/wp-json\/wp\/v2\/product"}],"about":[{"href":"https:\/\/uj.adatbank.ro\/lexikon\/wp-json\/wp\/v2\/types\/product"}],"replies":[{"embeddable":true,"href":"https:\/\/uj.adatbank.ro\/lexikon\/wp-json\/wp\/v2\/comments?post=22178"}],"wp:attachment":[{"href":"https:\/\/uj.adatbank.ro\/lexikon\/wp-json\/wp\/v2\/media?parent=22178"}],"wp:term":[{"taxonomy":"product_brand","embeddable":true,"href":"https:\/\/uj.adatbank.ro\/lexikon\/wp-json\/wp\/v2\/product_brand?post=22178"},{"taxonomy":"product_cat","embeddable":true,"href":"https:\/\/uj.adatbank.ro\/lexikon\/wp-json\/wp\/v2\/product_cat?post=22178"},{"taxonomy":"product_tag","embeddable":true,"href":"https:\/\/uj.adatbank.ro\/lexikon\/wp-json\/wp\/v2\/product_tag?post=22178"}],"curies":[{"name":"wp","href":"https:\/\/api.w.org\/{rel}","templated":true}]}}