{"id":22179,"date":"2025-07-22T19:51:51","date_gmt":"2025-07-22T17:51:51","guid":{"rendered":"https:\/\/uj.adatbank.ro\/lexikon\/termek\/szentsimoni-pal\/"},"modified":"2025-07-22T19:51:51","modified_gmt":"2025-07-22T17:51:51","slug":"szentsimoni-pal","status":"publish","type":"product","link":"https:\/\/uj.adatbank.ro\/lexikon\/termek\/szentsimoni-pal\/","title":{"rendered":"SZENTSIMONI P\u00e1l"},"content":{"rendered":"<p>? \u2020\u00a0Gyergy\u00f3szentmikl\u00f3s, 1745. okt. 1.: r. k. pap. Nagyszombaton tanult. Pl\u00e9b\u00e1nos Abosfalv\u00e1n (1721\u201331), Gyergy\u00f3alfaluban (1732\u201335). <br \/><strong>Irod.:<\/strong> Ferenczi S\u00e1ndor 2009.<\/br><\/p>\n","protected":false},"excerpt":{"rendered":"<p>? \u2020\u00a0Gyergy\u00f3szentmikl\u00f3s, 1745. okt. 1.: r. k. pap. Nagyszombaton tanult. Pl\u00e9b\u00e1nos Abosfalv\u00e1n (1721\u201331), Gyergy\u00f3alfaluban (1732\u201335). Irod.: Ferenczi S\u00e1ndor 2009.<\/p>\n","protected":false},"featured_media":0,"comment_status":"open","ping_status":"closed","template":"","meta":[],"product_brand":[],"product_cat":[137],"product_tag":[],"class_list":{"0":"post-22179","1":"product","2":"type-product","3":"status-publish","5":"product_cat-maros-megyei-eletrajzi-lexikon","7":"first","8":"instock","9":"shipping-taxable","10":"product-type-simple"},"_links":{"self":[{"href":"https:\/\/uj.adatbank.ro\/lexikon\/wp-json\/wp\/v2\/product\/22179","targetHints":{"allow":["GET"]}}],"collection":[{"href":"https:\/\/uj.adatbank.ro\/lexikon\/wp-json\/wp\/v2\/product"}],"about":[{"href":"https:\/\/uj.adatbank.ro\/lexikon\/wp-json\/wp\/v2\/types\/product"}],"replies":[{"embeddable":true,"href":"https:\/\/uj.adatbank.ro\/lexikon\/wp-json\/wp\/v2\/comments?post=22179"}],"wp:attachment":[{"href":"https:\/\/uj.adatbank.ro\/lexikon\/wp-json\/wp\/v2\/media?parent=22179"}],"wp:term":[{"taxonomy":"product_brand","embeddable":true,"href":"https:\/\/uj.adatbank.ro\/lexikon\/wp-json\/wp\/v2\/product_brand?post=22179"},{"taxonomy":"product_cat","embeddable":true,"href":"https:\/\/uj.adatbank.ro\/lexikon\/wp-json\/wp\/v2\/product_cat?post=22179"},{"taxonomy":"product_tag","embeddable":true,"href":"https:\/\/uj.adatbank.ro\/lexikon\/wp-json\/wp\/v2\/product_tag?post=22179"}],"curies":[{"name":"wp","href":"https:\/\/api.w.org\/{rel}","templated":true}]}}