{"id":22180,"date":"2025-07-22T19:51:52","date_gmt":"2025-07-22T17:51:52","guid":{"rendered":"https:\/\/uj.adatbank.ro\/lexikon\/termek\/szep-sovaradi\/"},"modified":"2025-07-22T19:51:52","modified_gmt":"2025-07-22T17:51:52","slug":"szep-sovaradi","status":"publish","type":"product","link":"https:\/\/uj.adatbank.ro\/lexikon\/termek\/szep-sovaradi\/","title":{"rendered":"SZ\u00c9P, s\u00f3v\u00e1radi"},"content":{"rendered":"<p>A csal\u00e1db\u00f3l Sz. Istv\u00e1n nyert primipilusi levelet (l\u00f3f\u0151s\u00e9get) Bethlen G\u00e1bort\u00f3l (1614. febr. 16.). <br \/><strong>Irod.:<\/strong> Kempelen; P\u00e1lmay.<\/br><\/p>\n","protected":false},"excerpt":{"rendered":"<p>A csal\u00e1db\u00f3l Sz. Istv\u00e1n nyert primipilusi levelet (l\u00f3f\u0151s\u00e9get) Bethlen G\u00e1bort\u00f3l (1614. febr. 16.). Irod.: Kempelen; P\u00e1lmay.<\/p>\n","protected":false},"featured_media":0,"comment_status":"open","ping_status":"closed","template":"","meta":[],"product_brand":[],"product_cat":[137],"product_tag":[],"class_list":{"0":"post-22180","1":"product","2":"type-product","3":"status-publish","5":"product_cat-maros-megyei-eletrajzi-lexikon","7":"first","8":"instock","9":"shipping-taxable","10":"product-type-simple"},"_links":{"self":[{"href":"https:\/\/uj.adatbank.ro\/lexikon\/wp-json\/wp\/v2\/product\/22180","targetHints":{"allow":["GET"]}}],"collection":[{"href":"https:\/\/uj.adatbank.ro\/lexikon\/wp-json\/wp\/v2\/product"}],"about":[{"href":"https:\/\/uj.adatbank.ro\/lexikon\/wp-json\/wp\/v2\/types\/product"}],"replies":[{"embeddable":true,"href":"https:\/\/uj.adatbank.ro\/lexikon\/wp-json\/wp\/v2\/comments?post=22180"}],"wp:attachment":[{"href":"https:\/\/uj.adatbank.ro\/lexikon\/wp-json\/wp\/v2\/media?parent=22180"}],"wp:term":[{"taxonomy":"product_brand","embeddable":true,"href":"https:\/\/uj.adatbank.ro\/lexikon\/wp-json\/wp\/v2\/product_brand?post=22180"},{"taxonomy":"product_cat","embeddable":true,"href":"https:\/\/uj.adatbank.ro\/lexikon\/wp-json\/wp\/v2\/product_cat?post=22180"},{"taxonomy":"product_tag","embeddable":true,"href":"https:\/\/uj.adatbank.ro\/lexikon\/wp-json\/wp\/v2\/product_tag?post=22180"}],"curies":[{"name":"wp","href":"https:\/\/api.w.org\/{rel}","templated":true}]}}