{"id":22184,"date":"2025-07-22T19:52:02","date_gmt":"2025-07-22T17:52:02","guid":{"rendered":"https:\/\/uj.adatbank.ro\/lexikon\/termek\/szep-gyorgy\/"},"modified":"2025-07-22T19:52:02","modified_gmt":"2025-07-22T17:52:02","slug":"szep-gyorgy","status":"publish","type":"product","link":"https:\/\/uj.adatbank.ro\/lexikon\/termek\/szep-gyorgy\/","title":{"rendered":"SZ\u00c9P Gy\u00f6rgy"},"content":{"rendered":"<p>1944., \u2020 Mv., 2021. m\u00e1rc.13?: fest\u0151m\u0171v\u00e9sz. \u2013 Tanulm\u00e1nyait a mv.-i M\u0171v\u00e9szeti L\u00edceumban v\u00e9gezte. Mv.-en dolgozott. Erd\u00e9lyi ki\u00e1ll\u00edt\u00e1sokon szerepelt. <br \/><strong>Irod.:<\/strong> Elhal\u00e1loz\u00e1s (N\u00fa.,2021. m\u00e1rc. 15.); Szab\u00f3-K\u00e1llai; Nagy M. K. M\u0171terem.<\/br><\/p>\n","protected":false},"excerpt":{"rendered":"<p>1944., \u2020 Mv., 2021. m\u00e1rc.13?: fest\u0151m\u0171v\u00e9sz. \u2013 Tanulm\u00e1nyait a mv.-i M\u0171v\u00e9szeti L\u00edceumban v\u00e9gezte. Mv.-en dolgozott. Erd\u00e9lyi ki\u00e1ll\u00edt\u00e1sokon szerepelt. Irod.: Elhal\u00e1loz\u00e1s (N\u00fa.,2021. m\u00e1rc. 15.); Szab\u00f3-K\u00e1llai; Nagy M. K. M\u0171terem.<\/p>\n","protected":false},"featured_media":0,"comment_status":"open","ping_status":"closed","template":"","meta":[],"product_brand":[],"product_cat":[137],"product_tag":[],"class_list":{"0":"post-22184","1":"product","2":"type-product","3":"status-publish","5":"product_cat-maros-megyei-eletrajzi-lexikon","7":"first","8":"instock","9":"shipping-taxable","10":"product-type-simple"},"_links":{"self":[{"href":"https:\/\/uj.adatbank.ro\/lexikon\/wp-json\/wp\/v2\/product\/22184","targetHints":{"allow":["GET"]}}],"collection":[{"href":"https:\/\/uj.adatbank.ro\/lexikon\/wp-json\/wp\/v2\/product"}],"about":[{"href":"https:\/\/uj.adatbank.ro\/lexikon\/wp-json\/wp\/v2\/types\/product"}],"replies":[{"embeddable":true,"href":"https:\/\/uj.adatbank.ro\/lexikon\/wp-json\/wp\/v2\/comments?post=22184"}],"wp:attachment":[{"href":"https:\/\/uj.adatbank.ro\/lexikon\/wp-json\/wp\/v2\/media?parent=22184"}],"wp:term":[{"taxonomy":"product_brand","embeddable":true,"href":"https:\/\/uj.adatbank.ro\/lexikon\/wp-json\/wp\/v2\/product_brand?post=22184"},{"taxonomy":"product_cat","embeddable":true,"href":"https:\/\/uj.adatbank.ro\/lexikon\/wp-json\/wp\/v2\/product_cat?post=22184"},{"taxonomy":"product_tag","embeddable":true,"href":"https:\/\/uj.adatbank.ro\/lexikon\/wp-json\/wp\/v2\/product_tag?post=22184"}],"curies":[{"name":"wp","href":"https:\/\/api.w.org\/{rel}","templated":true}]}}