{"id":22187,"date":"2025-07-22T19:52:08","date_gmt":"2025-07-22T17:52:08","guid":{"rendered":"https:\/\/uj.adatbank.ro\/lexikon\/termek\/szep-janos\/"},"modified":"2025-07-22T19:52:08","modified_gmt":"2025-07-22T17:52:08","slug":"szep-janos","status":"publish","type":"product","link":"https:\/\/uj.adatbank.ro\/lexikon\/termek\/szep-janos\/","title":{"rendered":"SZ\u00c9P J\u00e1nos"},"content":{"rendered":"<p>? \u2020?: tan\u00edt\u00f3. \u2013 Nagyerny\u00e9ben (1759\u20131767), Sz\u00e9kelycs\u00f3k\u00e1n tan\u00edtott (1794). <br \/><strong>Irod.:<\/strong> Imreh Barna; Sz\u00e9kelycs\u00f3ka.<\/br><\/p>\n","protected":false},"excerpt":{"rendered":"<p>? \u2020?: tan\u00edt\u00f3. \u2013 Nagyerny\u00e9ben (1759\u20131767), Sz\u00e9kelycs\u00f3k\u00e1n tan\u00edtott (1794). Irod.: Imreh Barna; Sz\u00e9kelycs\u00f3ka.<\/p>\n","protected":false},"featured_media":0,"comment_status":"open","ping_status":"closed","template":"","meta":[],"product_brand":[],"product_cat":[137],"product_tag":[],"class_list":{"0":"post-22187","1":"product","2":"type-product","3":"status-publish","5":"product_cat-maros-megyei-eletrajzi-lexikon","7":"first","8":"instock","9":"shipping-taxable","10":"product-type-simple"},"_links":{"self":[{"href":"https:\/\/uj.adatbank.ro\/lexikon\/wp-json\/wp\/v2\/product\/22187","targetHints":{"allow":["GET"]}}],"collection":[{"href":"https:\/\/uj.adatbank.ro\/lexikon\/wp-json\/wp\/v2\/product"}],"about":[{"href":"https:\/\/uj.adatbank.ro\/lexikon\/wp-json\/wp\/v2\/types\/product"}],"replies":[{"embeddable":true,"href":"https:\/\/uj.adatbank.ro\/lexikon\/wp-json\/wp\/v2\/comments?post=22187"}],"wp:attachment":[{"href":"https:\/\/uj.adatbank.ro\/lexikon\/wp-json\/wp\/v2\/media?parent=22187"}],"wp:term":[{"taxonomy":"product_brand","embeddable":true,"href":"https:\/\/uj.adatbank.ro\/lexikon\/wp-json\/wp\/v2\/product_brand?post=22187"},{"taxonomy":"product_cat","embeddable":true,"href":"https:\/\/uj.adatbank.ro\/lexikon\/wp-json\/wp\/v2\/product_cat?post=22187"},{"taxonomy":"product_tag","embeddable":true,"href":"https:\/\/uj.adatbank.ro\/lexikon\/wp-json\/wp\/v2\/product_tag?post=22187"}],"curies":[{"name":"wp","href":"https:\/\/api.w.org\/{rel}","templated":true}]}}