{"id":22189,"date":"2025-07-22T19:52:13","date_gmt":"2025-07-22T17:52:13","guid":{"rendered":"https:\/\/uj.adatbank.ro\/lexikon\/termek\/szep-mozes\/"},"modified":"2025-07-22T19:52:13","modified_gmt":"2025-07-22T17:52:13","slug":"szep-mozes","status":"publish","type":"product","link":"https:\/\/uj.adatbank.ro\/lexikon\/termek\/szep-mozes\/","title":{"rendered":"SZ\u00c9P M\u00f3zes"},"content":{"rendered":"<p>Sz\u00e9kelykakasd, 1900 \u2020?: gazd\u00e1lkod\u00f3. \u2013 Sz\u00fcl\u0151faluj\u00e1ban folytatott \u00f6n\u00e1ll\u00f3 gazd\u00e1lkod\u00e1st (1929\u2013). Minden kultur\u00e1lis \u00e9s hazafias egyes\u00fclet t\u00e1mogat\u00f3ja, a MP tagja volt. Irod.: Sz\u00e9kelyf\u00f6ld \u00ed. k.<\/br><\/p>\n","protected":false},"excerpt":{"rendered":"<p>Sz\u00e9kelykakasd, 1900 \u2020?: gazd\u00e1lkod\u00f3. \u2013 Sz\u00fcl\u0151faluj\u00e1ban folytatott \u00f6n\u00e1ll\u00f3 gazd\u00e1lkod\u00e1st (1929\u2013). Minden kultur\u00e1lis \u00e9s hazafias egyes\u00fclet t\u00e1mogat\u00f3ja, a MP tagja volt. Irod.: Sz\u00e9kelyf\u00f6ld \u00ed. k.<\/p>\n","protected":false},"featured_media":0,"comment_status":"open","ping_status":"closed","template":"","meta":[],"product_brand":[],"product_cat":[137],"product_tag":[],"class_list":{"0":"post-22189","1":"product","2":"type-product","3":"status-publish","5":"product_cat-maros-megyei-eletrajzi-lexikon","7":"first","8":"instock","9":"shipping-taxable","10":"product-type-simple"},"_links":{"self":[{"href":"https:\/\/uj.adatbank.ro\/lexikon\/wp-json\/wp\/v2\/product\/22189","targetHints":{"allow":["GET"]}}],"collection":[{"href":"https:\/\/uj.adatbank.ro\/lexikon\/wp-json\/wp\/v2\/product"}],"about":[{"href":"https:\/\/uj.adatbank.ro\/lexikon\/wp-json\/wp\/v2\/types\/product"}],"replies":[{"embeddable":true,"href":"https:\/\/uj.adatbank.ro\/lexikon\/wp-json\/wp\/v2\/comments?post=22189"}],"wp:attachment":[{"href":"https:\/\/uj.adatbank.ro\/lexikon\/wp-json\/wp\/v2\/media?parent=22189"}],"wp:term":[{"taxonomy":"product_brand","embeddable":true,"href":"https:\/\/uj.adatbank.ro\/lexikon\/wp-json\/wp\/v2\/product_brand?post=22189"},{"taxonomy":"product_cat","embeddable":true,"href":"https:\/\/uj.adatbank.ro\/lexikon\/wp-json\/wp\/v2\/product_cat?post=22189"},{"taxonomy":"product_tag","embeddable":true,"href":"https:\/\/uj.adatbank.ro\/lexikon\/wp-json\/wp\/v2\/product_tag?post=22189"}],"curies":[{"name":"wp","href":"https:\/\/api.w.org\/{rel}","templated":true}]}}