{"id":2219,"date":"2025-06-28T12:07:22","date_gmt":"2025-06-28T10:07:22","guid":{"rendered":"https:\/\/uj.adatbank.ro\/lexikon\/termek\/banffy-zsigmond-2\/"},"modified":"2025-06-28T12:07:22","modified_gmt":"2025-06-28T10:07:22","slug":"banffy-zsigmond-2","status":"publish","type":"product","link":"https:\/\/uj.adatbank.ro\/lexikon\/termek\/banffy-zsigmond-2\/","title":{"rendered":"B\u00c1NFFY Zsigmond"},"content":{"rendered":"<p>1802. \u2020 Kv., 1885. nov. 11.: birtokos. \u2013 Feles\u00e9ge: bethleni gr. Bethlen Anna (1808. \u2013 Koronka, 1865. szept. 2.; Marosszentimr\u00e9n temett\u00e9k). Bethlen Imre \u00e9s bethleni gr. Bethlen Roz\u00e1lia le\u00e1nya. Gyermekeik: Roz\u00e1lia M\u00e1riaffy Albertn\u00e9 (\u2020 Gyulatelke, 1865. aug. 23.); Elek; K\u00e1lm\u00e1n; Anna gr. Toldalagi Viktorn\u00e9. <br \/><strong>Irod.:<\/strong> Gudenus; Lev\u00e9lt\u00e1ri gy\u00e1szj.<\/br><\/p>\n","protected":false},"excerpt":{"rendered":"<p>1802. \u2020 Kv., 1885. nov. 11.: birtokos. \u2013 Feles\u00e9ge: bethleni gr. Bethlen Anna (1808. \u2013 Koronka, 1865. szept. 2.; Marosszentimr\u00e9n temett\u00e9k). Bethlen Imre \u00e9s bethleni gr. Bethlen Roz\u00e1lia le\u00e1nya. Gyermekeik: Roz\u00e1lia M\u00e1riaffy Albertn\u00e9 (\u2020 Gyulatelke, 1865. aug. 23.); Elek; K\u00e1lm\u00e1n; Anna gr. Toldalagi Viktorn\u00e9. Irod.: Gudenus; Lev\u00e9lt\u00e1ri gy\u00e1szj.<\/p>\n","protected":false},"featured_media":0,"comment_status":"open","ping_status":"closed","template":"","meta":[],"product_brand":[],"product_cat":[137],"product_tag":[],"class_list":{"0":"post-2219","1":"product","2":"type-product","3":"status-publish","5":"product_cat-maros-megyei-eletrajzi-lexikon","7":"first","8":"instock","9":"shipping-taxable","10":"product-type-simple"},"_links":{"self":[{"href":"https:\/\/uj.adatbank.ro\/lexikon\/wp-json\/wp\/v2\/product\/2219","targetHints":{"allow":["GET"]}}],"collection":[{"href":"https:\/\/uj.adatbank.ro\/lexikon\/wp-json\/wp\/v2\/product"}],"about":[{"href":"https:\/\/uj.adatbank.ro\/lexikon\/wp-json\/wp\/v2\/types\/product"}],"replies":[{"embeddable":true,"href":"https:\/\/uj.adatbank.ro\/lexikon\/wp-json\/wp\/v2\/comments?post=2219"}],"wp:attachment":[{"href":"https:\/\/uj.adatbank.ro\/lexikon\/wp-json\/wp\/v2\/media?parent=2219"}],"wp:term":[{"taxonomy":"product_brand","embeddable":true,"href":"https:\/\/uj.adatbank.ro\/lexikon\/wp-json\/wp\/v2\/product_brand?post=2219"},{"taxonomy":"product_cat","embeddable":true,"href":"https:\/\/uj.adatbank.ro\/lexikon\/wp-json\/wp\/v2\/product_cat?post=2219"},{"taxonomy":"product_tag","embeddable":true,"href":"https:\/\/uj.adatbank.ro\/lexikon\/wp-json\/wp\/v2\/product_tag?post=2219"}],"curies":[{"name":"wp","href":"https:\/\/api.w.org\/{rel}","templated":true}]}}