{"id":22192,"date":"2025-07-22T19:52:19","date_gmt":"2025-07-22T17:52:19","guid":{"rendered":"https:\/\/uj.adatbank.ro\/lexikon\/termek\/szeplaki-istvan\/"},"modified":"2025-07-22T19:52:19","modified_gmt":"2025-07-22T17:52:19","slug":"szeplaki-istvan","status":"publish","type":"product","link":"https:\/\/uj.adatbank.ro\/lexikon\/termek\/szeplaki-istvan\/","title":{"rendered":"SZ\u00c9PLAKI Istv\u00e1n"},"content":{"rendered":"<p>? \u2020?: birtokos. \u2013 A n\u00e9hai Szentp\u00e1li Mih\u00e1ly fia, beseny\u0151i j\u00f3sz\u00e1g\u00e1t a szentp\u00e1li, ugrai, lackodi \u00e9s gyulasi birtokr\u00e9szekkel egy\u00fctt, H\u00e9derf\u00e1ji Istv\u00e1nnak adja \u00e1t kezel\u00e9sre (1469). <br \/><strong>Irod.:<\/strong> B\u00faz\u00e1sbeseny\u0151.<\/br><\/p>\n","protected":false},"excerpt":{"rendered":"<p>? \u2020?: birtokos. \u2013 A n\u00e9hai Szentp\u00e1li Mih\u00e1ly fia, beseny\u0151i j\u00f3sz\u00e1g\u00e1t a szentp\u00e1li, ugrai, lackodi \u00e9s gyulasi birtokr\u00e9szekkel egy\u00fctt, H\u00e9derf\u00e1ji Istv\u00e1nnak adja \u00e1t kezel\u00e9sre (1469). Irod.: B\u00faz\u00e1sbeseny\u0151.<\/p>\n","protected":false},"featured_media":0,"comment_status":"open","ping_status":"closed","template":"","meta":[],"product_brand":[],"product_cat":[137],"product_tag":[],"class_list":{"0":"post-22192","1":"product","2":"type-product","3":"status-publish","5":"product_cat-maros-megyei-eletrajzi-lexikon","7":"first","8":"instock","9":"shipping-taxable","10":"product-type-simple"},"_links":{"self":[{"href":"https:\/\/uj.adatbank.ro\/lexikon\/wp-json\/wp\/v2\/product\/22192","targetHints":{"allow":["GET"]}}],"collection":[{"href":"https:\/\/uj.adatbank.ro\/lexikon\/wp-json\/wp\/v2\/product"}],"about":[{"href":"https:\/\/uj.adatbank.ro\/lexikon\/wp-json\/wp\/v2\/types\/product"}],"replies":[{"embeddable":true,"href":"https:\/\/uj.adatbank.ro\/lexikon\/wp-json\/wp\/v2\/comments?post=22192"}],"wp:attachment":[{"href":"https:\/\/uj.adatbank.ro\/lexikon\/wp-json\/wp\/v2\/media?parent=22192"}],"wp:term":[{"taxonomy":"product_brand","embeddable":true,"href":"https:\/\/uj.adatbank.ro\/lexikon\/wp-json\/wp\/v2\/product_brand?post=22192"},{"taxonomy":"product_cat","embeddable":true,"href":"https:\/\/uj.adatbank.ro\/lexikon\/wp-json\/wp\/v2\/product_cat?post=22192"},{"taxonomy":"product_tag","embeddable":true,"href":"https:\/\/uj.adatbank.ro\/lexikon\/wp-json\/wp\/v2\/product_tag?post=22192"}],"curies":[{"name":"wp","href":"https:\/\/api.w.org\/{rel}","templated":true}]}}