{"id":22193,"date":"2025-07-22T19:52:22","date_gmt":"2025-07-22T17:52:22","guid":{"rendered":"https:\/\/uj.adatbank.ro\/lexikon\/termek\/szepreti-lilla-%c2%a7-szeprethy-lilla-zsigmond-karolyne-alneve-zsigmond-marta\/"},"modified":"2025-07-22T19:52:22","modified_gmt":"2025-07-22T17:52:22","slug":"szepreti-lilla-%c2%a7-szeprethy-lilla-zsigmond-karolyne-alneve-zsigmond-marta","status":"publish","type":"product","link":"https:\/\/uj.adatbank.ro\/lexikon\/termek\/szepreti-lilla-%c2%a7-szeprethy-lilla-zsigmond-karolyne-alneve-zsigmond-marta\/","title":{"rendered":"SZ\u00c9PR\u00c9TI Lilla, \u00a7 Sz\u00e9pr\u00e9thy Lilla; Zsigmond K\u00e1rolyn\u00e9; \u00e1lneve: Zsigmond M\u00e1rta"},"content":{"rendered":"<p>Brass\u00f3, 1937. m\u00e1rc. 14., \u2020 Olth\u00e9v\u00edz, 1992. m\u00e1j. 15., aut\u00f3balesetben halt meg, Mv.-en a ref. temet\u0151ben nyugszik. : \u00edr\u00f3, \u00fajs\u00e1g\u00edr\u00f3, riporter. \u2013 Sz. B\u00e9la (1898\u20131987), g\u00e9p\u00e9szm\u00e9rn\u00f6k \u00e9s nagybaczoni Moln\u00e1r Margit (1905\u20131965) le\u00e1nya. Testv\u00e9rei: N\u00f3ra (1929\u20131981), ikertestv\u00e9re Zita (1937. m\u00e1rc. 14. \u2013). F\u00e9rje: Zsigmond K\u00e1roly (S\u00e1rk\u00e1ny, 1932. dec. 4.\u2013), \u00e1ltal\u00e1nos f\u0151orvos Gyermekeik: Eszter (Mv., 1964. szept. 26.\u2013), m\u0171v\u00e9szett\u00f6rt\u00e9n\u00e9sz; G\u00e9za (Mv., 1969. \u00e1pr. 30.\u2013), Ph. Dr. fizikus. \u2013 Brass\u00f3ban \u00e9retts\u00e9gizett az \u00c1prili Lajos l\u00edc.-ban (1954), a kv.-i BTE.-en m. szakos tan\u00e1ri oklevelet szerzett (1959); a Ga\u00e1l G\u00e1bor K\u00f6r eln\u00f6ke volt (1957\u201359). A mv.-i \u00daj \u00c9let c. lap szerk.-je megsz\u0171n\u00e9s\u00e9ig (1959\u201389), majd az Erd\u00e9lyi Figyel\u0151 bels\u0151 munkat\u00e1rsa volt (1990-t\u00fal a hal\u00e1l\u00e1ig). Tagja volt a Rom\u00e1niai \u00edr\u00f3k Sz\u00f6vets\u00e9g\u00e9nek, az els\u0151 Forr\u00e1s nemzed\u00e9khez sorolj\u00e1k. Reg\u00e9nyeiben \u00e9s elbesz\u00e9l\u00e9seiben jellegzetes n\u0151t\u00edpusokat \u00e1br\u00e1zolt, emellett k\u00e9t mesereg\u00e9nyt is \u00edrt. Csal\u00e1d-reg\u00e9ny c. \u00f6n\u00e9letrajzi jelleg\u0171 m\u0171v\u00e9ben, amely csak hal\u00e1la ut\u00e1n jelent meg, egy sz\u00e1sz-m. polg\u00e1rcsal\u00e1d sz\u00e1z\u00e9ves t\u00f6rt\u00e9net\u00e9t mutatta be. Dokumentum\u00e9rt\u00e9k\u0171 riportokat k\u00e9sz\u00edtett, Marx J\u00f3zsef fot\u00f3val illusztr\u00e1lt sz\u00ednes riportokban mutatta be az \u00daj \u00c9letben Erd\u00e9ly nevezetes m\u0171eml\u00e9keit, v\u00e1rait, kast\u00e9lyait, sz\u00e9kesegyh\u00e1zait. (1969\u201379). K\u00f6z\u00f6lt m\u00e9g az Utunk, A H\u00e9t, Brass\u00f3i Lapok, Igaz Sz\u00f3, El\u0151re, J\u00f3bar\u00e1t, V.Z., N\u00fa., Kereszt\u00e9ny Sz\u00f3, \u00daj Mo.-i Magazin, Sz\u00e9pirodalom, Pal\u00f3c-f\u00f6ld has\u00e1bjain. A Mv.-i R\u00e1di\u00f3nak is dolgozott. Az Utunk riportp\u00e1ly\u00e1zat\u00e1n els\u0151 d\u00edjat (1964), a Dolgoz\u00f3 N\u0151 novellap\u00e1ly\u00e1zat\u00e1n III. d\u00edjat, az Orsz\u00e1gos Pion\u00edrtan\u00e1cs d\u00edj\u00e1t (1971) is elnyerte. \u2013 <strong><strong>F. m.<\/strong><\/strong>: Egy sz\u00e1l sv\u00e9d gyufa (kisreg.; Buk., 1965); P\u00e1rhuzamos vonatok (elb.; Buk., 1968); Z\u00f6ld m\u00e9cses (kisreg.; Buk. 1969); Zsuzsu Seremberekben (mesereg.; Ambrus Imre ill., Buk., 1971); Utaz\u00e1s any\u00e1mmal (elb.; Kv., 1974); Napot j\u00e1r\u00f3 pillang\u00f3 (mesereg.; Buk., 1975); A csal\u00e1d rem\u00e9nys\u00e9ge (kisreg.; Buk., 1976); R\u00e9gi \u00e9s \u00faj vil\u00e1g: K\u00e9pes levelez\u0151lapok. erd\u00e9lyi m\u0171eml\u00e9kekr\u0151l (\u00fatirajzok; Kv., 1981); Csal\u00e1d-reg\u00e9ny (reg.; Mv., 1996); <strong>antol\u00f3g.:<\/strong> Megtal\u00e1lt vil\u00e1g (Mv., 1968); Miksz\u00e1th K\u00e1lm\u00e1n f\u00e9lcsizm\u00e1ja: az ilyefalvi \u00e9s fogarasi k\u00e9pvisel\u0151 (Sepsiszentgy\u00f6rgy, 1997); Sz\u00e1sz esk\u00fcv\u0151 = \u2013 Volt j\u00f6v\u0151kbe n\u00e9zve: V\u00e1logat\u00e1s a M\u00fazsa irodalmi anyag\u00e1b\u00f3l (Mv., 2001). <br \/><strong>Irod.:<\/strong> Agyag\u00e1si Hajnal: Sz. L. (14 martie 1937\u201325 mai 1992) (Biblioteca Marisiana, 2009, nr. 1.); Genersichek; Gy\u00e1rf\u00e1s 2013; Imreh Ern\u0151: Sz. L. s\u00edrja f\u00f6l\u00f6tt (Erd\u00e9lyi Figyel\u0151, 1992, 3. sz.); A H\u00e9t \u00e9vk. (1978), K\u00e1ntor\u2013L\u00e1ng Kort\u00e1rs M\u00cdKL; Kusz\u00e1lik; Kuti M\u00e1rta 2010; MIIB; Mv.-i \u00c1. sz.N.E; Mv.-i ref. temet\u0151; Nagy P\u00e1l: Itthoni k\u00f6nyv; N\u00fa. (2007. m\u00e1rc. 10); Polg\u00e1r Istv\u00e1n: Fiatal szerz\u0151k m\u0171veir\u0151l (V. Z., 1965. j\u00fan. 26.); RMIL; Sz. L. [Nekrol\u00f3g] (N\u00fa., 1992. m\u00e1j. 19.); Sz. L. \u00e9vfordul\u00f3i (N\u00fa., M\u00fazsa, 2012. m\u00e1rc. 10., 1021. sz.); \u00dajs\u00e1g \u00e9vk (1995); \u00daM\u00c9L; Zsehr\u00e1nszky Istv\u00e1n: A pillang\u00f3 hal\u00e1la (N\u00fa., M\u00fazsa, 1992, m\u00e1j. 22., 56. sz.); Zsigmond K\u00e1roly: A Genersichek \u00e9s ut\u00f3daik (Mv., 2015).<\/br><\/p>\n","protected":false},"excerpt":{"rendered":"<p>Brass\u00f3, 1937. m\u00e1rc. 14., \u2020 Olth\u00e9v\u00edz, 1992. m\u00e1j. 15., aut\u00f3balesetben halt meg, Mv.-en a ref. temet\u0151ben nyugszik. : \u00edr\u00f3, \u00fajs\u00e1g\u00edr\u00f3, riporter. \u2013 Sz. B\u00e9la (1898\u20131987), g\u00e9p\u00e9szm\u00e9rn\u00f6k \u00e9s nagybaczoni Moln\u00e1r Margit (1905\u20131965) le\u00e1nya. Testv\u00e9rei: N\u00f3ra (1929\u20131981), ikertestv\u00e9re Zita (1937. m\u00e1rc. 14. \u2013). F\u00e9rje: Zsigmond K\u00e1roly (S\u00e1rk\u00e1ny, 1932. dec. 4.\u2013), \u00e1ltal\u00e1nos f\u0151orvos Gyermekeik: Eszter (Mv., 1964. szept. [&hellip;]<\/p>\n","protected":false},"featured_media":0,"comment_status":"open","ping_status":"closed","template":"","meta":[],"product_brand":[],"product_cat":[137],"product_tag":[],"class_list":{"0":"post-22193","1":"product","2":"type-product","3":"status-publish","5":"product_cat-maros-megyei-eletrajzi-lexikon","7":"first","8":"instock","9":"shipping-taxable","10":"product-type-simple"},"_links":{"self":[{"href":"https:\/\/uj.adatbank.ro\/lexikon\/wp-json\/wp\/v2\/product\/22193","targetHints":{"allow":["GET"]}}],"collection":[{"href":"https:\/\/uj.adatbank.ro\/lexikon\/wp-json\/wp\/v2\/product"}],"about":[{"href":"https:\/\/uj.adatbank.ro\/lexikon\/wp-json\/wp\/v2\/types\/product"}],"replies":[{"embeddable":true,"href":"https:\/\/uj.adatbank.ro\/lexikon\/wp-json\/wp\/v2\/comments?post=22193"}],"wp:attachment":[{"href":"https:\/\/uj.adatbank.ro\/lexikon\/wp-json\/wp\/v2\/media?parent=22193"}],"wp:term":[{"taxonomy":"product_brand","embeddable":true,"href":"https:\/\/uj.adatbank.ro\/lexikon\/wp-json\/wp\/v2\/product_brand?post=22193"},{"taxonomy":"product_cat","embeddable":true,"href":"https:\/\/uj.adatbank.ro\/lexikon\/wp-json\/wp\/v2\/product_cat?post=22193"},{"taxonomy":"product_tag","embeddable":true,"href":"https:\/\/uj.adatbank.ro\/lexikon\/wp-json\/wp\/v2\/product_tag?post=22193"}],"curies":[{"name":"wp","href":"https:\/\/api.w.org\/{rel}","templated":true}]}}