{"id":22194,"date":"2025-07-22T19:52:25","date_gmt":"2025-07-22T17:52:25","guid":{"rendered":"https:\/\/uj.adatbank.ro\/lexikon\/termek\/szeredai-szentharomsagi-csalad\/"},"modified":"2025-07-22T19:52:25","modified_gmt":"2025-07-22T17:52:25","slug":"szeredai-szentharomsagi-csalad","status":"publish","type":"product","link":"https:\/\/uj.adatbank.ro\/lexikon\/termek\/szeredai-szentharomsagi-csalad\/","title":{"rendered":"SZEREDAI, szenth\u00e1roms\u00e1gi csal\u00e1d"},"content":{"rendered":"<p>Marossz\u00e9k nemes csal\u00e1djainak egyike. Sz. J\u00e1nos, mint primor lustr\u00e1lt Szentront\u00e1sr\u00f3l (1614). M\u00e1r a XVII. sz\u00e1zad elej\u00e9n e helyr\u0151l \u00edrta el\u0151nev\u00e9t, mely n\u00e9ha szent-ront\u00e1si (jobban szent-Tront\u00e1si (azaz S. Trinitas) alakban fordul el\u0151. K\u00f6z\u00fcl\u00fck Krist\u00f3f kir. p\u00e9nzt\u00e1rnok K\u00fck\u00fcll\u0151 megy\u00e9ben (1771), t\u00e1blai sz\u00e1mf\u00f6l\u00f6tti \u00fcln\u00f6k (1784); P\u00e9ter (1771-ben) val\u00f3s\u00e1gos, Ferenc sz\u00e1mf\u00f6l\u00f6tti \u00fcln\u00f6k Marossz\u00e9kben; Elek kir. t\u00e1blai val. \u00fcln\u00f6k (1784); Krist\u00f3f K\u00fck\u00fcll\u0151 megy\u00e9ben szolgab\u00edr\u00f3 (1794), f\u0151b\u00edr\u00f3 (1810-ben); Domokos Kv.-on jezsuita (1773). gy. fej\u00e9rv\u00e1ri kanonok \u00e9s k\u00fck\u00fcll\u0151i f\u0151esperes (1796); Kata f\u00e9rj\u00e9vel, Tompos J\u00e1nossal 3200 ftot alap\u00edtv\u00e1nyoz a mv.-i szemin\u00e1riumra (1781); J\u00e1nos Marossz\u00e9k alkir\u00e1lyb\u00edr\u00e1ja (1810); Benedek dull\u00f3 \u00e9s ad\u00f3\u00edr\u00f3 biztos Marossz\u00e9k ab\u00f3di j\u00e1r\u00e1s\u00e1ban (1827-ben), f\u00fcrd\u00e9s k\u00f6zben a v\u00edzbe f\u00falt; Krist\u00f3f f\u0151b\u00edr\u00f3 K\u00fck\u00fcll\u0151 megy\u00e9ben (1831 k\u00f6r\u00fcl); Antal Marossz\u00e9ki alkir\u00e1lyb\u00edr\u00f3, meghalt 1854. el\u0151tt. M\u00e9g n\u00e9h\u00e1ny n\u0151tagj\u00e1t eml\u00edthetj\u00fck a csal\u00e1dnak, illyenek: M\u00e1ria, Sz\u00e1va G\u00e1born\u00e9 (1770. k\u00f6r\u00fcl); Anna, M\u00e1riaffy Lajosn\u00e9; M\u00e1ria, Maksay G\u00e1born\u00e9, Sz\u00e1szn\u00e1doson birtokos; Anna, B\u00f3\u00e9r Ferencn\u00e9 Mikefalv\u00e1n birtokos. <br \/><strong>Irod.:<\/strong> Nagy Iv\u00e1n; P\u00e1lmay.<\/br><\/p>\n","protected":false},"excerpt":{"rendered":"<p>Marossz\u00e9k nemes csal\u00e1djainak egyike. Sz. J\u00e1nos, mint primor lustr\u00e1lt Szentront\u00e1sr\u00f3l (1614). M\u00e1r a XVII. sz\u00e1zad elej\u00e9n e helyr\u0151l \u00edrta el\u0151nev\u00e9t, mely n\u00e9ha szent-ront\u00e1si (jobban szent-Tront\u00e1si (azaz S. Trinitas) alakban fordul el\u0151. K\u00f6z\u00fcl\u00fck Krist\u00f3f kir. p\u00e9nzt\u00e1rnok K\u00fck\u00fcll\u0151 megy\u00e9ben (1771), t\u00e1blai sz\u00e1mf\u00f6l\u00f6tti \u00fcln\u00f6k (1784); P\u00e9ter (1771-ben) val\u00f3s\u00e1gos, Ferenc sz\u00e1mf\u00f6l\u00f6tti \u00fcln\u00f6k Marossz\u00e9kben; Elek kir. t\u00e1blai val. \u00fcln\u00f6k (1784); [&hellip;]<\/p>\n","protected":false},"featured_media":0,"comment_status":"open","ping_status":"closed","template":"","meta":[],"product_brand":[],"product_cat":[137],"product_tag":[],"class_list":{"0":"post-22194","1":"product","2":"type-product","3":"status-publish","5":"product_cat-maros-megyei-eletrajzi-lexikon","7":"first","8":"instock","9":"shipping-taxable","10":"product-type-simple"},"_links":{"self":[{"href":"https:\/\/uj.adatbank.ro\/lexikon\/wp-json\/wp\/v2\/product\/22194","targetHints":{"allow":["GET"]}}],"collection":[{"href":"https:\/\/uj.adatbank.ro\/lexikon\/wp-json\/wp\/v2\/product"}],"about":[{"href":"https:\/\/uj.adatbank.ro\/lexikon\/wp-json\/wp\/v2\/types\/product"}],"replies":[{"embeddable":true,"href":"https:\/\/uj.adatbank.ro\/lexikon\/wp-json\/wp\/v2\/comments?post=22194"}],"wp:attachment":[{"href":"https:\/\/uj.adatbank.ro\/lexikon\/wp-json\/wp\/v2\/media?parent=22194"}],"wp:term":[{"taxonomy":"product_brand","embeddable":true,"href":"https:\/\/uj.adatbank.ro\/lexikon\/wp-json\/wp\/v2\/product_brand?post=22194"},{"taxonomy":"product_cat","embeddable":true,"href":"https:\/\/uj.adatbank.ro\/lexikon\/wp-json\/wp\/v2\/product_cat?post=22194"},{"taxonomy":"product_tag","embeddable":true,"href":"https:\/\/uj.adatbank.ro\/lexikon\/wp-json\/wp\/v2\/product_tag?post=22194"}],"curies":[{"name":"wp","href":"https:\/\/api.w.org\/{rel}","templated":true}]}}