{"id":2220,"date":"2025-06-28T12:07:24","date_gmt":"2025-06-28T10:07:24","guid":{"rendered":"https:\/\/uj.adatbank.ro\/lexikon\/termek\/banffy-zsuzsanna-bethleni-bethlen-adamne\/"},"modified":"2025-06-28T12:07:24","modified_gmt":"2025-06-28T10:07:24","slug":"banffy-zsuzsanna-bethleni-bethlen-adamne","status":"publish","type":"product","link":"https:\/\/uj.adatbank.ro\/lexikon\/termek\/banffy-zsuzsanna-bethleni-bethlen-adamne\/","title":{"rendered":"B\u00c1NFFY Zsuzsanna, bethleni Bethlen \u00c1d\u00e1mn\u00e9"},"content":{"rendered":"<p>? \u2020 1794. dec. 25: adom\u00e1nyoz\u00f3. \u2013 B\u00e1nffy Farkas, losonci br. (1700\u20131761) \u00e9s csengerbagosi Bagossy Erzs\u00e9bet (?\u20131753) le\u00e1nya. Testv\u00e9re: B. Farkas (1794. dec.). F\u00e9rje: ifj. gr. Bethlen \u00c1d\u00e1m ezredes (1719. aug. 1., \u2020 Kv., 1772.). \u2013 Nagyteremi ref. egyh\u00e1zk\u00f6zs\u00e9g\u00e9nek ez\u00fcst keny\u00e9roszt\u00f3 t\u00e1lat \u00e9s v\u00e1szonabroszt aj\u00e1nd\u00e9kozott (1769\u201377). <br \/><strong>Irod.:<\/strong> Bir\u00f3 J\u00f3zsef. A bonchidai B\u00e1nffy-kast\u00e9ly csal\u00e1di arck\u00e9pei = Lyka eml\u00e9kk.; K\u00fck\u00fcll\u0151i Ref. Egyh\u00e1zm. 4.; Lev\u00e9lt\u00e1ri gy\u00e1szj.<\/br><\/p>\n","protected":false},"excerpt":{"rendered":"<p>? \u2020 1794. dec. 25: adom\u00e1nyoz\u00f3. \u2013 B\u00e1nffy Farkas, losonci br. (1700\u20131761) \u00e9s csengerbagosi Bagossy Erzs\u00e9bet (?\u20131753) le\u00e1nya. Testv\u00e9re: B. Farkas (1794. dec.). F\u00e9rje: ifj. gr. Bethlen \u00c1d\u00e1m ezredes (1719. aug. 1., \u2020 Kv., 1772.). \u2013 Nagyteremi ref. egyh\u00e1zk\u00f6zs\u00e9g\u00e9nek ez\u00fcst keny\u00e9roszt\u00f3 t\u00e1lat \u00e9s v\u00e1szonabroszt aj\u00e1nd\u00e9kozott (1769\u201377). Irod.: Bir\u00f3 J\u00f3zsef. A bonchidai B\u00e1nffy-kast\u00e9ly csal\u00e1di arck\u00e9pei = [&hellip;]<\/p>\n","protected":false},"featured_media":0,"comment_status":"open","ping_status":"closed","template":"","meta":[],"product_brand":[],"product_cat":[137],"product_tag":[],"class_list":{"0":"post-2220","1":"product","2":"type-product","3":"status-publish","5":"product_cat-maros-megyei-eletrajzi-lexikon","7":"first","8":"instock","9":"shipping-taxable","10":"product-type-simple"},"_links":{"self":[{"href":"https:\/\/uj.adatbank.ro\/lexikon\/wp-json\/wp\/v2\/product\/2220","targetHints":{"allow":["GET"]}}],"collection":[{"href":"https:\/\/uj.adatbank.ro\/lexikon\/wp-json\/wp\/v2\/product"}],"about":[{"href":"https:\/\/uj.adatbank.ro\/lexikon\/wp-json\/wp\/v2\/types\/product"}],"replies":[{"embeddable":true,"href":"https:\/\/uj.adatbank.ro\/lexikon\/wp-json\/wp\/v2\/comments?post=2220"}],"wp:attachment":[{"href":"https:\/\/uj.adatbank.ro\/lexikon\/wp-json\/wp\/v2\/media?parent=2220"}],"wp:term":[{"taxonomy":"product_brand","embeddable":true,"href":"https:\/\/uj.adatbank.ro\/lexikon\/wp-json\/wp\/v2\/product_brand?post=2220"},{"taxonomy":"product_cat","embeddable":true,"href":"https:\/\/uj.adatbank.ro\/lexikon\/wp-json\/wp\/v2\/product_cat?post=2220"},{"taxonomy":"product_tag","embeddable":true,"href":"https:\/\/uj.adatbank.ro\/lexikon\/wp-json\/wp\/v2\/product_tag?post=2220"}],"curies":[{"name":"wp","href":"https:\/\/api.w.org\/{rel}","templated":true}]}}