{"id":22204,"date":"2025-07-22T19:52:45","date_gmt":"2025-07-22T17:52:45","guid":{"rendered":"https:\/\/uj.adatbank.ro\/lexikon\/termek\/szeredai-domokos-szeredai-dominicus\/"},"modified":"2025-07-22T19:52:45","modified_gmt":"2025-07-22T17:52:45","slug":"szeredai-domokos-szeredai-dominicus","status":"publish","type":"product","link":"https:\/\/uj.adatbank.ro\/lexikon\/termek\/szeredai-domokos-szeredai-dominicus\/","title":{"rendered":"SZEREDAI Domokos, Szeredai Dominicus"},"content":{"rendered":"<p>Mikefalva, 1740. nov. 18., \u2020 1799. jan. 19.: teol\u00f3giai doktor, t\u00e1blai prel\u00e1tus. \u2013 A Kv.-on a Jezsuita Gimn. \u00e9s Akad. \u2013 \u00e1n (1755\u201358) tanult. Bel\u00e9pett a J\u00e9zus-t\u00e1rsas\u00e1gi rendbe \u00e9s Domonkos nevet vett fel (1758. okt. 18). Kass\u00e1n (1763\u201364) \u00e9s Nagyszombaton (1769\u201372) tanult. A pr\u00f3ba\u00e9vet Kv.-on t\u00f6lt\u00f6tte; ott szentelt\u00e9k fel (1773). Nagyb\u00e1ny\u00e1n a humani\u00f3r\u00e1k oszt\u00e1ly\u00e1ban tan\u00edtott. Szerzetes Mikefalv\u00e1n (1782). A rend elt\u00f6r\u00f6ltet\u00e9se ut\u00e1n vil\u00e1gi pap lett. Gyufeh\u00e9rv\u00e1ri kanonok \u00e9s nagypr\u00e9post, p\u00e1pai prel\u00e1tus (1791\u201394). A Comissio Litteraria kinevezte a mv.-i gimn. director\u00e1nak, papneveldei igazgat\u00f3 (1782); k\u00fck\u00fcll\u0151i f\u0151esperes (1796). Az erd\u00e9lyi Kir\u00e1lyi T\u00e1bla eln\u00f6ke volt, primarius assessor \u00e9s prelatus. \u2013 <strong>F. m.<\/strong>: Josephi e com. Battyan&#8230; Tripartita praxis judiciaria sacrorum in Ungaria, &#038; Transilvania tribunalium&#8230;collecta et in hanc methodum redacta. (Typis conventus Csikiensis, 1760.); Series antiquorum, et recentiorum episcoporum Transilvania. (Albae-Carolinae, 1790.); Notitia veteris et novi capituli ecclesiae Albensis Transilvaniae, ex antiqui ac recentioris literarum monumentis eruta. Albae Carolinae, 1791.); Collectio continens tabulas vetustorum ac recentiorum monumentorum, quae in templo Alba-olim Juliensi, nunc Carolinensi in Transilvania sunt, fueruntque locata. (Albae Carolina, 1791.); Szent \u00edr\u00e1sbeli dolgokr\u00f3l val\u00f3 besz\u00e9lget\u00e9sek, mellyeket Kalmet \u00c1gostonnak&#8230; b\u00f6lts vet\u00e9lked\u0151 \u00edr\u00e1sib\u00f3l r\u00f6vid summ\u00e1ban szedett, s bots\u00e1tott ki magyar nyelven. (Pozsony, 1791). K\u00e9t k\u00f6tet. <br \/><strong>Irod.:<\/strong> Aranka,; Benk\u0151; Ferenczi S\u00e1ndor 2009; Jezsuita \u00e9vk.; M\u0171vt\u00f6rt. T. 1979; Orb\u00e1n J\u00e1nos: T\u00e1blab\u00edr\u00e1k, f\u0151nemesek, pall\u00e9rok \u00e9s h\u00e1zak: V\u00e1rosk\u00e9p \u00e9s t\u00e1rsadalom v\u00e1ltoz\u00e1sai Mv.-en a Kir\u00e1lyi T\u00e1bla bek\u00f6lt\u00f6z\u00e9se ut\u00e1n [1754] = K\u00f6nyvek \u00e1ltal \u2026; Nagy Iv\u00e1n; P\u00e1l-Antal; P\u00e1lmay; Szinnyei; Temesv\u00e1ry.<\/br><\/p>\n","protected":false},"excerpt":{"rendered":"<p>Mikefalva, 1740. nov. 18., \u2020 1799. jan. 19.: teol\u00f3giai doktor, t\u00e1blai prel\u00e1tus. \u2013 A Kv.-on a Jezsuita Gimn. \u00e9s Akad. \u2013 \u00e1n (1755\u201358) tanult. Bel\u00e9pett a J\u00e9zus-t\u00e1rsas\u00e1gi rendbe \u00e9s Domonkos nevet vett fel (1758. okt. 18). Kass\u00e1n (1763\u201364) \u00e9s Nagyszombaton (1769\u201372) tanult. A pr\u00f3ba\u00e9vet Kv.-on t\u00f6lt\u00f6tte; ott szentelt\u00e9k fel (1773). Nagyb\u00e1ny\u00e1n a humani\u00f3r\u00e1k oszt\u00e1ly\u00e1ban tan\u00edtott. [&hellip;]<\/p>\n","protected":false},"featured_media":0,"comment_status":"open","ping_status":"closed","template":"","meta":[],"product_brand":[],"product_cat":[137],"product_tag":[],"class_list":{"0":"post-22204","1":"product","2":"type-product","3":"status-publish","5":"product_cat-maros-megyei-eletrajzi-lexikon","7":"first","8":"instock","9":"shipping-taxable","10":"product-type-simple"},"_links":{"self":[{"href":"https:\/\/uj.adatbank.ro\/lexikon\/wp-json\/wp\/v2\/product\/22204","targetHints":{"allow":["GET"]}}],"collection":[{"href":"https:\/\/uj.adatbank.ro\/lexikon\/wp-json\/wp\/v2\/product"}],"about":[{"href":"https:\/\/uj.adatbank.ro\/lexikon\/wp-json\/wp\/v2\/types\/product"}],"replies":[{"embeddable":true,"href":"https:\/\/uj.adatbank.ro\/lexikon\/wp-json\/wp\/v2\/comments?post=22204"}],"wp:attachment":[{"href":"https:\/\/uj.adatbank.ro\/lexikon\/wp-json\/wp\/v2\/media?parent=22204"}],"wp:term":[{"taxonomy":"product_brand","embeddable":true,"href":"https:\/\/uj.adatbank.ro\/lexikon\/wp-json\/wp\/v2\/product_brand?post=22204"},{"taxonomy":"product_cat","embeddable":true,"href":"https:\/\/uj.adatbank.ro\/lexikon\/wp-json\/wp\/v2\/product_cat?post=22204"},{"taxonomy":"product_tag","embeddable":true,"href":"https:\/\/uj.adatbank.ro\/lexikon\/wp-json\/wp\/v2\/product_tag?post=22204"}],"curies":[{"name":"wp","href":"https:\/\/api.w.org\/{rel}","templated":true}]}}